{"id":158,"date":"2017-08-07T10:54:50","date_gmt":"2017-08-07T08:54:50","guid":{"rendered":"https:\/\/www.vyprachticky.cz\/?page_id=158"},"modified":"2019-01-04T15:53:09","modified_gmt":"2019-01-04T14:53:09","slug":"home","status":"publish","type":"page","link":"https:\/\/www.vyprachticky.cz\/de\/","title":{"rendered":"Einlentung"},"content":{"rendered":"<h1>V\u00ddPRACHTICK\u00dd s.r.o. <small>&#8211; Maschinenbau-und Schlossereiproduktion<\/small><\/h1>\n<p class=\"odstavecUvodnik\">Die Schl\u00fcsseldienstleistungen unserer Firma sind die <strong>Maschinenbauproduktion aus d\u00fcnnen Blechen<\/strong> und die <strong>Herstellung von Stahlbauten<\/strong> und Schlosser-Bauelementen.<\/p>\n<p><a href=\"https:\/\/www.vyprachticky.cz\/de\/maschinenbauproduktion\/\" title=\"Maschinenbauproduktion\">Herstellung von Produkten aus d\u00fcnnen Blechen<\/a> umfasst alle T\u00e4tigkeiten von Teilen, Pressen bis auf das Finalprodukt. Wir sind Herstellen von Revisions- und Brandschutzt\u00fcren, von T\u00fcren von Gas-Hauptsperrventile und von Schaltschr\u00e4nken aus Blech.<\/p>\n<p><a href=\"https:\/\/www.vyprachticky.cz\/de\/schlossereiproduktion\/\" title=\"Schlossereiproduktion\">Herstellung von Stahlbauten und Schlosser-Bauelementen<\/a> nach bereitgestelltem Projekt. Es handelt sich um Konstruktionen von Stahlhallen, Stahltreppen und Gel\u00e4nder, Tore und weiterer Konstruktionselemente.<\/p>\n<div id=\"black-studio-tinymce-8\" class=\"extendedwopts-hide extendedwopts-mobile widget widget_black_studio_tinymce amr_widget\"><div class=\"textwidget\"><div id=\"myCarousel\" class=\"carousel slide\" data-ride=\"carousel\">\r\n        <!-- Carousel indicators -->\r\n        <ol class=\"carousel-indicators\">\r\n            <li data-target=\"#myCarousel\" data-slide-to=\"0\" class=\"active\"><\/li>\r\n            <li data-target=\"#myCarousel\" data-slide-to=\"1\"><\/li>\r\n            <li data-target=\"#myCarousel\" data-slide-to=\"2\"><\/li>\r\n            <li data-target=\"#myCarousel\" data-slide-to=\"3\"><\/li>\r\n        <\/ol>   \r\n        <!-- Wrapper for carousel items -->\r\n        <div class=\"carousel-inner\">\r\n            <div class=\"item active\">\r\n<img loading=\"lazy\" decoding=\"async\" class=\"center-block\" src=\"https:\/\/www.vyprachticky.cz\/wp-content\/uploads\/2017\/08\/slideshow01.jpg\" alt=\"slideshow01\" width=\"847\" height=\"200\" class=\"size-full wp-image-152\" srcset=\"https:\/\/www.vyprachticky.cz\/wp-content\/uploads\/2017\/08\/slideshow01.jpg 847w, https:\/\/www.vyprachticky.cz\/wp-content\/uploads\/2017\/08\/slideshow01-300x71.jpg 300w, https:\/\/www.vyprachticky.cz\/wp-content\/uploads\/2017\/08\/slideshow01-768x181.jpg 768w\" sizes=\"auto, (max-width: 847px) 100vw, 847px\" \/>\r\n            <\/div>\r\n            <div class=\"item\">\r\n<img loading=\"lazy\" decoding=\"async\" class=\"center-block\" src=\"https:\/\/www.vyprachticky.cz\/wp-content\/uploads\/2017\/08\/slideshow02.jpg\" alt=\"slideshow02\" width=\"847\" height=\"200\" class=\"size-full wp-image-151\" srcset=\"https:\/\/www.vyprachticky.cz\/wp-content\/uploads\/2017\/08\/slideshow02.jpg 847w, https:\/\/www.vyprachticky.cz\/wp-content\/uploads\/2017\/08\/slideshow02-300x71.jpg 300w, https:\/\/www.vyprachticky.cz\/wp-content\/uploads\/2017\/08\/slideshow02-768x181.jpg 768w\" sizes=\"auto, (max-width: 847px) 100vw, 847px\" \/>\r\n            <\/div>\r\n            <div class=\"item\">\r\n <img loading=\"lazy\" decoding=\"async\" class=\"center-block\" src=\"https:\/\/www.vyprachticky.cz\/wp-content\/uploads\/2017\/08\/slideshow03.jpg\" alt=\"slideshow03\" width=\"847\" height=\"200\" class=\"alignnone size-full wp-image-150\" srcset=\"https:\/\/www.vyprachticky.cz\/wp-content\/uploads\/2017\/08\/slideshow03.jpg 847w, https:\/\/www.vyprachticky.cz\/wp-content\/uploads\/2017\/08\/slideshow03-300x71.jpg 300w, https:\/\/www.vyprachticky.cz\/wp-content\/uploads\/2017\/08\/slideshow03-768x181.jpg 768w\" sizes=\"auto, (max-width: 847px) 100vw, 847px\" \/>\r\n            <\/div>\r\n<div class=\"item\">\r\n                <img loading=\"lazy\" decoding=\"async\" class=\"center-block\" src=\"https:\/\/www.vyprachticky.cz\/wp-content\/uploads\/2017\/08\/slideshow04.jpg\" alt=\"slideshow04\" width=\"847\" height=\"200\" class=\"alignnone size-full wp-image-149\" srcset=\"https:\/\/www.vyprachticky.cz\/wp-content\/uploads\/2017\/08\/slideshow04.jpg 847w, https:\/\/www.vyprachticky.cz\/wp-content\/uploads\/2017\/08\/slideshow04-300x71.jpg 300w, https:\/\/www.vyprachticky.cz\/wp-content\/uploads\/2017\/08\/slideshow04-768x181.jpg 768w\" sizes=\"auto, (max-width: 847px) 100vw, 847px\" \/>\r\n            <\/div>\r\n        <\/div>\r\n        <!-- Carousel controls -->\r\n        <a class=\"carousel-control left\" href=\"#myCarousel\" data-slide=\"prev\">\r\n            <span class=\"glyphicon glyphicon-chevron-left\"><\/span>\r\n        <\/a>\r\n        <a class=\"carousel-control right\" href=\"#myCarousel\" data-slide=\"next\">\r\n            <span class=\"glyphicon glyphicon-chevron-right\"><\/span>\r\n        <\/a>\r\n    <\/div><\/div><\/div>\n<h2>Qualit\u00e4t und Genauigkeit<\/h2>\n<p>F\u00fcr unsere Kunden stellen wir Komponente mit <strong>hohen Qualit\u00e4ts-und Genauigkeitsanspr\u00fcchen<\/strong> her. Wir bem\u00fchen uns, sich an individuelle W\u00fcnsche der Kunden anzupassen, wir sorgen f\u00fcr den Transport und die Montage von unseren Erzeugnissen.<\/p>\n<p class=\"odstavecDulezite\">Unsere Firma verf\u00fcgt \u00fcber Zertifikate nach <strong>\u010cSN EN ISO 9001:2009<\/strong> m Bereich QMS, weiter nach <strong>\u010cSN EN 1090<\/strong> und <strong>\u010cSN EN ISO 3834<\/strong> im Bereich Schwei\u00dfen und Lieferungen von Stahlbauten. Mehr dazu auf <a href=\"https:\/\/www.vyprachticky.cz\/de\/zertifikate-und-dokumente\/\">Zertifikate und Dokumente<\/a>.<\/p>\n","protected":false},"excerpt":{"rendered":"<p>V\u00ddPRACHTICK\u00dd s.r.o. &#8211; Maschinenbau-und Schlossereiproduktion Die Schl\u00fcsseldienstleistungen unserer Firma sind die Maschinenbauproduktion aus d\u00fcnnen Blechen und die Herstellung von Stahlbauten und Schlosser-Bauelementen. Herstellung von Produkten aus d\u00fcnnen Blechen umfasst alle T\u00e4tigkeiten von Teilen, Pressen bis auf das Finalprodukt. Wir sind Herstellen von Revisions- und Brandschutzt\u00fcren, von T\u00fcren von Gas-Hauptsperrventile und von Schaltschr\u00e4nken aus Blech. Herstellung &hellip;<\/p>\n","protected":false},"author":1,"featured_media":0,"parent":0,"menu_order":0,"comment_status":"closed","ping_status":"closed","template":"","meta":{"footnotes":""},"class_list":["post-158","page","type-page","status-publish","hentry"],"yoast_head":"<!-- This site is optimized with the Yoast SEO plugin v27.6 - https:\/\/yoast.com\/product\/yoast-seo-wordpress\/ -->\n<title>Einlentung - V\u00ddPRACHTICK\u00dd s.r.o.<\/title>\n<meta name=\"description\" content=\"V\u00ddPRACHTICK\u00dd s.r.o. - Maschinenbau-und Schlossereiproduktion Die Schl\u00fcsseldienstleistungen unserer Firma sind die Maschinenbauproduktion aus d\u00fcnnen\" \/>\n<meta name=\"robots\" content=\"index, follow, max-snippet:-1, max-image-preview:large, max-video-preview:-1\" \/>\n<link rel=\"canonical\" href=\"https:\/\/www.vyprachticky.cz\/de\/\" \/>\n<meta property=\"og:locale\" content=\"de_DE\" \/>\n<meta property=\"og:type\" content=\"article\" \/>\n<meta property=\"og:title\" content=\"Einlentung - V\u00ddPRACHTICK\u00dd s.r.o.\" \/>\n<meta property=\"og:description\" content=\"V\u00ddPRACHTICK\u00dd s.r.o. - Maschinenbau-und Schlossereiproduktion Die Schl\u00fcsseldienstleistungen unserer Firma sind die Maschinenbauproduktion aus d\u00fcnnen\" \/>\n<meta property=\"og:url\" content=\"https:\/\/www.vyprachticky.cz\/de\/\" \/>\n<meta property=\"og:site_name\" content=\"V\u00ddPRACHTICK\u00dd s.r.o.\" \/>\n<meta property=\"article:modified_time\" content=\"2019-01-04T14:53:09+00:00\" \/>\n<meta name=\"twitter:card\" content=\"summary_large_image\" \/>\n<meta name=\"twitter:label1\" content=\"Gesch\u00e4tzte Lesezeit\" \/>\n\t<meta name=\"twitter:data1\" content=\"1\u00a0Minute\" \/>\n<script type=\"application\/ld+json\" class=\"yoast-schema-graph\">{\"@context\":\"https:\\\/\\\/schema.org\",\"@graph\":[{\"@type\":\"WebPage\",\"@id\":\"https:\\\/\\\/www.vyprachticky.cz\\\/de\\\/\",\"url\":\"https:\\\/\\\/www.vyprachticky.cz\\\/de\\\/\",\"name\":\"Einlentung - V\u00ddPRACHTICK\u00dd s.r.o.\",\"isPartOf\":{\"@id\":\"https:\\\/\\\/www.vyprachticky.cz\\\/#website\"},\"datePublished\":\"2017-08-07T08:54:50+00:00\",\"dateModified\":\"2019-01-04T14:53:09+00:00\",\"description\":\"V\u00ddPRACHTICK\u00dd s.r.o. - Maschinenbau-und Schlossereiproduktion Die Schl\u00fcsseldienstleistungen unserer Firma sind die Maschinenbauproduktion aus d\u00fcnnen\",\"breadcrumb\":{\"@id\":\"https:\\\/\\\/www.vyprachticky.cz\\\/de\\\/#breadcrumb\"},\"inLanguage\":\"de\",\"potentialAction\":[{\"@type\":\"ReadAction\",\"target\":[\"https:\\\/\\\/www.vyprachticky.cz\\\/de\\\/\"]}]},{\"@type\":\"BreadcrumbList\",\"@id\":\"https:\\\/\\\/www.vyprachticky.cz\\\/de\\\/#breadcrumb\",\"itemListElement\":[{\"@type\":\"ListItem\",\"position\":1,\"name\":\"\",\"item\":\"https:\\\/\\\/www.vyprachticky.cz\\\/de\\\/\"},{\"@type\":\"ListItem\",\"position\":2,\"name\":\"Einlentung\"}]},{\"@type\":\"WebSite\",\"@id\":\"https:\\\/\\\/www.vyprachticky.cz\\\/#website\",\"url\":\"https:\\\/\\\/www.vyprachticky.cz\\\/\",\"name\":\"V\u00ddPRACHTICK\u00dd s.r.o.\",\"description\":\"Stroj\u00edrensk\u00e1 a z\u00e1me\u010dnick\u00e1 v\u00fdroba\",\"publisher\":{\"@id\":\"https:\\\/\\\/www.vyprachticky.cz\\\/#organization\"},\"potentialAction\":[{\"@type\":\"SearchAction\",\"target\":{\"@type\":\"EntryPoint\",\"urlTemplate\":\"https:\\\/\\\/www.vyprachticky.cz\\\/?s={search_term_string}\"},\"query-input\":{\"@type\":\"PropertyValueSpecification\",\"valueRequired\":true,\"valueName\":\"search_term_string\"}}],\"inLanguage\":\"de\"},{\"@type\":\"Organization\",\"@id\":\"https:\\\/\\\/www.vyprachticky.cz\\\/#organization\",\"name\":\"V\u00ddPRACHTICK\u00dd s.r.o.\",\"url\":\"https:\\\/\\\/www.vyprachticky.cz\\\/\",\"logo\":{\"@type\":\"ImageObject\",\"inLanguage\":\"de\",\"@id\":\"https:\\\/\\\/www.vyprachticky.cz\\\/#\\\/schema\\\/logo\\\/image\\\/\",\"url\":\"https:\\\/\\\/www.vyprachticky.cz\\\/wp-content\\\/uploads\\\/2016\\\/12\\\/logo-fb.png\",\"contentUrl\":\"https:\\\/\\\/www.vyprachticky.cz\\\/wp-content\\\/uploads\\\/2016\\\/12\\\/logo-fb.png\",\"width\":800,\"height\":420,\"caption\":\"V\u00ddPRACHTICK\u00dd s.r.o.\"},\"image\":{\"@id\":\"https:\\\/\\\/www.vyprachticky.cz\\\/#\\\/schema\\\/logo\\\/image\\\/\"}}]}<\/script>\n<!-- \/ Yoast SEO plugin. -->","yoast_head_json":{"title":"Einlentung - V\u00ddPRACHTICK\u00dd s.r.o.","description":"V\u00ddPRACHTICK\u00dd s.r.o. - Maschinenbau-und Schlossereiproduktion Die Schl\u00fcsseldienstleistungen unserer Firma sind die Maschinenbauproduktion aus d\u00fcnnen","robots":{"index":"index","follow":"follow","max-snippet":"max-snippet:-1","max-image-preview":"max-image-preview:large","max-video-preview":"max-video-preview:-1"},"canonical":"https:\/\/www.vyprachticky.cz\/de\/","og_locale":"de_DE","og_type":"article","og_title":"Einlentung - V\u00ddPRACHTICK\u00dd s.r.o.","og_description":"V\u00ddPRACHTICK\u00dd s.r.o. - Maschinenbau-und Schlossereiproduktion Die Schl\u00fcsseldienstleistungen unserer Firma sind die Maschinenbauproduktion aus d\u00fcnnen","og_url":"https:\/\/www.vyprachticky.cz\/de\/","og_site_name":"V\u00ddPRACHTICK\u00dd s.r.o.","article_modified_time":"2019-01-04T14:53:09+00:00","twitter_card":"summary_large_image","twitter_misc":{"Gesch\u00e4tzte Lesezeit":"1\u00a0Minute"},"schema":{"@context":"https:\/\/schema.org","@graph":[{"@type":"WebPage","@id":"https:\/\/www.vyprachticky.cz\/de\/","url":"https:\/\/www.vyprachticky.cz\/de\/","name":"Einlentung - V\u00ddPRACHTICK\u00dd s.r.o.","isPartOf":{"@id":"https:\/\/www.vyprachticky.cz\/#website"},"datePublished":"2017-08-07T08:54:50+00:00","dateModified":"2019-01-04T14:53:09+00:00","description":"V\u00ddPRACHTICK\u00dd s.r.o. - Maschinenbau-und Schlossereiproduktion Die Schl\u00fcsseldienstleistungen unserer Firma sind die Maschinenbauproduktion aus d\u00fcnnen","breadcrumb":{"@id":"https:\/\/www.vyprachticky.cz\/de\/#breadcrumb"},"inLanguage":"de","potentialAction":[{"@type":"ReadAction","target":["https:\/\/www.vyprachticky.cz\/de\/"]}]},{"@type":"BreadcrumbList","@id":"https:\/\/www.vyprachticky.cz\/de\/#breadcrumb","itemListElement":[{"@type":"ListItem","position":1,"name":"","item":"https:\/\/www.vyprachticky.cz\/de\/"},{"@type":"ListItem","position":2,"name":"Einlentung"}]},{"@type":"WebSite","@id":"https:\/\/www.vyprachticky.cz\/#website","url":"https:\/\/www.vyprachticky.cz\/","name":"V\u00ddPRACHTICK\u00dd s.r.o.","description":"Stroj\u00edrensk\u00e1 a z\u00e1me\u010dnick\u00e1 v\u00fdroba","publisher":{"@id":"https:\/\/www.vyprachticky.cz\/#organization"},"potentialAction":[{"@type":"SearchAction","target":{"@type":"EntryPoint","urlTemplate":"https:\/\/www.vyprachticky.cz\/?s={search_term_string}"},"query-input":{"@type":"PropertyValueSpecification","valueRequired":true,"valueName":"search_term_string"}}],"inLanguage":"de"},{"@type":"Organization","@id":"https:\/\/www.vyprachticky.cz\/#organization","name":"V\u00ddPRACHTICK\u00dd s.r.o.","url":"https:\/\/www.vyprachticky.cz\/","logo":{"@type":"ImageObject","inLanguage":"de","@id":"https:\/\/www.vyprachticky.cz\/#\/schema\/logo\/image\/","url":"https:\/\/www.vyprachticky.cz\/wp-content\/uploads\/2016\/12\/logo-fb.png","contentUrl":"https:\/\/www.vyprachticky.cz\/wp-content\/uploads\/2016\/12\/logo-fb.png","width":800,"height":420,"caption":"V\u00ddPRACHTICK\u00dd s.r.o."},"image":{"@id":"https:\/\/www.vyprachticky.cz\/#\/schema\/logo\/image\/"}}]}},"_links":{"self":[{"href":"https:\/\/www.vyprachticky.cz\/de\/wp-json\/wp\/v2\/pages\/158","targetHints":{"allow":["GET"]}}],"collection":[{"href":"https:\/\/www.vyprachticky.cz\/de\/wp-json\/wp\/v2\/pages"}],"about":[{"href":"https:\/\/www.vyprachticky.cz\/de\/wp-json\/wp\/v2\/types\/page"}],"author":[{"embeddable":true,"href":"https:\/\/www.vyprachticky.cz\/de\/wp-json\/wp\/v2\/users\/1"}],"replies":[{"embeddable":true,"href":"https:\/\/www.vyprachticky.cz\/de\/wp-json\/wp\/v2\/comments?post=158"}],"version-history":[{"count":5,"href":"https:\/\/www.vyprachticky.cz\/de\/wp-json\/wp\/v2\/pages\/158\/revisions"}],"predecessor-version":[{"id":1024,"href":"https:\/\/www.vyprachticky.cz\/de\/wp-json\/wp\/v2\/pages\/158\/revisions\/1024"}],"wp:attachment":[{"href":"https:\/\/www.vyprachticky.cz\/de\/wp-json\/wp\/v2\/media?parent=158"}],"curies":[{"name":"wp","href":"https:\/\/api.w.org\/{rel}","templated":true}]}}