{"id":369,"date":"2017-08-11T12:07:00","date_gmt":"2017-08-11T10:07:00","guid":{"rendered":"https:\/\/www.vyprachticky.cz\/?page_id=369\/"},"modified":"2018-08-22T13:19:29","modified_gmt":"2018-08-22T11:19:29","slug":"maschinenbauproduktion","status":"publish","type":"page","link":"https:\/\/www.vyprachticky.cz\/de\/maschinenbauproduktion\/","title":{"rendered":"Maschinenbauproduktion"},"content":{"rendered":"<ul class=\"rozcestnik-strojirenstvi\">\n<li><a id=\"laser\" title=\"Laser\" class=\"hvr-hang\" href=\"https:\/\/www.vyprachticky.cz\/de\/laser-de\/\">Laser<\/a><\/li>\n<li><a id=\"vysekavani\" class=\"hvr-hang\" title=\"Stanzen\" href=\"https:\/\/www.vyprachticky.cz\/de\/stanzen\/\">Stanzen<\/a><\/li>\n<li><a id=\"ohybani\" class=\"hvr-hang\" title=\"Biegung\" href=\"https:\/\/www.vyprachticky.cz\/de\/biegung\">Biegung<\/a><\/li>\n<li><a id=\"lisovani\" class=\"hvr-hang\" title=\"Pressen\" href=\"https:\/\/www.vyprachticky.cz\/de\/pressen\">Pressen<\/a><\/li>\n<li><a id=\"svarovani\" class=\"hvr-hang\" title=\"Schweissen\" href=\"https:\/\/www.vyprachticky.cz\/de\/schweissen\/\">Schweissen<\/a><\/li>\n<li><a id=\"lakovani\" class=\"hvr-hang\" title=\"Lackieren\" href=\"https:\/\/www.vyprachticky.cz\/de\/oberflaechenbeschichtungen\/\">Lackieren<\/a><\/li>\n<li><a id=\"kompletace\" class=\"hvr-hang\" title=\"Komplettierung\" href=\"https:\/\/www.vyprachticky.cz\/de\/komplettierung\/\">Komplettierung<\/a><\/li>\n<\/ul>\n<p class=\"odstavecUvodnik\">Wir besch\u00e4ftigen uns mit <strong>Kundenarbeit und Produktion von Kleinserien aus D\u00fcnnblechen<\/strong> f\u00fcr viele Kunden. Unsere Produkte erf\u00fcllen eine hohe Qualit\u00e4ts- und Genauigkeitsanspr\u00fcche, welche in Gesundheitstechnik und Automobilindustrie ihre Aufwendung finden.<\/p>\n<p>Unsere Kunden sind zum Beispiel LINET s.r.o., TOORS CZ s.r.o., Autosystem Climatronic und weitere.<\/p>\n<p>Wir zielen uns besonders auf <strong>Blechverarbeitung wie Teilen, Pressen, Stanzen oder Abkanten.<\/strong> Dazu wenden wir neue, hochgenaue CNC-Maschinen von den Firmen TRUMPF und SAFAN an, die uns erm\u00f6glichen, auch anspruchsvollen W\u00fcnschen unserer Kunden nachzukommen. Um Qualit\u00e4t und Produktionsgeschwindigkeit zu erreichen, entwerfen wir die Erzeugnisse in 3D mittels CAD Software Autodesk Inventor. Zur Steuerung der CNC-Maschinen verwenden wir die Software Radan RadPunch und RadBend, wo m\u00f6glich ist, die Produktion noch vor ihrem Start zu simulieren und so den Herstellungsfehlern vorzubeugen.<\/p>\n<p>Wir sind Herstellen von Revisions- und Brandschutzt\u00fcren, bestimmt f\u00fcr Zutritt in Revisionssch\u00e4chten der Verteiler, von T\u00fcren der Gas-Hauptsperrventile und von Schaltschr\u00e4nken aus Blech.<\/p>\n<p>Weiter erzeugen wir verschiedene Mastausf\u00fchrungen, Antennen- und SAT-Halterungen. Die komplette Auflistung ist in unserem E-Shop zu finden. Selbstverst\u00e4ndlich bieten wir auch atypische Ausf\u00fchrungen an.<\/p>\n<p>Unsere Kunden sind zum Beispiel<\/p>\n","protected":false},"excerpt":{"rendered":"<p>Laser Stanzen Biegung Pressen Schweissen Lackieren Komplettierung Wir besch\u00e4ftigen uns mit Kundenarbeit und Produktion von Kleinserien aus D\u00fcnnblechen f\u00fcr viele Kunden. Unsere Produkte erf\u00fcllen eine hohe Qualit\u00e4ts- und Genauigkeitsanspr\u00fcche, welche in Gesundheitstechnik und Automobilindustrie ihre Aufwendung finden. Unsere Kunden sind zum Beispiel LINET s.r.o., TOORS CZ s.r.o., Autosystem Climatronic und weitere. Wir zielen uns besonders &hellip;<\/p>\n","protected":false},"author":1,"featured_media":0,"parent":0,"menu_order":0,"comment_status":"closed","ping_status":"closed","template":"page-templates\/template-full-width.php","meta":{"footnotes":""},"class_list":["post-369","page","type-page","status-publish","hentry"],"yoast_head":"<!-- This site is optimized with the Yoast SEO plugin v26.9 - https:\/\/yoast.com\/product\/yoast-seo-wordpress\/ -->\n<title>Maschinenbauproduktion - V\u00ddPRACHTICK\u00dd s.r.o.<\/title>\n<meta name=\"description\" content=\"Laser Stanzen Biegung Pressen Schweissen Lackieren Komplettierung Wir besch\u00e4ftigen uns mit Kundenarbeit und Produktion von Kleinserien aus D\u00fcnnblechen f\u00fcr\" \/>\n<meta name=\"robots\" content=\"index, follow, max-snippet:-1, max-image-preview:large, max-video-preview:-1\" \/>\n<link rel=\"canonical\" href=\"https:\/\/www.vyprachticky.cz\/de\/maschinenbauproduktion\/\" \/>\n<meta property=\"og:locale\" content=\"de_DE\" \/>\n<meta property=\"og:type\" content=\"article\" \/>\n<meta property=\"og:title\" content=\"Maschinenbauproduktion - V\u00ddPRACHTICK\u00dd s.r.o.\" \/>\n<meta property=\"og:description\" content=\"Laser Stanzen Biegung Pressen Schweissen Lackieren Komplettierung Wir besch\u00e4ftigen uns mit Kundenarbeit und Produktion von Kleinserien aus D\u00fcnnblechen f\u00fcr\" \/>\n<meta property=\"og:url\" content=\"https:\/\/www.vyprachticky.cz\/de\/maschinenbauproduktion\/\" \/>\n<meta property=\"og:site_name\" content=\"V\u00ddPRACHTICK\u00dd s.r.o.\" \/>\n<meta property=\"article:modified_time\" content=\"2018-08-22T11:19:29+00:00\" \/>\n<meta name=\"twitter:card\" content=\"summary_large_image\" \/>\n<meta name=\"twitter:label1\" content=\"Gesch\u00e4tzte Lesezeit\" \/>\n\t<meta name=\"twitter:data1\" content=\"1\u00a0Minute\" \/>\n<script type=\"application\/ld+json\" class=\"yoast-schema-graph\">{\"@context\":\"https:\/\/schema.org\",\"@graph\":[{\"@type\":\"WebPage\",\"@id\":\"https:\/\/www.vyprachticky.cz\/de\/maschinenbauproduktion\/\",\"url\":\"https:\/\/www.vyprachticky.cz\/de\/maschinenbauproduktion\/\",\"name\":\"Maschinenbauproduktion - V\u00ddPRACHTICK\u00dd s.r.o.\",\"isPartOf\":{\"@id\":\"https:\/\/www.vyprachticky.cz\/#website\"},\"datePublished\":\"2017-08-11T10:07:00+00:00\",\"dateModified\":\"2018-08-22T11:19:29+00:00\",\"description\":\"Laser Stanzen Biegung Pressen Schweissen Lackieren Komplettierung Wir besch\u00e4ftigen uns mit Kundenarbeit und Produktion von Kleinserien aus D\u00fcnnblechen f\u00fcr\",\"breadcrumb\":{\"@id\":\"https:\/\/www.vyprachticky.cz\/de\/maschinenbauproduktion\/#breadcrumb\"},\"inLanguage\":\"de\",\"potentialAction\":[{\"@type\":\"ReadAction\",\"target\":[\"https:\/\/www.vyprachticky.cz\/de\/maschinenbauproduktion\/\"]}]},{\"@type\":\"BreadcrumbList\",\"@id\":\"https:\/\/www.vyprachticky.cz\/de\/maschinenbauproduktion\/#breadcrumb\",\"itemListElement\":[{\"@type\":\"ListItem\",\"position\":1,\"name\":\"\",\"item\":\"https:\/\/www.vyprachticky.cz\/de\/\"},{\"@type\":\"ListItem\",\"position\":2,\"name\":\"Maschinenbauproduktion\"}]},{\"@type\":\"WebSite\",\"@id\":\"https:\/\/www.vyprachticky.cz\/#website\",\"url\":\"https:\/\/www.vyprachticky.cz\/\",\"name\":\"V\u00ddPRACHTICK\u00dd s.r.o.\",\"description\":\"Stroj\u00edrensk\u00e1 a z\u00e1me\u010dnick\u00e1 v\u00fdroba\",\"publisher\":{\"@id\":\"https:\/\/www.vyprachticky.cz\/#organization\"},\"potentialAction\":[{\"@type\":\"SearchAction\",\"target\":{\"@type\":\"EntryPoint\",\"urlTemplate\":\"https:\/\/www.vyprachticky.cz\/?s={search_term_string}\"},\"query-input\":{\"@type\":\"PropertyValueSpecification\",\"valueRequired\":true,\"valueName\":\"search_term_string\"}}],\"inLanguage\":\"de\"},{\"@type\":\"Organization\",\"@id\":\"https:\/\/www.vyprachticky.cz\/#organization\",\"name\":\"V\u00ddPRACHTICK\u00dd s.r.o.\",\"url\":\"https:\/\/www.vyprachticky.cz\/\",\"logo\":{\"@type\":\"ImageObject\",\"inLanguage\":\"de\",\"@id\":\"https:\/\/www.vyprachticky.cz\/#\/schema\/logo\/image\/\",\"url\":\"https:\/\/www.vyprachticky.cz\/wp-content\/uploads\/2016\/12\/logo-fb.png\",\"contentUrl\":\"https:\/\/www.vyprachticky.cz\/wp-content\/uploads\/2016\/12\/logo-fb.png\",\"width\":800,\"height\":420,\"caption\":\"V\u00ddPRACHTICK\u00dd s.r.o.\"},\"image\":{\"@id\":\"https:\/\/www.vyprachticky.cz\/#\/schema\/logo\/image\/\"}}]}<\/script>\n<!-- \/ Yoast SEO plugin. -->","yoast_head_json":{"title":"Maschinenbauproduktion - V\u00ddPRACHTICK\u00dd s.r.o.","description":"Laser Stanzen Biegung Pressen Schweissen Lackieren Komplettierung Wir besch\u00e4ftigen uns mit Kundenarbeit und Produktion von Kleinserien aus D\u00fcnnblechen f\u00fcr","robots":{"index":"index","follow":"follow","max-snippet":"max-snippet:-1","max-image-preview":"max-image-preview:large","max-video-preview":"max-video-preview:-1"},"canonical":"https:\/\/www.vyprachticky.cz\/de\/maschinenbauproduktion\/","og_locale":"de_DE","og_type":"article","og_title":"Maschinenbauproduktion - V\u00ddPRACHTICK\u00dd s.r.o.","og_description":"Laser Stanzen Biegung Pressen Schweissen Lackieren Komplettierung Wir besch\u00e4ftigen uns mit Kundenarbeit und Produktion von Kleinserien aus D\u00fcnnblechen f\u00fcr","og_url":"https:\/\/www.vyprachticky.cz\/de\/maschinenbauproduktion\/","og_site_name":"V\u00ddPRACHTICK\u00dd s.r.o.","article_modified_time":"2018-08-22T11:19:29+00:00","twitter_card":"summary_large_image","twitter_misc":{"Gesch\u00e4tzte Lesezeit":"1\u00a0Minute"},"schema":{"@context":"https:\/\/schema.org","@graph":[{"@type":"WebPage","@id":"https:\/\/www.vyprachticky.cz\/de\/maschinenbauproduktion\/","url":"https:\/\/www.vyprachticky.cz\/de\/maschinenbauproduktion\/","name":"Maschinenbauproduktion - V\u00ddPRACHTICK\u00dd s.r.o.","isPartOf":{"@id":"https:\/\/www.vyprachticky.cz\/#website"},"datePublished":"2017-08-11T10:07:00+00:00","dateModified":"2018-08-22T11:19:29+00:00","description":"Laser Stanzen Biegung Pressen Schweissen Lackieren Komplettierung Wir besch\u00e4ftigen uns mit Kundenarbeit und Produktion von Kleinserien aus D\u00fcnnblechen f\u00fcr","breadcrumb":{"@id":"https:\/\/www.vyprachticky.cz\/de\/maschinenbauproduktion\/#breadcrumb"},"inLanguage":"de","potentialAction":[{"@type":"ReadAction","target":["https:\/\/www.vyprachticky.cz\/de\/maschinenbauproduktion\/"]}]},{"@type":"BreadcrumbList","@id":"https:\/\/www.vyprachticky.cz\/de\/maschinenbauproduktion\/#breadcrumb","itemListElement":[{"@type":"ListItem","position":1,"name":"","item":"https:\/\/www.vyprachticky.cz\/de\/"},{"@type":"ListItem","position":2,"name":"Maschinenbauproduktion"}]},{"@type":"WebSite","@id":"https:\/\/www.vyprachticky.cz\/#website","url":"https:\/\/www.vyprachticky.cz\/","name":"V\u00ddPRACHTICK\u00dd s.r.o.","description":"Stroj\u00edrensk\u00e1 a z\u00e1me\u010dnick\u00e1 v\u00fdroba","publisher":{"@id":"https:\/\/www.vyprachticky.cz\/#organization"},"potentialAction":[{"@type":"SearchAction","target":{"@type":"EntryPoint","urlTemplate":"https:\/\/www.vyprachticky.cz\/?s={search_term_string}"},"query-input":{"@type":"PropertyValueSpecification","valueRequired":true,"valueName":"search_term_string"}}],"inLanguage":"de"},{"@type":"Organization","@id":"https:\/\/www.vyprachticky.cz\/#organization","name":"V\u00ddPRACHTICK\u00dd s.r.o.","url":"https:\/\/www.vyprachticky.cz\/","logo":{"@type":"ImageObject","inLanguage":"de","@id":"https:\/\/www.vyprachticky.cz\/#\/schema\/logo\/image\/","url":"https:\/\/www.vyprachticky.cz\/wp-content\/uploads\/2016\/12\/logo-fb.png","contentUrl":"https:\/\/www.vyprachticky.cz\/wp-content\/uploads\/2016\/12\/logo-fb.png","width":800,"height":420,"caption":"V\u00ddPRACHTICK\u00dd s.r.o."},"image":{"@id":"https:\/\/www.vyprachticky.cz\/#\/schema\/logo\/image\/"}}]}},"_links":{"self":[{"href":"https:\/\/www.vyprachticky.cz\/de\/wp-json\/wp\/v2\/pages\/369","targetHints":{"allow":["GET"]}}],"collection":[{"href":"https:\/\/www.vyprachticky.cz\/de\/wp-json\/wp\/v2\/pages"}],"about":[{"href":"https:\/\/www.vyprachticky.cz\/de\/wp-json\/wp\/v2\/types\/page"}],"author":[{"embeddable":true,"href":"https:\/\/www.vyprachticky.cz\/de\/wp-json\/wp\/v2\/users\/1"}],"replies":[{"embeddable":true,"href":"https:\/\/www.vyprachticky.cz\/de\/wp-json\/wp\/v2\/comments?post=369"}],"version-history":[{"count":5,"href":"https:\/\/www.vyprachticky.cz\/de\/wp-json\/wp\/v2\/pages\/369\/revisions"}],"predecessor-version":[{"id":1000,"href":"https:\/\/www.vyprachticky.cz\/de\/wp-json\/wp\/v2\/pages\/369\/revisions\/1000"}],"wp:attachment":[{"href":"https:\/\/www.vyprachticky.cz\/de\/wp-json\/wp\/v2\/media?parent=369"}],"curies":[{"name":"wp","href":"https:\/\/api.w.org\/{rel}","templated":true}]}}