{"id":378,"date":"2017-08-11T12:09:31","date_gmt":"2017-08-11T10:09:31","guid":{"rendered":"https:\/\/www.vyprachticky.cz\/?page_id=378\/"},"modified":"2017-08-14T16:20:16","modified_gmt":"2017-08-14T14:20:16","slug":"stanzen-2","status":"publish","type":"page","link":"https:\/\/www.vyprachticky.cz\/de\/stanzen\/","title":{"rendered":"Stanzen"},"content":{"rendered":"<p class=\"odstavecUvodnik\"><strong>Ausstanzen\/Lochung<\/strong> ist eine gepr\u00fcfte Technilogie im Bereich <strong>Verarbeitung von d\u00fcnnen Blechen<\/strong>.<\/p>\n<p>Wir gebrauchen eine Stanzanlage <strong>Trumpf Trumatic 500R.<\/strong> Mit dieser Technologie k\u00f6nnen einfachere Formteile mit einer gro\u00dfen Menge von L\u00f6chern verarbeitet werden. Ein weiterer Vorteil ist die Formgebungsm\u00f6glichkeit direkt auf der Anlage in einer Stanzoperation. Die Anlage arbeitet mit Tafeln bis Gr\u00f6\u00dfe 2&nbsp;500 x 1&nbsp;250 mm und Dicke bis 6 mm (Stahlblech).<\/p>\n<div class=\"row\">\n<div class=\"col-sm-5\">\n\t<img loading=\"lazy\" decoding=\"async\" src=\"https:\/\/www.vyprachticky.cz\/wp-content\/uploads\/2017\/03\/Trumpf-trumatic-500R.jpg\" alt=\"Trumpf trumatic 500R\" width=\"315\" height=\"193\" class=\"img-thumbnail img-responsive center-block alignnone size-full wp-image-205\" srcset=\"https:\/\/www.vyprachticky.cz\/wp-content\/uploads\/2017\/03\/Trumpf-trumatic-500R.jpg 315w, https:\/\/www.vyprachticky.cz\/wp-content\/uploads\/2017\/03\/Trumpf-trumatic-500R-300x184.jpg 300w\" sizes=\"auto, (max-width: 315px) 100vw, 315px\" \/>\n<\/div>\n<div class=\"clearfix visible-xs\">&nbsp;<\/div>\n<div class=\"col-sm-7\">\n<table class=\"table table-striped\">\n<tbody>\n<tr>\n<th colspan=\"2\" class=\"info\">Trumpf Trumatic 500R<\/th>\n<\/tr>\n<tr>\n<td>Format:<\/td>\n<td>2&nbsp;500&nbsp;x&nbsp;1&nbsp;250&nbsp;mm<\/td>\n<\/tr>\n<tr>\n<td>Max. Blechdicke:<\/td>\n<td>8 mm<\/td>\n<\/tr>\n<tr>\n<td>Max. Stanzkraft:<\/td>\n<td>220 kN<\/td>\n<\/tr>\n<\/tbody>\n<\/table><\/div>\n<\/div>\n<div class=\"clearfix\">&nbsp;<\/div>\n<p>Die Werkstofftrennung durch Schneiden ist eine Operation, welche die Endgenauigkeit des Erzeugnisses gleich am Anfang der Produktionskette bestimmt.<\/p>\n<p>Wir gebrauchen eine servo-hydraulische Tafelschere Safan M-Shear 310-6, welche das Risiko der Ungenauigkeit ungeachtet der Anzahl von zu schneidenden Teilen, ihrer Dicke und der Blechfestigkeit oder gew\u00fcnschter Formate eliminiert. Einzigartige Gestaltung ihrer Hydraulik mit hoher Schnittgenauigkeit, niedrigem Stromverbrauch, Nullger\u00e4usch, vernachl\u00e4ssigbarem Umfang des \u00d6lbeh\u00e4lters und variabler Wahlausstattung stellt Genauigkeit und Geschwindigkeit bei jeder Produktion sicher. Die Schere verf\u00fcgt \u00fcber pneumatische Schnittunterst\u00fctzung und das R\u00fccksetzen von Blech zum Werker, was die Herstellungszeit und die Anstrengung der Bedienung des Personals abspannt.<\/p>\n<div class=\"row\">\n<div class=\"col-sm-5\">\n\t\t<img loading=\"lazy\" decoding=\"async\" src=\"https:\/\/www.vyprachticky.cz\/wp-content\/uploads\/2017\/03\/Safan-M-Shear-3106.jpg\" alt=\"Safan M shear 3106\" width=\"315\" height=\"193\" class=\"img-thumbnail img-responsive center-block alignnone size-full wp-image-206\" srcset=\"https:\/\/www.vyprachticky.cz\/wp-content\/uploads\/2017\/03\/Safan-M-Shear-3106.jpg 315w, https:\/\/www.vyprachticky.cz\/wp-content\/uploads\/2017\/03\/Safan-M-Shear-3106-300x184.jpg 300w\" sizes=\"auto, (max-width: 315px) 100vw, 315px\" \/>\n\t<\/div>\n<div class=\"clearfix visible-xs\">&nbsp;<\/div>\n<div class=\"col-sm-7\">\n<table class=\"table table-striped\">\n<tbody>\n<tr>\n<th colspan=\"2\" class=\"info\">Safan M-Shear 310\/6<\/th>\n<\/tr>\n<tr>\n<td>Format:<\/td>\n<td>do 3&nbsp;100 mm<\/td>\n<\/tr>\n<tr>\n<td>Max. Blechdicke:<\/td>\n<td>6 mm<\/td>\n<\/tr>\n<\/tbody>\n<\/table><\/div>\n<\/div>\n","protected":false},"excerpt":{"rendered":"<p>Ausstanzen\/Lochung ist eine gepr\u00fcfte Technilogie im Bereich Verarbeitung von d\u00fcnnen Blechen. Wir gebrauchen eine Stanzanlage Trumpf Trumatic 500R. Mit dieser Technologie k\u00f6nnen einfachere Formteile mit einer gro\u00dfen Menge von L\u00f6chern verarbeitet werden. Ein weiterer Vorteil ist die Formgebungsm\u00f6glichkeit direkt auf der Anlage in einer Stanzoperation. Die Anlage arbeitet mit Tafeln bis Gr\u00f6\u00dfe 2&nbsp;500 x 1&nbsp;250 &hellip;<\/p>\n","protected":false},"author":1,"featured_media":0,"parent":369,"menu_order":0,"comment_status":"closed","ping_status":"closed","template":"page-templates\/pravy-sloupec.php","meta":{"footnotes":""},"class_list":["post-378","page","type-page","status-publish","hentry"],"yoast_head":"<!-- This site is optimized with the Yoast SEO plugin v26.9 - https:\/\/yoast.com\/product\/yoast-seo-wordpress\/ -->\n<title>Stanzen - V\u00ddPRACHTICK\u00dd s.r.o.<\/title>\n<meta name=\"description\" content=\"Ausstanzen\/Lochung ist eine gepr\u00fcfte Technilogie im Bereich Verarbeitung von d\u00fcnnen Blechen. Wir gebrauchen eine Stanzanlage Trumpf Trumatic 500R. Mit\" \/>\n<meta name=\"robots\" content=\"index, follow, max-snippet:-1, max-image-preview:large, max-video-preview:-1\" \/>\n<link rel=\"canonical\" href=\"https:\/\/www.vyprachticky.cz\/de\/stanzen\/\" \/>\n<meta property=\"og:locale\" content=\"de_DE\" \/>\n<meta property=\"og:type\" content=\"article\" \/>\n<meta property=\"og:title\" content=\"Stanzen - V\u00ddPRACHTICK\u00dd s.r.o.\" \/>\n<meta property=\"og:description\" content=\"Ausstanzen\/Lochung ist eine gepr\u00fcfte Technilogie im Bereich Verarbeitung von d\u00fcnnen Blechen. Wir gebrauchen eine Stanzanlage Trumpf Trumatic 500R. Mit\" \/>\n<meta property=\"og:url\" content=\"https:\/\/www.vyprachticky.cz\/de\/stanzen\/\" \/>\n<meta property=\"og:site_name\" content=\"V\u00ddPRACHTICK\u00dd s.r.o.\" \/>\n<meta property=\"article:modified_time\" content=\"2017-08-14T14:20:16+00:00\" \/>\n<meta property=\"og:image\" content=\"https:\/\/www.vyprachticky.cz\/wp-content\/uploads\/2017\/03\/Trumpf-trumatic-500R.jpg\" \/>\n<meta name=\"twitter:card\" content=\"summary_large_image\" \/>\n<meta name=\"twitter:label1\" content=\"Gesch\u00e4tzte Lesezeit\" \/>\n\t<meta name=\"twitter:data1\" content=\"1\u00a0Minute\" \/>\n<script type=\"application\/ld+json\" class=\"yoast-schema-graph\">{\"@context\":\"https:\/\/schema.org\",\"@graph\":[{\"@type\":\"WebPage\",\"@id\":\"https:\/\/www.vyprachticky.cz\/de\/stanzen\/\",\"url\":\"https:\/\/www.vyprachticky.cz\/de\/stanzen\/\",\"name\":\"Stanzen - V\u00ddPRACHTICK\u00dd s.r.o.\",\"isPartOf\":{\"@id\":\"https:\/\/www.vyprachticky.cz\/#website\"},\"primaryImageOfPage\":{\"@id\":\"https:\/\/www.vyprachticky.cz\/de\/stanzen\/#primaryimage\"},\"image\":{\"@id\":\"https:\/\/www.vyprachticky.cz\/de\/stanzen\/#primaryimage\"},\"thumbnailUrl\":\"https:\/\/www.vyprachticky.cz\/wp-content\/uploads\/2017\/03\/Trumpf-trumatic-500R.jpg\",\"datePublished\":\"2017-08-11T10:09:31+00:00\",\"dateModified\":\"2017-08-14T14:20:16+00:00\",\"description\":\"Ausstanzen\/Lochung ist eine gepr\u00fcfte Technilogie im Bereich Verarbeitung von d\u00fcnnen Blechen. Wir gebrauchen eine Stanzanlage Trumpf Trumatic 500R. Mit\",\"breadcrumb\":{\"@id\":\"https:\/\/www.vyprachticky.cz\/de\/stanzen\/#breadcrumb\"},\"inLanguage\":\"de\",\"potentialAction\":[{\"@type\":\"ReadAction\",\"target\":[\"https:\/\/www.vyprachticky.cz\/de\/stanzen\/\"]}]},{\"@type\":\"ImageObject\",\"inLanguage\":\"de\",\"@id\":\"https:\/\/www.vyprachticky.cz\/de\/stanzen\/#primaryimage\",\"url\":\"https:\/\/www.vyprachticky.cz\/wp-content\/uploads\/2017\/03\/Trumpf-trumatic-500R.jpg\",\"contentUrl\":\"https:\/\/www.vyprachticky.cz\/wp-content\/uploads\/2017\/03\/Trumpf-trumatic-500R.jpg\"},{\"@type\":\"BreadcrumbList\",\"@id\":\"https:\/\/www.vyprachticky.cz\/de\/stanzen\/#breadcrumb\",\"itemListElement\":[{\"@type\":\"ListItem\",\"position\":1,\"name\":\"\",\"item\":\"https:\/\/www.vyprachticky.cz\/de\/\"},{\"@type\":\"ListItem\",\"position\":2,\"name\":\"Maschinenbauproduktion\",\"item\":\"https:\/\/www.vyprachticky.cz\/de\/maschinenbauproduktion\/\"},{\"@type\":\"ListItem\",\"position\":3,\"name\":\"Stanzen\"}]},{\"@type\":\"WebSite\",\"@id\":\"https:\/\/www.vyprachticky.cz\/#website\",\"url\":\"https:\/\/www.vyprachticky.cz\/\",\"name\":\"V\u00ddPRACHTICK\u00dd s.r.o.\",\"description\":\"Stroj\u00edrensk\u00e1 a z\u00e1me\u010dnick\u00e1 v\u00fdroba\",\"publisher\":{\"@id\":\"https:\/\/www.vyprachticky.cz\/#organization\"},\"potentialAction\":[{\"@type\":\"SearchAction\",\"target\":{\"@type\":\"EntryPoint\",\"urlTemplate\":\"https:\/\/www.vyprachticky.cz\/?s={search_term_string}\"},\"query-input\":{\"@type\":\"PropertyValueSpecification\",\"valueRequired\":true,\"valueName\":\"search_term_string\"}}],\"inLanguage\":\"de\"},{\"@type\":\"Organization\",\"@id\":\"https:\/\/www.vyprachticky.cz\/#organization\",\"name\":\"V\u00ddPRACHTICK\u00dd s.r.o.\",\"url\":\"https:\/\/www.vyprachticky.cz\/\",\"logo\":{\"@type\":\"ImageObject\",\"inLanguage\":\"de\",\"@id\":\"https:\/\/www.vyprachticky.cz\/#\/schema\/logo\/image\/\",\"url\":\"https:\/\/www.vyprachticky.cz\/wp-content\/uploads\/2016\/12\/logo-fb.png\",\"contentUrl\":\"https:\/\/www.vyprachticky.cz\/wp-content\/uploads\/2016\/12\/logo-fb.png\",\"width\":800,\"height\":420,\"caption\":\"V\u00ddPRACHTICK\u00dd s.r.o.\"},\"image\":{\"@id\":\"https:\/\/www.vyprachticky.cz\/#\/schema\/logo\/image\/\"}}]}<\/script>\n<!-- \/ Yoast SEO plugin. -->","yoast_head_json":{"title":"Stanzen - V\u00ddPRACHTICK\u00dd s.r.o.","description":"Ausstanzen\/Lochung ist eine gepr\u00fcfte Technilogie im Bereich Verarbeitung von d\u00fcnnen Blechen. Wir gebrauchen eine Stanzanlage Trumpf Trumatic 500R. Mit","robots":{"index":"index","follow":"follow","max-snippet":"max-snippet:-1","max-image-preview":"max-image-preview:large","max-video-preview":"max-video-preview:-1"},"canonical":"https:\/\/www.vyprachticky.cz\/de\/stanzen\/","og_locale":"de_DE","og_type":"article","og_title":"Stanzen - V\u00ddPRACHTICK\u00dd s.r.o.","og_description":"Ausstanzen\/Lochung ist eine gepr\u00fcfte Technilogie im Bereich Verarbeitung von d\u00fcnnen Blechen. Wir gebrauchen eine Stanzanlage Trumpf Trumatic 500R. Mit","og_url":"https:\/\/www.vyprachticky.cz\/de\/stanzen\/","og_site_name":"V\u00ddPRACHTICK\u00dd s.r.o.","article_modified_time":"2017-08-14T14:20:16+00:00","og_image":[{"url":"https:\/\/www.vyprachticky.cz\/wp-content\/uploads\/2017\/03\/Trumpf-trumatic-500R.jpg","type":"","width":"","height":""}],"twitter_card":"summary_large_image","twitter_misc":{"Gesch\u00e4tzte Lesezeit":"1\u00a0Minute"},"schema":{"@context":"https:\/\/schema.org","@graph":[{"@type":"WebPage","@id":"https:\/\/www.vyprachticky.cz\/de\/stanzen\/","url":"https:\/\/www.vyprachticky.cz\/de\/stanzen\/","name":"Stanzen - V\u00ddPRACHTICK\u00dd s.r.o.","isPartOf":{"@id":"https:\/\/www.vyprachticky.cz\/#website"},"primaryImageOfPage":{"@id":"https:\/\/www.vyprachticky.cz\/de\/stanzen\/#primaryimage"},"image":{"@id":"https:\/\/www.vyprachticky.cz\/de\/stanzen\/#primaryimage"},"thumbnailUrl":"https:\/\/www.vyprachticky.cz\/wp-content\/uploads\/2017\/03\/Trumpf-trumatic-500R.jpg","datePublished":"2017-08-11T10:09:31+00:00","dateModified":"2017-08-14T14:20:16+00:00","description":"Ausstanzen\/Lochung ist eine gepr\u00fcfte Technilogie im Bereich Verarbeitung von d\u00fcnnen Blechen. Wir gebrauchen eine Stanzanlage Trumpf Trumatic 500R. Mit","breadcrumb":{"@id":"https:\/\/www.vyprachticky.cz\/de\/stanzen\/#breadcrumb"},"inLanguage":"de","potentialAction":[{"@type":"ReadAction","target":["https:\/\/www.vyprachticky.cz\/de\/stanzen\/"]}]},{"@type":"ImageObject","inLanguage":"de","@id":"https:\/\/www.vyprachticky.cz\/de\/stanzen\/#primaryimage","url":"https:\/\/www.vyprachticky.cz\/wp-content\/uploads\/2017\/03\/Trumpf-trumatic-500R.jpg","contentUrl":"https:\/\/www.vyprachticky.cz\/wp-content\/uploads\/2017\/03\/Trumpf-trumatic-500R.jpg"},{"@type":"BreadcrumbList","@id":"https:\/\/www.vyprachticky.cz\/de\/stanzen\/#breadcrumb","itemListElement":[{"@type":"ListItem","position":1,"name":"","item":"https:\/\/www.vyprachticky.cz\/de\/"},{"@type":"ListItem","position":2,"name":"Maschinenbauproduktion","item":"https:\/\/www.vyprachticky.cz\/de\/maschinenbauproduktion\/"},{"@type":"ListItem","position":3,"name":"Stanzen"}]},{"@type":"WebSite","@id":"https:\/\/www.vyprachticky.cz\/#website","url":"https:\/\/www.vyprachticky.cz\/","name":"V\u00ddPRACHTICK\u00dd s.r.o.","description":"Stroj\u00edrensk\u00e1 a z\u00e1me\u010dnick\u00e1 v\u00fdroba","publisher":{"@id":"https:\/\/www.vyprachticky.cz\/#organization"},"potentialAction":[{"@type":"SearchAction","target":{"@type":"EntryPoint","urlTemplate":"https:\/\/www.vyprachticky.cz\/?s={search_term_string}"},"query-input":{"@type":"PropertyValueSpecification","valueRequired":true,"valueName":"search_term_string"}}],"inLanguage":"de"},{"@type":"Organization","@id":"https:\/\/www.vyprachticky.cz\/#organization","name":"V\u00ddPRACHTICK\u00dd s.r.o.","url":"https:\/\/www.vyprachticky.cz\/","logo":{"@type":"ImageObject","inLanguage":"de","@id":"https:\/\/www.vyprachticky.cz\/#\/schema\/logo\/image\/","url":"https:\/\/www.vyprachticky.cz\/wp-content\/uploads\/2016\/12\/logo-fb.png","contentUrl":"https:\/\/www.vyprachticky.cz\/wp-content\/uploads\/2016\/12\/logo-fb.png","width":800,"height":420,"caption":"V\u00ddPRACHTICK\u00dd s.r.o."},"image":{"@id":"https:\/\/www.vyprachticky.cz\/#\/schema\/logo\/image\/"}}]}},"_links":{"self":[{"href":"https:\/\/www.vyprachticky.cz\/de\/wp-json\/wp\/v2\/pages\/378","targetHints":{"allow":["GET"]}}],"collection":[{"href":"https:\/\/www.vyprachticky.cz\/de\/wp-json\/wp\/v2\/pages"}],"about":[{"href":"https:\/\/www.vyprachticky.cz\/de\/wp-json\/wp\/v2\/types\/page"}],"author":[{"embeddable":true,"href":"https:\/\/www.vyprachticky.cz\/de\/wp-json\/wp\/v2\/users\/1"}],"replies":[{"embeddable":true,"href":"https:\/\/www.vyprachticky.cz\/de\/wp-json\/wp\/v2\/comments?post=378"}],"version-history":[{"count":4,"href":"https:\/\/www.vyprachticky.cz\/de\/wp-json\/wp\/v2\/pages\/378\/revisions"}],"predecessor-version":[{"id":752,"href":"https:\/\/www.vyprachticky.cz\/de\/wp-json\/wp\/v2\/pages\/378\/revisions\/752"}],"up":[{"embeddable":true,"href":"https:\/\/www.vyprachticky.cz\/de\/wp-json\/wp\/v2\/pages\/369"}],"wp:attachment":[{"href":"https:\/\/www.vyprachticky.cz\/de\/wp-json\/wp\/v2\/media?parent=378"}],"curies":[{"name":"wp","href":"https:\/\/api.w.org\/{rel}","templated":true}]}}