{"id":382,"date":"2017-08-11T12:11:20","date_gmt":"2017-08-11T10:11:20","guid":{"rendered":"https:\/\/www.vyprachticky.cz\/?page_id=382\/"},"modified":"2025-04-04T12:27:22","modified_gmt":"2025-04-04T10:27:22","slug":"biegung","status":"publish","type":"page","link":"https:\/\/www.vyprachticky.cz\/de\/biegung\/","title":{"rendered":"Biegung"},"content":{"rendered":"<p class=\"odstavecUvodnik\">Das Blechbiegen f\u00fchren wir auf einem kompakten Biegezentrum <strong>P2lean<\/strong>, einer Abkantpresse <strong>TruBend 5130<\/strong> und einer servoelektrischen Presse <strong>SAFAN E-Brake 80<\/strong> durch.<\/p>\n<p>Mit dem Kompaktbiegezentrum <strong>P2lean<\/strong> lassen sich verschiedenste Metallteile herstellen.<br \/>\nEs funktioniert automatisch, der Bediener legt lediglich das Teil in die Maschine ein und entnimmt nach dem automatischen Biegen das fertige Teil.<\/p>\n<div class=\"row\">\n<div class=\"col-sm-5\">\n<img loading=\"lazy\" decoding=\"async\" src=\"https:\/\/www.vyprachticky.cz\/wp-content\/uploads\/2022\/03\/P2lean.jpg\" alt=\"P2lean\" width=\"315\" height=\"165\" class=\"img-thumbnail img-responsive alignnone size-full wp-image-1153 center-block\" srcset=\"https:\/\/www.vyprachticky.cz\/wp-content\/uploads\/2022\/03\/P2lean.jpg 315w, https:\/\/www.vyprachticky.cz\/wp-content\/uploads\/2022\/03\/P2lean-300x157.jpg 300w\" sizes=\"auto, (max-width: 315px) 100vw, 315px\" \/>\n<\/div>\n<div class=\"clearfix visible-xs\">&nbsp;<\/div>\n<div class=\"col-sm-7\">\n<table class=\"table table-striped\">\n<tbody>\n<tr>\n<th colspan=\"2\" class=\"info\">P2lean<\/th>\n<\/tr>\n<tr>\n<td>Max. Biegel\u00e4nge:<\/td>\n<td>2&nbsp;180 mm<\/td>\n<\/tr>\n<tr>\n<td>Max. Stahldicke:<\/td>\n<td>2,5 mm<\/td>\n<\/tr>\n<tr>\n<td>Max. Edelstahlst\u00e4rke:<\/td>\n<td>2,0 mm<\/td>\n<\/tr>\n<tr>\n<td>Max. Aluminiumdicke:<\/td>\n<td>3,5 mm<\/td>\n<\/tr>\n<\/tbody>\n<\/table>\n<\/div>\n<\/div>\n<div class=\"clearfix\">&nbsp;<\/div>\n<p>Der <strong>TruBend 5130<\/strong> vereint Innovation und Pr\u00e4zision. Dank variabler Heckanschlagsysteme kann eine breite Palette von Teilen problemlos bearbeitet werden. Der gesamte Prozess &#8211; von der Programmierung bis zur Vorbereitung bis zum Selbstbiegen &#8211; ist \u00e4u\u00dferst produktiv.<\/p>\n<p>Die Maschine zeichnet sich durch h\u00f6chste Pr\u00e4zision, hohe Achsendynamik, ACB-Technologie aus: pr\u00e4zise Winkel seit dem ersten Teil, intuitive Programmierung und Maschinensteuerung.<\/p>\n<div class=\"row\">\n<div class=\"col-sm-5\">\n<img loading=\"lazy\" decoding=\"async\" src=\"https:\/\/www.vyprachticky.cz\/wp-content\/uploads\/2016\/12\/TruBend-serie-5000.jpg\" alt=\"TruBend serie 5000\" width=\"315\" height=\"193\" class=\"img-thumbnail img-responsive alignnone size-full wp-image-213 center-block\" srcset=\"https:\/\/www.vyprachticky.cz\/wp-content\/uploads\/2016\/12\/TruBend-serie-5000.jpg 315w, https:\/\/www.vyprachticky.cz\/wp-content\/uploads\/2016\/12\/TruBend-serie-5000-300x184.jpg 300w\" sizes=\"auto, (max-width: 315px) 100vw, 315px\" \/>\n\t\t<\/div>\n<div class=\"clearfix visible-xs\">&nbsp;<\/div>\n<div class=\"col-sm-7\">\n<table class=\"table table-striped\">\n<tbody>\n<tr>\n<th colspan=\"2\" class=\"info\">TruBend serie 5130<\/th>\n<\/tr>\n<tr>\n<td>Max. Biegungsl\u00e4nge:<\/td>\n<td>3&nbsp;230 mm<\/td>\n<\/tr>\n<tr>\n<td>Max. Presskraft:<\/td>\n<td>133 t<\/td>\n<\/tr>\n<\/tbody>\n<\/table>\n<\/div>\n<\/div>\n<div class=\"clearfix\">&nbsp;<\/div>\n<p>Die <strong>TruBend 7036<\/strong> ist ein Beispiel f\u00fcr das perfekte Zusammenspiel von Mensch und Maschine: Die hohen Geschwindigkeits- und Beschleunigungswerte der Presse sorgen in Kombination mit optimalen Arbeitsbedingungen f\u00fcr beste Gesamtproduktivit\u00e4t.<\/p>\n<div class=\"row\">\n<div class=\"col-sm-5\">\n<img loading=\"lazy\" decoding=\"async\" src=\"https:\/\/www.vyprachticky.cz\/wp-content\/uploads\/2025\/04\/TruBend-7036-300x223.jpg\" alt=\"TruBend 7036\" width=\"300\" height=\"223\" class=\"img-thumbnail img-responsive alignnone size-medium wp-image-1709 center-block\" srcset=\"https:\/\/www.vyprachticky.cz\/wp-content\/uploads\/2025\/04\/TruBend-7036-300x223.jpg 300w, https:\/\/www.vyprachticky.cz\/wp-content\/uploads\/2025\/04\/TruBend-7036-768x571.jpg 768w, https:\/\/www.vyprachticky.cz\/wp-content\/uploads\/2025\/04\/TruBend-7036.jpg 909w\" sizes=\"auto, (max-width: 300px) 100vw, 300px\" \/>\n\t\t<\/div>\n<div class=\"clearfix visible-xs\">&nbsp;<\/div>\n<div class=\"col-sm-7\">\n<table class=\"table table-striped\">\n<tbody>\n<tr>\n<th colspan=\"2\" class=\"info\">TruBend 7036<\/th>\n<\/tr>\n<tr>\n<td>Max. Biegungsl\u00e4nge:<\/td>\n<td>1&nbsp;020 mm<\/td>\n<\/tr>\n<tr>\n<td>Max. Presskraft:<\/td>\n<td>36 t<\/td>\n<\/tr>\n<\/tbody>\n<\/table>\n<\/div>\n<\/div>\n<div class=\"clearfix\">&nbsp;<\/div>\n<p><strong>Die Abkantpresse<\/strong> verf\u00fcgt \u00fcber hydraulische Werkzeugaufnahme, welche die Verstellbarkeit beschleunigt. Wir wenden gepr\u00fcfte Werkzeuge WILLA an, deren Segmentation erm\u00f6glicht einige Standorte aufzustellen und auch ein kompliziertes Erzeugnis in einem Zyklus und in k\u00fcrzerer Zeit umzubiegen. Die H\u00f6chstl\u00e4nge der Biegung betr\u00e4gt 2&nbsp;550 mm.<\/p>\n<p>Vorteile dieser Konzeption ohne das Hydraulik\u00f6l sind eindeutige Beitr\u00e4ge, welche h\u00f6here Produktivit\u00e4t, Genauigkeit und geringe Betriebskosten bringen.<\/p>\n<div class=\"row\">\n<div class=\"col-sm-5\">\n<img loading=\"lazy\" decoding=\"async\" src=\"https:\/\/www.vyprachticky.cz\/wp-content\/uploads\/2016\/12\/SAFAN-E-Brake-80.jpg\" alt=\"Safan E brake 80\" width=\"315\" height=\"193\" class=\"img-thumbnail img-responsive alignnone size-full wp-image-212 center-block\" srcset=\"https:\/\/www.vyprachticky.cz\/wp-content\/uploads\/2016\/12\/SAFAN-E-Brake-80.jpg 315w, https:\/\/www.vyprachticky.cz\/wp-content\/uploads\/2016\/12\/SAFAN-E-Brake-80-300x184.jpg 300w\" sizes=\"auto, (max-width: 315px) 100vw, 315px\" \/>\n\t\t<\/div>\n<div class=\"clearfix visible-xs\">&nbsp;<\/div>\n<div class=\"col-sm-7\">\n<table class=\"table table-striped\">\n<tbody>\n<tr>\n<th colspan=\"2\" class=\"info\">SAFAN E-Brake 80<\/th>\n<\/tr>\n<tr>\n<td>Max. Biegungsl\u00e4nge:<\/td>\n<td>2&nbsp;550 mm<\/td>\n<\/tr>\n<tr>\n<td>Max. Presskraft:<\/td>\n<td>80 t<\/td>\n<\/tr>\n<\/tbody>\n<\/table><\/div>\n<\/div>\n","protected":false},"excerpt":{"rendered":"<p>Das Blechbiegen f\u00fchren wir auf einem kompakten Biegezentrum P2lean, einer Abkantpresse TruBend 5130 und einer servoelektrischen Presse SAFAN E-Brake 80 durch. Mit dem Kompaktbiegezentrum P2lean lassen sich verschiedenste Metallteile herstellen. Es funktioniert automatisch, der Bediener legt lediglich das Teil in die Maschine ein und entnimmt nach dem automatischen Biegen das fertige Teil. &nbsp; P2lean Max. &hellip;<\/p>\n","protected":false},"author":1,"featured_media":0,"parent":369,"menu_order":0,"comment_status":"closed","ping_status":"closed","template":"page-templates\/pravy-sloupec.php","meta":{"footnotes":""},"class_list":["post-382","page","type-page","status-publish","hentry"],"yoast_head":"<!-- This site is optimized with the Yoast SEO plugin v27.6 - https:\/\/yoast.com\/product\/yoast-seo-wordpress\/ -->\n<title>Biegung - V\u00ddPRACHTICK\u00dd s.r.o.<\/title>\n<meta name=\"description\" content=\"Das Blechbiegen f\u00fchren wir auf einem kompakten Biegezentrum P2lean, einer Abkantpresse TruBend 5130 und einer servoelektrischen Presse SAFAN E-Brake 80\" \/>\n<meta name=\"robots\" content=\"index, follow, max-snippet:-1, max-image-preview:large, max-video-preview:-1\" \/>\n<link rel=\"canonical\" href=\"https:\/\/www.vyprachticky.cz\/de\/biegung\/\" \/>\n<meta property=\"og:locale\" content=\"de_DE\" \/>\n<meta property=\"og:type\" content=\"article\" \/>\n<meta property=\"og:title\" content=\"Biegung - V\u00ddPRACHTICK\u00dd s.r.o.\" \/>\n<meta property=\"og:description\" content=\"Das Blechbiegen f\u00fchren wir auf einem kompakten Biegezentrum P2lean, einer Abkantpresse TruBend 5130 und einer servoelektrischen Presse SAFAN E-Brake 80\" \/>\n<meta property=\"og:url\" content=\"https:\/\/www.vyprachticky.cz\/de\/biegung\/\" \/>\n<meta property=\"og:site_name\" content=\"V\u00ddPRACHTICK\u00dd s.r.o.\" \/>\n<meta property=\"article:modified_time\" content=\"2025-04-04T10:27:22+00:00\" \/>\n<meta property=\"og:image\" content=\"https:\/\/www.vyprachticky.cz\/wp-content\/uploads\/2022\/03\/P2lean.jpg\" \/>\n\t<meta property=\"og:image:width\" content=\"315\" \/>\n\t<meta property=\"og:image:height\" content=\"165\" \/>\n\t<meta property=\"og:image:type\" content=\"image\/jpeg\" \/>\n<meta name=\"twitter:card\" content=\"summary_large_image\" \/>\n<meta name=\"twitter:label1\" content=\"Gesch\u00e4tzte Lesezeit\" \/>\n\t<meta name=\"twitter:data1\" content=\"3\u00a0Minuten\" \/>\n<script type=\"application\/ld+json\" class=\"yoast-schema-graph\">{\"@context\":\"https:\\\/\\\/schema.org\",\"@graph\":[{\"@type\":\"WebPage\",\"@id\":\"https:\\\/\\\/www.vyprachticky.cz\\\/de\\\/biegung\\\/\",\"url\":\"https:\\\/\\\/www.vyprachticky.cz\\\/de\\\/biegung\\\/\",\"name\":\"Biegung - V\u00ddPRACHTICK\u00dd s.r.o.\",\"isPartOf\":{\"@id\":\"https:\\\/\\\/www.vyprachticky.cz\\\/#website\"},\"primaryImageOfPage\":{\"@id\":\"https:\\\/\\\/www.vyprachticky.cz\\\/de\\\/biegung\\\/#primaryimage\"},\"image\":{\"@id\":\"https:\\\/\\\/www.vyprachticky.cz\\\/de\\\/biegung\\\/#primaryimage\"},\"thumbnailUrl\":\"https:\\\/\\\/www.vyprachticky.cz\\\/wp-content\\\/uploads\\\/2022\\\/03\\\/P2lean.jpg\",\"datePublished\":\"2017-08-11T10:11:20+00:00\",\"dateModified\":\"2025-04-04T10:27:22+00:00\",\"description\":\"Das Blechbiegen f\u00fchren wir auf einem kompakten Biegezentrum P2lean, einer Abkantpresse TruBend 5130 und einer servoelektrischen Presse SAFAN E-Brake 80\",\"breadcrumb\":{\"@id\":\"https:\\\/\\\/www.vyprachticky.cz\\\/de\\\/biegung\\\/#breadcrumb\"},\"inLanguage\":\"de\",\"potentialAction\":[{\"@type\":\"ReadAction\",\"target\":[\"https:\\\/\\\/www.vyprachticky.cz\\\/de\\\/biegung\\\/\"]}]},{\"@type\":\"ImageObject\",\"inLanguage\":\"de\",\"@id\":\"https:\\\/\\\/www.vyprachticky.cz\\\/de\\\/biegung\\\/#primaryimage\",\"url\":\"https:\\\/\\\/www.vyprachticky.cz\\\/wp-content\\\/uploads\\\/2022\\\/03\\\/P2lean.jpg\",\"contentUrl\":\"https:\\\/\\\/www.vyprachticky.cz\\\/wp-content\\\/uploads\\\/2022\\\/03\\\/P2lean.jpg\"},{\"@type\":\"BreadcrumbList\",\"@id\":\"https:\\\/\\\/www.vyprachticky.cz\\\/de\\\/biegung\\\/#breadcrumb\",\"itemListElement\":[{\"@type\":\"ListItem\",\"position\":1,\"name\":\"\",\"item\":\"https:\\\/\\\/www.vyprachticky.cz\\\/de\\\/\"},{\"@type\":\"ListItem\",\"position\":2,\"name\":\"Maschinenbauproduktion\",\"item\":\"https:\\\/\\\/www.vyprachticky.cz\\\/de\\\/maschinenbauproduktion\\\/\"},{\"@type\":\"ListItem\",\"position\":3,\"name\":\"Biegung\"}]},{\"@type\":\"WebSite\",\"@id\":\"https:\\\/\\\/www.vyprachticky.cz\\\/#website\",\"url\":\"https:\\\/\\\/www.vyprachticky.cz\\\/\",\"name\":\"V\u00ddPRACHTICK\u00dd s.r.o.\",\"description\":\"Stroj\u00edrensk\u00e1 a z\u00e1me\u010dnick\u00e1 v\u00fdroba\",\"publisher\":{\"@id\":\"https:\\\/\\\/www.vyprachticky.cz\\\/#organization\"},\"potentialAction\":[{\"@type\":\"SearchAction\",\"target\":{\"@type\":\"EntryPoint\",\"urlTemplate\":\"https:\\\/\\\/www.vyprachticky.cz\\\/?s={search_term_string}\"},\"query-input\":{\"@type\":\"PropertyValueSpecification\",\"valueRequired\":true,\"valueName\":\"search_term_string\"}}],\"inLanguage\":\"de\"},{\"@type\":\"Organization\",\"@id\":\"https:\\\/\\\/www.vyprachticky.cz\\\/#organization\",\"name\":\"V\u00ddPRACHTICK\u00dd s.r.o.\",\"url\":\"https:\\\/\\\/www.vyprachticky.cz\\\/\",\"logo\":{\"@type\":\"ImageObject\",\"inLanguage\":\"de\",\"@id\":\"https:\\\/\\\/www.vyprachticky.cz\\\/#\\\/schema\\\/logo\\\/image\\\/\",\"url\":\"https:\\\/\\\/www.vyprachticky.cz\\\/wp-content\\\/uploads\\\/2016\\\/12\\\/logo-fb.png\",\"contentUrl\":\"https:\\\/\\\/www.vyprachticky.cz\\\/wp-content\\\/uploads\\\/2016\\\/12\\\/logo-fb.png\",\"width\":800,\"height\":420,\"caption\":\"V\u00ddPRACHTICK\u00dd s.r.o.\"},\"image\":{\"@id\":\"https:\\\/\\\/www.vyprachticky.cz\\\/#\\\/schema\\\/logo\\\/image\\\/\"}}]}<\/script>\n<!-- \/ Yoast SEO plugin. -->","yoast_head_json":{"title":"Biegung - V\u00ddPRACHTICK\u00dd s.r.o.","description":"Das Blechbiegen f\u00fchren wir auf einem kompakten Biegezentrum P2lean, einer Abkantpresse TruBend 5130 und einer servoelektrischen Presse SAFAN E-Brake 80","robots":{"index":"index","follow":"follow","max-snippet":"max-snippet:-1","max-image-preview":"max-image-preview:large","max-video-preview":"max-video-preview:-1"},"canonical":"https:\/\/www.vyprachticky.cz\/de\/biegung\/","og_locale":"de_DE","og_type":"article","og_title":"Biegung - V\u00ddPRACHTICK\u00dd s.r.o.","og_description":"Das Blechbiegen f\u00fchren wir auf einem kompakten Biegezentrum P2lean, einer Abkantpresse TruBend 5130 und einer servoelektrischen Presse SAFAN E-Brake 80","og_url":"https:\/\/www.vyprachticky.cz\/de\/biegung\/","og_site_name":"V\u00ddPRACHTICK\u00dd s.r.o.","article_modified_time":"2025-04-04T10:27:22+00:00","og_image":[{"width":315,"height":165,"url":"https:\/\/www.vyprachticky.cz\/wp-content\/uploads\/2022\/03\/P2lean.jpg","type":"image\/jpeg"}],"twitter_card":"summary_large_image","twitter_misc":{"Gesch\u00e4tzte Lesezeit":"3\u00a0Minuten"},"schema":{"@context":"https:\/\/schema.org","@graph":[{"@type":"WebPage","@id":"https:\/\/www.vyprachticky.cz\/de\/biegung\/","url":"https:\/\/www.vyprachticky.cz\/de\/biegung\/","name":"Biegung - V\u00ddPRACHTICK\u00dd s.r.o.","isPartOf":{"@id":"https:\/\/www.vyprachticky.cz\/#website"},"primaryImageOfPage":{"@id":"https:\/\/www.vyprachticky.cz\/de\/biegung\/#primaryimage"},"image":{"@id":"https:\/\/www.vyprachticky.cz\/de\/biegung\/#primaryimage"},"thumbnailUrl":"https:\/\/www.vyprachticky.cz\/wp-content\/uploads\/2022\/03\/P2lean.jpg","datePublished":"2017-08-11T10:11:20+00:00","dateModified":"2025-04-04T10:27:22+00:00","description":"Das Blechbiegen f\u00fchren wir auf einem kompakten Biegezentrum P2lean, einer Abkantpresse TruBend 5130 und einer servoelektrischen Presse SAFAN E-Brake 80","breadcrumb":{"@id":"https:\/\/www.vyprachticky.cz\/de\/biegung\/#breadcrumb"},"inLanguage":"de","potentialAction":[{"@type":"ReadAction","target":["https:\/\/www.vyprachticky.cz\/de\/biegung\/"]}]},{"@type":"ImageObject","inLanguage":"de","@id":"https:\/\/www.vyprachticky.cz\/de\/biegung\/#primaryimage","url":"https:\/\/www.vyprachticky.cz\/wp-content\/uploads\/2022\/03\/P2lean.jpg","contentUrl":"https:\/\/www.vyprachticky.cz\/wp-content\/uploads\/2022\/03\/P2lean.jpg"},{"@type":"BreadcrumbList","@id":"https:\/\/www.vyprachticky.cz\/de\/biegung\/#breadcrumb","itemListElement":[{"@type":"ListItem","position":1,"name":"","item":"https:\/\/www.vyprachticky.cz\/de\/"},{"@type":"ListItem","position":2,"name":"Maschinenbauproduktion","item":"https:\/\/www.vyprachticky.cz\/de\/maschinenbauproduktion\/"},{"@type":"ListItem","position":3,"name":"Biegung"}]},{"@type":"WebSite","@id":"https:\/\/www.vyprachticky.cz\/#website","url":"https:\/\/www.vyprachticky.cz\/","name":"V\u00ddPRACHTICK\u00dd s.r.o.","description":"Stroj\u00edrensk\u00e1 a z\u00e1me\u010dnick\u00e1 v\u00fdroba","publisher":{"@id":"https:\/\/www.vyprachticky.cz\/#organization"},"potentialAction":[{"@type":"SearchAction","target":{"@type":"EntryPoint","urlTemplate":"https:\/\/www.vyprachticky.cz\/?s={search_term_string}"},"query-input":{"@type":"PropertyValueSpecification","valueRequired":true,"valueName":"search_term_string"}}],"inLanguage":"de"},{"@type":"Organization","@id":"https:\/\/www.vyprachticky.cz\/#organization","name":"V\u00ddPRACHTICK\u00dd s.r.o.","url":"https:\/\/www.vyprachticky.cz\/","logo":{"@type":"ImageObject","inLanguage":"de","@id":"https:\/\/www.vyprachticky.cz\/#\/schema\/logo\/image\/","url":"https:\/\/www.vyprachticky.cz\/wp-content\/uploads\/2016\/12\/logo-fb.png","contentUrl":"https:\/\/www.vyprachticky.cz\/wp-content\/uploads\/2016\/12\/logo-fb.png","width":800,"height":420,"caption":"V\u00ddPRACHTICK\u00dd s.r.o."},"image":{"@id":"https:\/\/www.vyprachticky.cz\/#\/schema\/logo\/image\/"}}]}},"_links":{"self":[{"href":"https:\/\/www.vyprachticky.cz\/de\/wp-json\/wp\/v2\/pages\/382","targetHints":{"allow":["GET"]}}],"collection":[{"href":"https:\/\/www.vyprachticky.cz\/de\/wp-json\/wp\/v2\/pages"}],"about":[{"href":"https:\/\/www.vyprachticky.cz\/de\/wp-json\/wp\/v2\/types\/page"}],"author":[{"embeddable":true,"href":"https:\/\/www.vyprachticky.cz\/de\/wp-json\/wp\/v2\/users\/1"}],"replies":[{"embeddable":true,"href":"https:\/\/www.vyprachticky.cz\/de\/wp-json\/wp\/v2\/comments?post=382"}],"version-history":[{"count":5,"href":"https:\/\/www.vyprachticky.cz\/de\/wp-json\/wp\/v2\/pages\/382\/revisions"}],"predecessor-version":[{"id":1723,"href":"https:\/\/www.vyprachticky.cz\/de\/wp-json\/wp\/v2\/pages\/382\/revisions\/1723"}],"up":[{"embeddable":true,"href":"https:\/\/www.vyprachticky.cz\/de\/wp-json\/wp\/v2\/pages\/369"}],"wp:attachment":[{"href":"https:\/\/www.vyprachticky.cz\/de\/wp-json\/wp\/v2\/media?parent=382"}],"curies":[{"name":"wp","href":"https:\/\/api.w.org\/{rel}","templated":true}]}}