{"id":389,"date":"2017-08-11T12:19:30","date_gmt":"2017-08-11T10:19:30","guid":{"rendered":"https:\/\/www.vyprachticky.cz\/?page_id=389\/"},"modified":"2017-08-14T16:27:58","modified_gmt":"2017-08-14T14:27:58","slug":"pressen-2","status":"publish","type":"page","link":"https:\/\/www.vyprachticky.cz\/de\/pressen","title":{"rendered":"Pressen"},"content":{"rendered":"<p class=\"odstavecUvodnik\">F\u00fcr <strong>Pressen von Blechteilen<\/strong> stehen uns einige exzentrische und hydraulische Pressanlagen zur Verf\u00fcgung.<\/p>\n<p>In der Serienproduktion von einfachen Teilen gebrauchen wir exzentrische Pressanlage 10 t, zwei exzentrische Pressanlagen 25 t, zwei exzentrische Pressanlagen 40 t, zwei exzentrische Pressanlagen 63 t und hydraulische Pressanlage 80 t mit unterem Auswerfzylinder zur Entnahme von Pressteilen aus der Form.<\/p>\n<p>F\u00fcr spezielles Einpressen von Pressmuttern und Schrauben gebrauchen wir kleine hydraulische Pressanlage 2 t mit manueller Hubkontrolle.<\/p>\n<div class=\"row\">\n<div class=\"col-sm-6\">\n<table class=\"table table-striped\">\n<tbody>\n<tr>\n<th colspan=\"2\" class=\"info\">Presse LEN 10C<\/th>\n<\/tr>\n<tr>\n<td>Pressb\u00e4rabmessungen:<\/td>\n<td>280 x 180 mm<\/td>\n<\/tr>\n<tr>\n<td>Tischabmessungen<\/td>\n<td>305 x 450 mm<\/td>\n<\/tr>\n<tr>\n<td>Einklemmungsh\u00f6he:<\/td>\n<td>225 mm<\/td>\n<\/tr>\n<\/tbody>\n<\/table>\n<\/div>\n<div class=\"clearfix visible-xs\">&nbsp;<\/div>\n<div class=\"col-sm-6\">\n<table class=\"table table-striped\">\n<tbody>\n<tr>\n<th colspan=\"2\" class=\"info\">Presse LEN 25C<\/th>\n<\/tr>\n<tr>\n<td>Pressb\u00e4rabmessungen:<\/td>\n<td>355 x 220 mm<\/td>\n<\/tr>\n<tr>\n<td>Tischabmessungen:<\/td>\n<td>560 x 450&nbsp;mm<\/td>\n<\/tr>\n<tr>\n<td>Einklemmungsh\u00f6he:<\/td>\n<td>265 mm<\/td>\n<\/tr>\n<\/tbody>\n<\/table>\n<\/div>\n<\/div>\n<div class=\"clearfix\">&nbsp;<\/div>\n<div class=\"row\">\n<div class=\"col-sm-6\">\n<table class=\"table table-striped\">\n<tbody>\n<tr>\n<th colspan=\"2\" class=\"info\">Presse LEN 40A<\/th>\n<\/tr>\n<tr>\n<td>Pressb\u00e4rabmessungen:<\/td>\n<td>240 x 170&nbsp;mm<\/td>\n<\/tr>\n<tr>\n<td>Tischabmessungen:<\/td>\n<td>630 x 430&nbsp;mm<\/td>\n<\/tr>\n<tr>\n<td>Einklemmungsh\u00f6he:<\/td>\n<td>250 mm<\/td>\n<\/tr>\n<\/tbody>\n<\/table>\n<\/div>\n<div class=\"clearfix visible-xs\">&nbsp;<\/div>\n<div class=\"col-sm-6\">\n<table class=\"table table-striped\">\n<tbody>\n<tr>\n<th colspan=\"2\" class=\"info\">Presse LEN 63A<\/th>\n<\/tr>\n<tr>\n<td>Pressb\u00e4rabmessungen:<\/td>\n<td>260 x 225&nbsp;mm<\/td>\n<\/tr>\n<tr>\n<td>Tischabmessungen:<\/td>\n<td>750 x 500&nbsp;mm<\/td>\n<\/tr>\n<tr>\n<td>Einklemmungsh\u00f6he:<\/td>\n<td>280&nbsp;mm<\/td>\n<\/tr>\n<\/tbody>\n<\/table>\n<\/div>\n<\/div>\n<div class=\"clearfix\">&nbsp;<\/div>\n<p>F\u00fcr spezielle Anwendungen wird Druckformmaschine Matrizen verwendet <strong>Pemserter 4 Autofeed<\/strong>. Die Maschine zur pr\u00e4zisen Quetschelemente einschlie\u00dflich automatischer Zuf\u00fchrung Elemente erm\u00f6glicht.<\/p>\n<div class=\"row\">\n<div class=\"col-sm-5\">\n<img loading=\"lazy\" decoding=\"async\" src=\"https:\/\/www.vyprachticky.cz\/wp-content\/uploads\/2017\/07\/Pemserter-4-Autofeed.jpg\" alt=\"Pemserter 4 autofeed\" width=\"315\" height=\"315\" class=\"img-thumbnail img-responsive  alignnone size-full center-block wp-image-219\" srcset=\"https:\/\/www.vyprachticky.cz\/wp-content\/uploads\/2017\/07\/Pemserter-4-Autofeed.jpg 315w, https:\/\/www.vyprachticky.cz\/wp-content\/uploads\/2017\/07\/Pemserter-4-Autofeed-150x150.jpg 150w, https:\/\/www.vyprachticky.cz\/wp-content\/uploads\/2017\/07\/Pemserter-4-Autofeed-300x300.jpg 300w\" sizes=\"auto, (max-width: 315px) 100vw, 315px\" \/>\n<\/div>\n<div class=\"clearfix visible-xs\">&nbsp;<\/div>\n<div class=\"col-sm-7\">\n<table class=\"table table-striped\">\n<tbody>\n<tr>\n<th colspan=\"2\" class=\"info\">Pemserter 4 Autofeed<\/th>\n<\/tr>\n<tr>\n<td>Presskraft:<\/td>\n<td>6 t<\/td>\n<\/tr>\n<tr>\n<td>F\u00fcr Elemente:<\/td>\n<td>M2,5 &#8211; M6<\/td>\n<\/tr>\n<tr>\n<td>Auslegung:<\/td>\n<td>457 mm<\/td>\n<\/tr>\n<tr>\n<td>Automatische F\u00fctterung:<\/td>\n<td>ja<\/td>\n<\/tr>\n<\/tbody>\n<\/table>\n<\/div><\/div>\n","protected":false},"excerpt":{"rendered":"<p>F\u00fcr Pressen von Blechteilen stehen uns einige exzentrische und hydraulische Pressanlagen zur Verf\u00fcgung. In der Serienproduktion von einfachen Teilen gebrauchen wir exzentrische Pressanlage 10 t, zwei exzentrische Pressanlagen 25 t, zwei exzentrische Pressanlagen 40 t, zwei exzentrische Pressanlagen 63 t und hydraulische Pressanlage 80 t mit unterem Auswerfzylinder zur Entnahme von Pressteilen aus der Form. &hellip;<\/p>\n","protected":false},"author":1,"featured_media":0,"parent":369,"menu_order":0,"comment_status":"closed","ping_status":"closed","template":"","meta":{"footnotes":""},"class_list":["post-389","page","type-page","status-publish","hentry"],"yoast_head":"<!-- This site is optimized with the Yoast SEO plugin v26.9 - https:\/\/yoast.com\/product\/yoast-seo-wordpress\/ -->\n<title>Pressen - V\u00ddPRACHTICK\u00dd s.r.o.<\/title>\n<meta name=\"description\" content=\"F\u00fcr Pressen von Blechteilen stehen uns einige exzentrische und hydraulische Pressanlagen zur Verf\u00fcgung. In der Serienproduktion von einfachen Teilen\" \/>\n<meta name=\"robots\" content=\"index, follow, max-snippet:-1, max-image-preview:large, max-video-preview:-1\" \/>\n<link rel=\"canonical\" href=\"https:\/\/www.vyprachticky.cz\/de\/pressen\/\" \/>\n<meta property=\"og:locale\" content=\"de_DE\" \/>\n<meta property=\"og:type\" content=\"article\" \/>\n<meta property=\"og:title\" content=\"Pressen - V\u00ddPRACHTICK\u00dd s.r.o.\" \/>\n<meta property=\"og:description\" content=\"F\u00fcr Pressen von Blechteilen stehen uns einige exzentrische und hydraulische Pressanlagen zur Verf\u00fcgung. In der Serienproduktion von einfachen Teilen\" \/>\n<meta property=\"og:url\" content=\"https:\/\/www.vyprachticky.cz\/de\/pressen\/\" \/>\n<meta property=\"og:site_name\" content=\"V\u00ddPRACHTICK\u00dd s.r.o.\" \/>\n<meta property=\"article:modified_time\" content=\"2017-08-14T14:27:58+00:00\" \/>\n<meta property=\"og:image\" content=\"https:\/\/www.vyprachticky.cz\/wp-content\/uploads\/2017\/07\/Pemserter-4-Autofeed.jpg\" \/>\n<meta name=\"twitter:card\" content=\"summary_large_image\" \/>\n<meta name=\"twitter:label1\" content=\"Gesch\u00e4tzte Lesezeit\" \/>\n\t<meta name=\"twitter:data1\" content=\"1\u00a0Minute\" \/>\n<script type=\"application\/ld+json\" class=\"yoast-schema-graph\">{\"@context\":\"https:\/\/schema.org\",\"@graph\":[{\"@type\":\"WebPage\",\"@id\":\"https:\/\/www.vyprachticky.cz\/de\/pressen\/\",\"url\":\"https:\/\/www.vyprachticky.cz\/de\/pressen\/\",\"name\":\"Pressen - V\u00ddPRACHTICK\u00dd s.r.o.\",\"isPartOf\":{\"@id\":\"https:\/\/www.vyprachticky.cz\/#website\"},\"primaryImageOfPage\":{\"@id\":\"https:\/\/www.vyprachticky.cz\/de\/pressen\/#primaryimage\"},\"image\":{\"@id\":\"https:\/\/www.vyprachticky.cz\/de\/pressen\/#primaryimage\"},\"thumbnailUrl\":\"https:\/\/www.vyprachticky.cz\/wp-content\/uploads\/2017\/07\/Pemserter-4-Autofeed.jpg\",\"datePublished\":\"2017-08-11T10:19:30+00:00\",\"dateModified\":\"2017-08-14T14:27:58+00:00\",\"description\":\"F\u00fcr Pressen von Blechteilen stehen uns einige exzentrische und hydraulische Pressanlagen zur Verf\u00fcgung. In der Serienproduktion von einfachen Teilen\",\"breadcrumb\":{\"@id\":\"https:\/\/www.vyprachticky.cz\/de\/pressen\/#breadcrumb\"},\"inLanguage\":\"de\",\"potentialAction\":[{\"@type\":\"ReadAction\",\"target\":[\"https:\/\/www.vyprachticky.cz\/de\/pressen\/\"]}]},{\"@type\":\"ImageObject\",\"inLanguage\":\"de\",\"@id\":\"https:\/\/www.vyprachticky.cz\/de\/pressen\/#primaryimage\",\"url\":\"https:\/\/www.vyprachticky.cz\/wp-content\/uploads\/2017\/07\/Pemserter-4-Autofeed.jpg\",\"contentUrl\":\"https:\/\/www.vyprachticky.cz\/wp-content\/uploads\/2017\/07\/Pemserter-4-Autofeed.jpg\"},{\"@type\":\"BreadcrumbList\",\"@id\":\"https:\/\/www.vyprachticky.cz\/de\/pressen\/#breadcrumb\",\"itemListElement\":[{\"@type\":\"ListItem\",\"position\":1,\"name\":\"\",\"item\":\"https:\/\/www.vyprachticky.cz\/de\/\"},{\"@type\":\"ListItem\",\"position\":2,\"name\":\"Maschinenbauproduktion\",\"item\":\"https:\/\/www.vyprachticky.cz\/de\/maschinenbauproduktion\/\"},{\"@type\":\"ListItem\",\"position\":3,\"name\":\"Pressen\"}]},{\"@type\":\"WebSite\",\"@id\":\"https:\/\/www.vyprachticky.cz\/#website\",\"url\":\"https:\/\/www.vyprachticky.cz\/\",\"name\":\"V\u00ddPRACHTICK\u00dd s.r.o.\",\"description\":\"Stroj\u00edrensk\u00e1 a z\u00e1me\u010dnick\u00e1 v\u00fdroba\",\"publisher\":{\"@id\":\"https:\/\/www.vyprachticky.cz\/#organization\"},\"potentialAction\":[{\"@type\":\"SearchAction\",\"target\":{\"@type\":\"EntryPoint\",\"urlTemplate\":\"https:\/\/www.vyprachticky.cz\/?s={search_term_string}\"},\"query-input\":{\"@type\":\"PropertyValueSpecification\",\"valueRequired\":true,\"valueName\":\"search_term_string\"}}],\"inLanguage\":\"de\"},{\"@type\":\"Organization\",\"@id\":\"https:\/\/www.vyprachticky.cz\/#organization\",\"name\":\"V\u00ddPRACHTICK\u00dd s.r.o.\",\"url\":\"https:\/\/www.vyprachticky.cz\/\",\"logo\":{\"@type\":\"ImageObject\",\"inLanguage\":\"de\",\"@id\":\"https:\/\/www.vyprachticky.cz\/#\/schema\/logo\/image\/\",\"url\":\"https:\/\/www.vyprachticky.cz\/wp-content\/uploads\/2016\/12\/logo-fb.png\",\"contentUrl\":\"https:\/\/www.vyprachticky.cz\/wp-content\/uploads\/2016\/12\/logo-fb.png\",\"width\":800,\"height\":420,\"caption\":\"V\u00ddPRACHTICK\u00dd s.r.o.\"},\"image\":{\"@id\":\"https:\/\/www.vyprachticky.cz\/#\/schema\/logo\/image\/\"}}]}<\/script>\n<!-- \/ Yoast SEO plugin. -->","yoast_head_json":{"title":"Pressen - V\u00ddPRACHTICK\u00dd s.r.o.","description":"F\u00fcr Pressen von Blechteilen stehen uns einige exzentrische und hydraulische Pressanlagen zur Verf\u00fcgung. In der Serienproduktion von einfachen Teilen","robots":{"index":"index","follow":"follow","max-snippet":"max-snippet:-1","max-image-preview":"max-image-preview:large","max-video-preview":"max-video-preview:-1"},"canonical":"https:\/\/www.vyprachticky.cz\/de\/pressen\/","og_locale":"de_DE","og_type":"article","og_title":"Pressen - V\u00ddPRACHTICK\u00dd s.r.o.","og_description":"F\u00fcr Pressen von Blechteilen stehen uns einige exzentrische und hydraulische Pressanlagen zur Verf\u00fcgung. In der Serienproduktion von einfachen Teilen","og_url":"https:\/\/www.vyprachticky.cz\/de\/pressen\/","og_site_name":"V\u00ddPRACHTICK\u00dd s.r.o.","article_modified_time":"2017-08-14T14:27:58+00:00","og_image":[{"url":"https:\/\/www.vyprachticky.cz\/wp-content\/uploads\/2017\/07\/Pemserter-4-Autofeed.jpg","type":"","width":"","height":""}],"twitter_card":"summary_large_image","twitter_misc":{"Gesch\u00e4tzte Lesezeit":"1\u00a0Minute"},"schema":{"@context":"https:\/\/schema.org","@graph":[{"@type":"WebPage","@id":"https:\/\/www.vyprachticky.cz\/de\/pressen\/","url":"https:\/\/www.vyprachticky.cz\/de\/pressen\/","name":"Pressen - V\u00ddPRACHTICK\u00dd s.r.o.","isPartOf":{"@id":"https:\/\/www.vyprachticky.cz\/#website"},"primaryImageOfPage":{"@id":"https:\/\/www.vyprachticky.cz\/de\/pressen\/#primaryimage"},"image":{"@id":"https:\/\/www.vyprachticky.cz\/de\/pressen\/#primaryimage"},"thumbnailUrl":"https:\/\/www.vyprachticky.cz\/wp-content\/uploads\/2017\/07\/Pemserter-4-Autofeed.jpg","datePublished":"2017-08-11T10:19:30+00:00","dateModified":"2017-08-14T14:27:58+00:00","description":"F\u00fcr Pressen von Blechteilen stehen uns einige exzentrische und hydraulische Pressanlagen zur Verf\u00fcgung. In der Serienproduktion von einfachen Teilen","breadcrumb":{"@id":"https:\/\/www.vyprachticky.cz\/de\/pressen\/#breadcrumb"},"inLanguage":"de","potentialAction":[{"@type":"ReadAction","target":["https:\/\/www.vyprachticky.cz\/de\/pressen\/"]}]},{"@type":"ImageObject","inLanguage":"de","@id":"https:\/\/www.vyprachticky.cz\/de\/pressen\/#primaryimage","url":"https:\/\/www.vyprachticky.cz\/wp-content\/uploads\/2017\/07\/Pemserter-4-Autofeed.jpg","contentUrl":"https:\/\/www.vyprachticky.cz\/wp-content\/uploads\/2017\/07\/Pemserter-4-Autofeed.jpg"},{"@type":"BreadcrumbList","@id":"https:\/\/www.vyprachticky.cz\/de\/pressen\/#breadcrumb","itemListElement":[{"@type":"ListItem","position":1,"name":"","item":"https:\/\/www.vyprachticky.cz\/de\/"},{"@type":"ListItem","position":2,"name":"Maschinenbauproduktion","item":"https:\/\/www.vyprachticky.cz\/de\/maschinenbauproduktion\/"},{"@type":"ListItem","position":3,"name":"Pressen"}]},{"@type":"WebSite","@id":"https:\/\/www.vyprachticky.cz\/#website","url":"https:\/\/www.vyprachticky.cz\/","name":"V\u00ddPRACHTICK\u00dd s.r.o.","description":"Stroj\u00edrensk\u00e1 a z\u00e1me\u010dnick\u00e1 v\u00fdroba","publisher":{"@id":"https:\/\/www.vyprachticky.cz\/#organization"},"potentialAction":[{"@type":"SearchAction","target":{"@type":"EntryPoint","urlTemplate":"https:\/\/www.vyprachticky.cz\/?s={search_term_string}"},"query-input":{"@type":"PropertyValueSpecification","valueRequired":true,"valueName":"search_term_string"}}],"inLanguage":"de"},{"@type":"Organization","@id":"https:\/\/www.vyprachticky.cz\/#organization","name":"V\u00ddPRACHTICK\u00dd s.r.o.","url":"https:\/\/www.vyprachticky.cz\/","logo":{"@type":"ImageObject","inLanguage":"de","@id":"https:\/\/www.vyprachticky.cz\/#\/schema\/logo\/image\/","url":"https:\/\/www.vyprachticky.cz\/wp-content\/uploads\/2016\/12\/logo-fb.png","contentUrl":"https:\/\/www.vyprachticky.cz\/wp-content\/uploads\/2016\/12\/logo-fb.png","width":800,"height":420,"caption":"V\u00ddPRACHTICK\u00dd s.r.o."},"image":{"@id":"https:\/\/www.vyprachticky.cz\/#\/schema\/logo\/image\/"}}]}},"_links":{"self":[{"href":"https:\/\/www.vyprachticky.cz\/de\/wp-json\/wp\/v2\/pages\/389","targetHints":{"allow":["GET"]}}],"collection":[{"href":"https:\/\/www.vyprachticky.cz\/de\/wp-json\/wp\/v2\/pages"}],"about":[{"href":"https:\/\/www.vyprachticky.cz\/de\/wp-json\/wp\/v2\/types\/page"}],"author":[{"embeddable":true,"href":"https:\/\/www.vyprachticky.cz\/de\/wp-json\/wp\/v2\/users\/1"}],"replies":[{"embeddable":true,"href":"https:\/\/www.vyprachticky.cz\/de\/wp-json\/wp\/v2\/comments?post=389"}],"version-history":[{"count":4,"href":"https:\/\/www.vyprachticky.cz\/de\/wp-json\/wp\/v2\/pages\/389\/revisions"}],"predecessor-version":[{"id":758,"href":"https:\/\/www.vyprachticky.cz\/de\/wp-json\/wp\/v2\/pages\/389\/revisions\/758"}],"up":[{"embeddable":true,"href":"https:\/\/www.vyprachticky.cz\/de\/wp-json\/wp\/v2\/pages\/369"}],"wp:attachment":[{"href":"https:\/\/www.vyprachticky.cz\/de\/wp-json\/wp\/v2\/media?parent=389"}],"curies":[{"name":"wp","href":"https:\/\/api.w.org\/{rel}","templated":true}]}}