{"id":393,"date":"2017-08-11T12:20:35","date_gmt":"2017-08-11T10:20:35","guid":{"rendered":"https:\/\/www.vyprachticky.cz\/?page_id=393\/"},"modified":"2025-04-08T10:21:40","modified_gmt":"2025-04-08T08:21:40","slug":"schweissen","status":"publish","type":"page","link":"https:\/\/www.vyprachticky.cz\/de\/schweissen\/","title":{"rendered":"Schweissen"},"content":{"rendered":"<p class=\"odstavecUvodnik\"><strong>Wir schwei\u00dfen Stahl, Edelstahl und auch  Aluminiu<\/strong>m  Wir arbeiten mit Schwei\u00dfger\u00e4ten KEMPI f\u00fcr Methoden TIG &#8211; WIG a&nbsp;MIG &#8211; MAG.<\/p>\n<div class=\"row\">\n<div class=\"col-sm-6\"><a href=\"https:\/\/www.vyprachticky.cz\/wp-content\/uploads\/2025\/04\/svarovani-02.jpg\" class=\"thumbnail\" title=\"Sva\u0159ov\u00e1n\u00ed\" rel=\"1\"><img loading=\"lazy\" decoding=\"async\" width=\"1024\" height=\"681\" src=\"https:\/\/www.vyprachticky.cz\/wp-content\/uploads\/2025\/04\/svarovani-02-1024x681.jpg\" alt=\"Sva\u0159ov\u00e1n\u00ed\" class=\"size-full wp-image-1770\" srcset=\"https:\/\/www.vyprachticky.cz\/wp-content\/uploads\/2025\/04\/svarovani-02-1024x681.jpg 1024w, https:\/\/www.vyprachticky.cz\/wp-content\/uploads\/2025\/04\/svarovani-02-300x200.jpg 300w, https:\/\/www.vyprachticky.cz\/wp-content\/uploads\/2025\/04\/svarovani-02-768x511.jpg 768w, https:\/\/www.vyprachticky.cz\/wp-content\/uploads\/2025\/04\/svarovani-02.jpg 1200w\" sizes=\"auto, (max-width: 1024px) 100vw, 1024px\" \/><\/a><\/div>\n<div class=\"col-sm-6\"><a href=\"https:\/\/www.vyprachticky.cz\/wp-content\/uploads\/2025\/04\/svarovani-01.jpg\" class=\"thumbnail\" title=\"Sva\u0159ov\u00e1n\u00ed\" rel=\"1\"><img loading=\"lazy\" decoding=\"async\" width=\"1024\" height=\"681\" src=\"https:\/\/www.vyprachticky.cz\/wp-content\/uploads\/2025\/04\/svarovani-01-1024x681.jpg\" alt=\"Sva\u0159ov\u00e1n\u00ed\" class=\"size-full wp-image-1773\" srcset=\"https:\/\/www.vyprachticky.cz\/wp-content\/uploads\/2025\/04\/svarovani-01-1024x681.jpg 1024w, https:\/\/www.vyprachticky.cz\/wp-content\/uploads\/2025\/04\/svarovani-01-300x200.jpg 300w, https:\/\/www.vyprachticky.cz\/wp-content\/uploads\/2025\/04\/svarovani-01-768x511.jpg 768w, https:\/\/www.vyprachticky.cz\/wp-content\/uploads\/2025\/04\/svarovani-01.jpg 1200w\" sizes=\"auto, (max-width: 1024px) 100vw, 1024px\" \/><\/a><\/div>\n<\/div>\n<p>Feste und zuverl\u00e4ssige Verbindungen sind die Grundlage jedes Qualit\u00e4tsprodukts. Wir bieten professionelles <strong>Schwei\u00dfen von Stahl<\/strong>, <strong>Edelstahl und Aluminium<\/strong> \u2013 sowohl <strong>manuell als auch robotergest\u00fctzt<\/strong> \u2013 je nach Anforderungen und Art Ihres Projekts.<\/p>\n<p>Wir verf\u00fcgen \u00fcber:<\/p>\n<ul class=\"wp-block-list\">\n<li><strong>Manuelles MIG\/MAG- und TIG-Schwei\u00dfen<\/strong> \u2013  ideal f\u00fcr Einzelst\u00fccke und Kleinserien,<\/li>\n<li><strong>Robotergest\u00fctzte Schwei\u00dfzelle (MAG)<\/strong> \u2013  f\u00fcr wiederholgenaues und pr\u00e4zises Schwei\u00dfen in gr\u00f6\u00dferen Serien,<\/li>\n<li><strong>Punktschwei\u00dfen<\/strong> \u2013 f\u00fcr schnelle, feste und effiziente Verbindungen von Blechbauteilen.<\/li>\n<\/ul>\n<p>\nUnsere Schwei\u00dfer sind gem\u00e4\u00df <strong>ISO EN 9606<\/strong> zertifiziert und arbeiten im Einklang mit den Qualit\u00e4tsmanagementsystemen <strong>ISO 3834<\/strong> und <strong>EN 1090<\/strong>. So garantieren wir h\u00f6chste Schwei\u00dfqualit\u00e4t auch bei anspruchsvollen Projekten, einschlie\u00dflich tragender Konstruktionen.\n<\/p>\n<p class=\"odstavecDulezite\">\n\u2714\ufe0f Schwei\u00dfen von Stahl, Edelstahl und Aluminium<br \/>\n\u2714\ufe0f Zertifizierte Schwei\u00dfer und kontrollierte Prozesse<br \/>\n\u2714\ufe0f Kombination aus manueller und robotergest\u00fctzter Technik\n<\/p>\n<p class=\"odstavecUvodnik\">\nOb Einzelteil oder komplexe Baugruppe \u2013 wir entwickeln die optimale Schwei\u00dfl\u00f6sung f\u00fcr Ihr Projekt \u2013 <a href=\"https:\/\/www.vyprachticky.cz\/kontakt-2\/\">Kontaktieren Sie uns<\/a>!\n<\/p>\n<div>&nbsp;<\/div>\n<p>Zu anstrengenderen Applikationen benutzen wir Schwei\u00dfger\u00e4te EWM mit der Impulsmethode MIG-MAG Schwei\u00dfen. Die Schwei\u00dfn\u00e4hte werden dann \u00fcberschiffen, um die Finalform zu erreichen.<\/p>\n<p>Zur Verf\u00fcgung haben wir auch die Methode \u2013 Aufschwei\u00dfen von Bolzen mit Spitzz\u00fcndung, wobei wir die Maschine <strong>PROWELD LBS 73<\/strong> einsetzen.<\/p>\n<p>Zum Widerstandsschwei\u00dfen benutzen wir Punktschwei\u00dfmaschinen von italienischer Firma TECNA.<\/p>\n<div class=\"row\">\n<div class=\"col-sm-4\">\n\t\t<img loading=\"lazy\" decoding=\"async\" src=\"https:\/\/www.vyprachticky.cz\/wp-content\/uploads\/2017\/07\/kempoweld.jpg\" alt=\"kempoweld\" width=\"185\" height=\"185\" class=\"img-thumbnail img-responsive alignnone size-full wp-image-222 center-block\" srcset=\"https:\/\/www.vyprachticky.cz\/wp-content\/uploads\/2017\/07\/kempoweld.jpg 185w, https:\/\/www.vyprachticky.cz\/wp-content\/uploads\/2017\/07\/kempoweld-150x150.jpg 150w\" sizes=\"auto, (max-width: 185px) 100vw, 185px\" \/>\n\t<\/div>\n<div class=\"clearfix visible-xs\">&nbsp;<\/div>\n<div class=\"col-sm-4\">\n<img loading=\"lazy\" decoding=\"async\" src=\"https:\/\/www.vyprachticky.cz\/wp-content\/uploads\/2017\/07\/lbs-75.jpg\" alt=\"lbs 75\" width=\"185\" height=\"185\" class=\"img-thumbnail img-responsive alignnone size-full wp-image-223 center-block\" srcset=\"https:\/\/www.vyprachticky.cz\/wp-content\/uploads\/2017\/07\/lbs-75.jpg 185w, https:\/\/www.vyprachticky.cz\/wp-content\/uploads\/2017\/07\/lbs-75-150x150.jpg 150w\" sizes=\"auto, (max-width: 185px) 100vw, 185px\" \/>\n\t<\/div>\n<div class=\"clearfix visible-xs\">&nbsp;<\/div>\n<div class=\"col-sm-4\">\n<img loading=\"lazy\" decoding=\"async\" src=\"https:\/\/www.vyprachticky.cz\/wp-content\/uploads\/2017\/07\/Phoenix-301.jpg\" alt=\"phoenix 301\" width=\"185\" height=\"185\" class=\"img-thumbnail img-responsive alignnone size-full wp-image-224 center-block\" srcset=\"https:\/\/www.vyprachticky.cz\/wp-content\/uploads\/2017\/07\/Phoenix-301.jpg 185w, https:\/\/www.vyprachticky.cz\/wp-content\/uploads\/2017\/07\/Phoenix-301-150x150.jpg 150w\" sizes=\"auto, (max-width: 185px) 100vw, 185px\" \/>\n\t<\/div>\n<\/div>\n<div class=\"clearfix\">&nbsp;<\/div>\n<div class=\"row\">\n<img loading=\"lazy\" decoding=\"async\" src=\"https:\/\/www.vyprachticky.cz\/wp-content\/uploads\/2017\/07\/Tecna-3322.jpg\" alt=\"Tecna-3322\" width=\"480\" height=\"160\" class=\"img-thumbnail img-responsive alignnone size-full wp-image-221 center-block\" srcset=\"https:\/\/www.vyprachticky.cz\/wp-content\/uploads\/2017\/07\/Tecna-3322.jpg 480w, https:\/\/www.vyprachticky.cz\/wp-content\/uploads\/2017\/07\/Tecna-3322-300x100.jpg 300w\" sizes=\"auto, (max-width: 480px) 100vw, 480px\" \/>\n<\/div>\n","protected":false},"excerpt":{"rendered":"<p>Wir schwei\u00dfen Stahl, Edelstahl und auch Aluminium Wir arbeiten mit Schwei\u00dfger\u00e4ten KEMPI f\u00fcr Methoden TIG &#8211; WIG a&nbsp;MIG &#8211; MAG. Feste und zuverl\u00e4ssige Verbindungen sind die Grundlage jedes Qualit\u00e4tsprodukts. Wir bieten professionelles Schwei\u00dfen von Stahl, Edelstahl und Aluminium \u2013 sowohl manuell als auch robotergest\u00fctzt \u2013 je nach Anforderungen und Art Ihres Projekts. Wir verf\u00fcgen \u00fcber: &hellip;<\/p>\n","protected":false},"author":1,"featured_media":0,"parent":369,"menu_order":0,"comment_status":"closed","ping_status":"closed","template":"page-templates\/pravy-sloupec.php","meta":{"footnotes":""},"class_list":["post-393","page","type-page","status-publish","hentry"],"yoast_head":"<!-- This site is optimized with the Yoast SEO plugin v26.9 - https:\/\/yoast.com\/product\/yoast-seo-wordpress\/ -->\n<title>Schweissen - V\u00ddPRACHTICK\u00dd s.r.o.<\/title>\n<meta name=\"description\" content=\"Wir schwei\u00dfen Stahl, Edelstahl und auch Aluminium Wir arbeiten mit Schwei\u00dfger\u00e4ten KEMPI f\u00fcr Methoden TIG - WIG a MIG - MAG. Feste und zuverl\u00e4ssige\" \/>\n<meta name=\"robots\" content=\"index, follow, max-snippet:-1, max-image-preview:large, max-video-preview:-1\" \/>\n<link rel=\"canonical\" href=\"https:\/\/www.vyprachticky.cz\/de\/schweissen\/\" \/>\n<meta property=\"og:locale\" content=\"de_DE\" \/>\n<meta property=\"og:type\" content=\"article\" \/>\n<meta property=\"og:title\" content=\"Schweissen - V\u00ddPRACHTICK\u00dd s.r.o.\" \/>\n<meta property=\"og:description\" content=\"Wir schwei\u00dfen Stahl, Edelstahl und auch Aluminium Wir arbeiten mit Schwei\u00dfger\u00e4ten KEMPI f\u00fcr Methoden TIG - WIG a MIG - MAG. Feste und zuverl\u00e4ssige\" \/>\n<meta property=\"og:url\" content=\"https:\/\/www.vyprachticky.cz\/de\/schweissen\/\" \/>\n<meta property=\"og:site_name\" content=\"V\u00ddPRACHTICK\u00dd s.r.o.\" \/>\n<meta property=\"article:modified_time\" content=\"2025-04-08T08:21:40+00:00\" \/>\n<meta property=\"og:image\" content=\"https:\/\/www.vyprachticky.cz\/wp-content\/uploads\/2025\/04\/svarovani-02.jpg\" \/>\n\t<meta property=\"og:image:width\" content=\"1200\" \/>\n\t<meta property=\"og:image:height\" content=\"798\" \/>\n\t<meta property=\"og:image:type\" content=\"image\/jpeg\" \/>\n<meta name=\"twitter:card\" content=\"summary_large_image\" \/>\n<meta name=\"twitter:label1\" content=\"Gesch\u00e4tzte Lesezeit\" \/>\n\t<meta name=\"twitter:data1\" content=\"2\u00a0Minuten\" \/>\n<script type=\"application\/ld+json\" class=\"yoast-schema-graph\">{\"@context\":\"https:\/\/schema.org\",\"@graph\":[{\"@type\":\"WebPage\",\"@id\":\"https:\/\/www.vyprachticky.cz\/de\/schweissen\/\",\"url\":\"https:\/\/www.vyprachticky.cz\/de\/schweissen\/\",\"name\":\"Schweissen - V\u00ddPRACHTICK\u00dd s.r.o.\",\"isPartOf\":{\"@id\":\"https:\/\/www.vyprachticky.cz\/#website\"},\"primaryImageOfPage\":{\"@id\":\"https:\/\/www.vyprachticky.cz\/de\/schweissen\/#primaryimage\"},\"image\":{\"@id\":\"https:\/\/www.vyprachticky.cz\/de\/schweissen\/#primaryimage\"},\"thumbnailUrl\":\"https:\/\/www.vyprachticky.cz\/wp-content\/uploads\/2025\/04\/svarovani-02-1024x681.jpg\",\"datePublished\":\"2017-08-11T10:20:35+00:00\",\"dateModified\":\"2025-04-08T08:21:40+00:00\",\"description\":\"Wir schwei\u00dfen Stahl, Edelstahl und auch Aluminium Wir arbeiten mit Schwei\u00dfger\u00e4ten KEMPI f\u00fcr Methoden TIG - WIG a MIG - MAG. Feste und zuverl\u00e4ssige\",\"breadcrumb\":{\"@id\":\"https:\/\/www.vyprachticky.cz\/de\/schweissen\/#breadcrumb\"},\"inLanguage\":\"de\",\"potentialAction\":[{\"@type\":\"ReadAction\",\"target\":[\"https:\/\/www.vyprachticky.cz\/de\/schweissen\/\"]}]},{\"@type\":\"ImageObject\",\"inLanguage\":\"de\",\"@id\":\"https:\/\/www.vyprachticky.cz\/de\/schweissen\/#primaryimage\",\"url\":\"https:\/\/www.vyprachticky.cz\/wp-content\/uploads\/2025\/04\/svarovani-02-1024x681.jpg\",\"contentUrl\":\"https:\/\/www.vyprachticky.cz\/wp-content\/uploads\/2025\/04\/svarovani-02-1024x681.jpg\"},{\"@type\":\"BreadcrumbList\",\"@id\":\"https:\/\/www.vyprachticky.cz\/de\/schweissen\/#breadcrumb\",\"itemListElement\":[{\"@type\":\"ListItem\",\"position\":1,\"name\":\"\",\"item\":\"https:\/\/www.vyprachticky.cz\/de\/\"},{\"@type\":\"ListItem\",\"position\":2,\"name\":\"Maschinenbauproduktion\",\"item\":\"https:\/\/www.vyprachticky.cz\/de\/maschinenbauproduktion\/\"},{\"@type\":\"ListItem\",\"position\":3,\"name\":\"Schweissen\"}]},{\"@type\":\"WebSite\",\"@id\":\"https:\/\/www.vyprachticky.cz\/#website\",\"url\":\"https:\/\/www.vyprachticky.cz\/\",\"name\":\"V\u00ddPRACHTICK\u00dd s.r.o.\",\"description\":\"Stroj\u00edrensk\u00e1 a z\u00e1me\u010dnick\u00e1 v\u00fdroba\",\"publisher\":{\"@id\":\"https:\/\/www.vyprachticky.cz\/#organization\"},\"potentialAction\":[{\"@type\":\"SearchAction\",\"target\":{\"@type\":\"EntryPoint\",\"urlTemplate\":\"https:\/\/www.vyprachticky.cz\/?s={search_term_string}\"},\"query-input\":{\"@type\":\"PropertyValueSpecification\",\"valueRequired\":true,\"valueName\":\"search_term_string\"}}],\"inLanguage\":\"de\"},{\"@type\":\"Organization\",\"@id\":\"https:\/\/www.vyprachticky.cz\/#organization\",\"name\":\"V\u00ddPRACHTICK\u00dd s.r.o.\",\"url\":\"https:\/\/www.vyprachticky.cz\/\",\"logo\":{\"@type\":\"ImageObject\",\"inLanguage\":\"de\",\"@id\":\"https:\/\/www.vyprachticky.cz\/#\/schema\/logo\/image\/\",\"url\":\"https:\/\/www.vyprachticky.cz\/wp-content\/uploads\/2016\/12\/logo-fb.png\",\"contentUrl\":\"https:\/\/www.vyprachticky.cz\/wp-content\/uploads\/2016\/12\/logo-fb.png\",\"width\":800,\"height\":420,\"caption\":\"V\u00ddPRACHTICK\u00dd s.r.o.\"},\"image\":{\"@id\":\"https:\/\/www.vyprachticky.cz\/#\/schema\/logo\/image\/\"}}]}<\/script>\n<!-- \/ Yoast SEO plugin. -->","yoast_head_json":{"title":"Schweissen - V\u00ddPRACHTICK\u00dd s.r.o.","description":"Wir schwei\u00dfen Stahl, Edelstahl und auch Aluminium Wir arbeiten mit Schwei\u00dfger\u00e4ten KEMPI f\u00fcr Methoden TIG - WIG a MIG - MAG. Feste und zuverl\u00e4ssige","robots":{"index":"index","follow":"follow","max-snippet":"max-snippet:-1","max-image-preview":"max-image-preview:large","max-video-preview":"max-video-preview:-1"},"canonical":"https:\/\/www.vyprachticky.cz\/de\/schweissen\/","og_locale":"de_DE","og_type":"article","og_title":"Schweissen - V\u00ddPRACHTICK\u00dd s.r.o.","og_description":"Wir schwei\u00dfen Stahl, Edelstahl und auch Aluminium Wir arbeiten mit Schwei\u00dfger\u00e4ten KEMPI f\u00fcr Methoden TIG - WIG a MIG - MAG. Feste und zuverl\u00e4ssige","og_url":"https:\/\/www.vyprachticky.cz\/de\/schweissen\/","og_site_name":"V\u00ddPRACHTICK\u00dd s.r.o.","article_modified_time":"2025-04-08T08:21:40+00:00","og_image":[{"width":1200,"height":798,"url":"https:\/\/www.vyprachticky.cz\/wp-content\/uploads\/2025\/04\/svarovani-02.jpg","type":"image\/jpeg"}],"twitter_card":"summary_large_image","twitter_misc":{"Gesch\u00e4tzte Lesezeit":"2\u00a0Minuten"},"schema":{"@context":"https:\/\/schema.org","@graph":[{"@type":"WebPage","@id":"https:\/\/www.vyprachticky.cz\/de\/schweissen\/","url":"https:\/\/www.vyprachticky.cz\/de\/schweissen\/","name":"Schweissen - V\u00ddPRACHTICK\u00dd s.r.o.","isPartOf":{"@id":"https:\/\/www.vyprachticky.cz\/#website"},"primaryImageOfPage":{"@id":"https:\/\/www.vyprachticky.cz\/de\/schweissen\/#primaryimage"},"image":{"@id":"https:\/\/www.vyprachticky.cz\/de\/schweissen\/#primaryimage"},"thumbnailUrl":"https:\/\/www.vyprachticky.cz\/wp-content\/uploads\/2025\/04\/svarovani-02-1024x681.jpg","datePublished":"2017-08-11T10:20:35+00:00","dateModified":"2025-04-08T08:21:40+00:00","description":"Wir schwei\u00dfen Stahl, Edelstahl und auch Aluminium Wir arbeiten mit Schwei\u00dfger\u00e4ten KEMPI f\u00fcr Methoden TIG - WIG a MIG - MAG. Feste und zuverl\u00e4ssige","breadcrumb":{"@id":"https:\/\/www.vyprachticky.cz\/de\/schweissen\/#breadcrumb"},"inLanguage":"de","potentialAction":[{"@type":"ReadAction","target":["https:\/\/www.vyprachticky.cz\/de\/schweissen\/"]}]},{"@type":"ImageObject","inLanguage":"de","@id":"https:\/\/www.vyprachticky.cz\/de\/schweissen\/#primaryimage","url":"https:\/\/www.vyprachticky.cz\/wp-content\/uploads\/2025\/04\/svarovani-02-1024x681.jpg","contentUrl":"https:\/\/www.vyprachticky.cz\/wp-content\/uploads\/2025\/04\/svarovani-02-1024x681.jpg"},{"@type":"BreadcrumbList","@id":"https:\/\/www.vyprachticky.cz\/de\/schweissen\/#breadcrumb","itemListElement":[{"@type":"ListItem","position":1,"name":"","item":"https:\/\/www.vyprachticky.cz\/de\/"},{"@type":"ListItem","position":2,"name":"Maschinenbauproduktion","item":"https:\/\/www.vyprachticky.cz\/de\/maschinenbauproduktion\/"},{"@type":"ListItem","position":3,"name":"Schweissen"}]},{"@type":"WebSite","@id":"https:\/\/www.vyprachticky.cz\/#website","url":"https:\/\/www.vyprachticky.cz\/","name":"V\u00ddPRACHTICK\u00dd s.r.o.","description":"Stroj\u00edrensk\u00e1 a z\u00e1me\u010dnick\u00e1 v\u00fdroba","publisher":{"@id":"https:\/\/www.vyprachticky.cz\/#organization"},"potentialAction":[{"@type":"SearchAction","target":{"@type":"EntryPoint","urlTemplate":"https:\/\/www.vyprachticky.cz\/?s={search_term_string}"},"query-input":{"@type":"PropertyValueSpecification","valueRequired":true,"valueName":"search_term_string"}}],"inLanguage":"de"},{"@type":"Organization","@id":"https:\/\/www.vyprachticky.cz\/#organization","name":"V\u00ddPRACHTICK\u00dd s.r.o.","url":"https:\/\/www.vyprachticky.cz\/","logo":{"@type":"ImageObject","inLanguage":"de","@id":"https:\/\/www.vyprachticky.cz\/#\/schema\/logo\/image\/","url":"https:\/\/www.vyprachticky.cz\/wp-content\/uploads\/2016\/12\/logo-fb.png","contentUrl":"https:\/\/www.vyprachticky.cz\/wp-content\/uploads\/2016\/12\/logo-fb.png","width":800,"height":420,"caption":"V\u00ddPRACHTICK\u00dd s.r.o."},"image":{"@id":"https:\/\/www.vyprachticky.cz\/#\/schema\/logo\/image\/"}}]}},"_links":{"self":[{"href":"https:\/\/www.vyprachticky.cz\/de\/wp-json\/wp\/v2\/pages\/393","targetHints":{"allow":["GET"]}}],"collection":[{"href":"https:\/\/www.vyprachticky.cz\/de\/wp-json\/wp\/v2\/pages"}],"about":[{"href":"https:\/\/www.vyprachticky.cz\/de\/wp-json\/wp\/v2\/types\/page"}],"author":[{"embeddable":true,"href":"https:\/\/www.vyprachticky.cz\/de\/wp-json\/wp\/v2\/users\/1"}],"replies":[{"embeddable":true,"href":"https:\/\/www.vyprachticky.cz\/de\/wp-json\/wp\/v2\/comments?post=393"}],"version-history":[{"count":5,"href":"https:\/\/www.vyprachticky.cz\/de\/wp-json\/wp\/v2\/pages\/393\/revisions"}],"predecessor-version":[{"id":1780,"href":"https:\/\/www.vyprachticky.cz\/de\/wp-json\/wp\/v2\/pages\/393\/revisions\/1780"}],"up":[{"embeddable":true,"href":"https:\/\/www.vyprachticky.cz\/de\/wp-json\/wp\/v2\/pages\/369"}],"wp:attachment":[{"href":"https:\/\/www.vyprachticky.cz\/de\/wp-json\/wp\/v2\/media?parent=393"}],"curies":[{"name":"wp","href":"https:\/\/api.w.org\/{rel}","templated":true}]}}