{"id":403,"date":"2017-08-11T12:23:11","date_gmt":"2017-08-11T10:23:11","guid":{"rendered":"https:\/\/www.vyprachticky.cz\/?page_id=403\/"},"modified":"2025-04-08T10:28:19","modified_gmt":"2025-04-08T08:28:19","slug":"komplettierung","status":"publish","type":"page","link":"https:\/\/www.vyprachticky.cz\/de\/komplettierung\/","title":{"rendered":"Komplettierung"},"content":{"rendered":"<p class=\"odstavecUvodnik\">Produktion kompletter Gruppen und Systeme auf Wunsch des Kunden \u2013 kleine, mittlere und gro\u00dfe Serien.<\/p>\n<div class=\"row\">\n<div class=\"col-sm-3\">\n\t<a href=\"https:\/\/www.vyprachticky.cz\/wp-content\/uploads\/2025\/04\/kompletace-01.jpg\" rel=\"1\" title=\"Komplettierung\" class=\"thumbnail\"><img loading=\"lazy\" decoding=\"async\" src=\"https:\/\/www.vyprachticky.cz\/wp-content\/uploads\/2025\/04\/kompletace-01-300x200.jpg\" alt=\"Komplettierung\" width=\"315\" height=\"193\" class=\"alignnone size-full wp-image-1762\" \/><\/a>\n\t<\/div>\n<div class=\"col-sm-3\">\n\t<a href=\"https:\/\/www.vyprachticky.cz\/wp-content\/uploads\/2025\/04\/kompletace-02.jpg\" rel=\"1\" title=\"Komplettierung\" class=\"thumbnail\"><img loading=\"lazy\" decoding=\"async\" src=\"https:\/\/www.vyprachticky.cz\/wp-content\/uploads\/2025\/04\/kompletace-02-300x200.jpg\" alt=\"Komplettierung\" width=\"315\" height=\"193\" class=\"alignnone size-full wp-image-1759\" \/><\/a>\n\t<\/div>\n<div class=\"col-sm-3\">\n\t<a href=\"https:\/\/www.vyprachticky.cz\/wp-content\/uploads\/2025\/04\/kompletace-03.jpg\" rel=\"1\" title=\"Komplettierung\" class=\"thumbnail\"><img loading=\"lazy\" decoding=\"async\" src=\"https:\/\/www.vyprachticky.cz\/wp-content\/uploads\/2025\/04\/kompletace-03-300x200.jpg\" alt=\"Komplettierung\" width=\"315\" height=\"193\" class=\"alignnone size-full wp-image-1756\" \/><\/a>\n\t<\/div>\n<div class=\"col-sm-3\">\n\t<a href=\"https:\/\/www.vyprachticky.cz\/wp-content\/uploads\/2025\/04\/kompletace-04.jpg\" rel=\"1\" title=\"Komplettierung\" class=\"thumbnail\"><img loading=\"lazy\" decoding=\"async\" src=\"https:\/\/www.vyprachticky.cz\/wp-content\/uploads\/2025\/04\/kompletace-04-300x200.jpg\" alt=\"Komplettierung\" width=\"315\" height=\"193\" class=\"alignnone size-full wp-image-1753\" \/><\/a>\n\t<\/div>\n<\/div>\n<h2>\nKomplettmontagen<br \/>\n<\/h2>\n<p>Wir sind nicht nur Hersteller \u2013 wir sind Ihr Partner f\u00fcr ganzheitliche L\u00f6sungen. Neben pr\u00e4ziser Fertigung bieten wir auch <strong>die Komplettmontage von Endprodukten an<\/strong>, sodass Sie ein fertiges, voll funktionsf\u00e4higes Produkt erhalten \u2013 bereit f\u00fcr den sofortigen Einsatz.<\/p>\n<p>Wir \u00fcbernehmen die Montage von Einzelteilen zu kompletten Einheiten, einschlie\u00dflich:<\/p>\n<ul class=\"wp-block-list\">\n<li><strong>mechanischer Baugruppen,<\/strong><\/li>\n<li><strong>Elektroinstallationen,<\/strong><\/li>\n<li><strong>Funktionstests gem\u00e4\u00df Vorgaben,<\/strong><\/li>\n<li><strong>Verpackung und Versandvorbereitung.<\/strong><\/li>\n<\/ul>\n<p>\nMit uns gewinnen Sie nicht nur hochwertig verarbeitete Komponenten, sondern auch <strong>Zeit- und Logistikeinsparungen<\/strong>, da die Endmontage direkt bei uns erfolgt. So entf\u00e4llt die Notwendigkeit, mehrere Lieferanten zu koordinieren.\n<\/p>\n<p class=\"odstavecDulezite\">\n\u2714\ufe0f Ein Lieferant<br \/>\n\u2714\ufe0f Ein verantwortlicher Partner<br \/>\n\u2714\ufe0f Ein komplettes Produkt\n<\/p>\n<p class=\"odstavecUvodnik\">\n<a href=\"https:\/\/www.vyprachticky.cz\/de\/kontakt\/\">Kontaktieren Sie uns<\/a> und erfahren Sie, wie wir Sie bei der vollst\u00e4ndigen Umsetzung Ihres Projekts unterst\u00fctzen k\u00f6nnen.<\/p>\n","protected":false},"excerpt":{"rendered":"<p>Produktion kompletter Gruppen und Systeme auf Wunsch des Kunden \u2013 kleine, mittlere und gro\u00dfe Serien. Komplettmontagen Wir sind nicht nur Hersteller \u2013 wir sind Ihr Partner f\u00fcr ganzheitliche L\u00f6sungen. Neben pr\u00e4ziser Fertigung bieten wir auch die Komplettmontage von Endprodukten an, sodass Sie ein fertiges, voll funktionsf\u00e4higes Produkt erhalten \u2013 bereit f\u00fcr den sofortigen Einsatz. Wir &hellip;<\/p>\n","protected":false},"author":1,"featured_media":0,"parent":369,"menu_order":0,"comment_status":"closed","ping_status":"closed","template":"page-templates\/pravy-sloupec.php","meta":{"footnotes":""},"class_list":["post-403","page","type-page","status-publish","hentry"],"yoast_head":"<!-- This site is optimized with the Yoast SEO plugin v26.9 - https:\/\/yoast.com\/product\/yoast-seo-wordpress\/ -->\n<title>Komplettierung - V\u00ddPRACHTICK\u00dd s.r.o.<\/title>\n<meta name=\"description\" content=\"Produktion kompletter Gruppen und Systeme auf Wunsch des Kunden \u2013 kleine, mittlere und gro\u00dfe Serien. Komplettmontagen Wir sind nicht nur Hersteller \u2013 wir\" \/>\n<meta name=\"robots\" content=\"index, follow, max-snippet:-1, max-image-preview:large, max-video-preview:-1\" \/>\n<link rel=\"canonical\" href=\"https:\/\/www.vyprachticky.cz\/de\/komplettierung\/\" \/>\n<meta property=\"og:locale\" content=\"de_DE\" \/>\n<meta property=\"og:type\" content=\"article\" \/>\n<meta property=\"og:title\" content=\"Komplettierung - V\u00ddPRACHTICK\u00dd s.r.o.\" \/>\n<meta property=\"og:description\" content=\"Produktion kompletter Gruppen und Systeme auf Wunsch des Kunden \u2013 kleine, mittlere und gro\u00dfe Serien. Komplettmontagen Wir sind nicht nur Hersteller \u2013 wir\" \/>\n<meta property=\"og:url\" content=\"https:\/\/www.vyprachticky.cz\/de\/komplettierung\/\" \/>\n<meta property=\"og:site_name\" content=\"V\u00ddPRACHTICK\u00dd s.r.o.\" \/>\n<meta property=\"article:modified_time\" content=\"2025-04-08T08:28:19+00:00\" \/>\n<meta property=\"og:image\" content=\"https:\/\/www.vyprachticky.cz\/wp-content\/uploads\/2025\/04\/kompletace-01.jpg\" \/>\n\t<meta property=\"og:image:width\" content=\"1200\" \/>\n\t<meta property=\"og:image:height\" content=\"798\" \/>\n\t<meta property=\"og:image:type\" content=\"image\/jpeg\" \/>\n<meta name=\"twitter:card\" content=\"summary_large_image\" \/>\n<meta name=\"twitter:label1\" content=\"Gesch\u00e4tzte Lesezeit\" \/>\n\t<meta name=\"twitter:data1\" content=\"1\u00a0Minute\" \/>\n<script type=\"application\/ld+json\" class=\"yoast-schema-graph\">{\"@context\":\"https:\/\/schema.org\",\"@graph\":[{\"@type\":\"WebPage\",\"@id\":\"https:\/\/www.vyprachticky.cz\/de\/komplettierung\/\",\"url\":\"https:\/\/www.vyprachticky.cz\/de\/komplettierung\/\",\"name\":\"Komplettierung - V\u00ddPRACHTICK\u00dd s.r.o.\",\"isPartOf\":{\"@id\":\"https:\/\/www.vyprachticky.cz\/#website\"},\"primaryImageOfPage\":{\"@id\":\"https:\/\/www.vyprachticky.cz\/de\/komplettierung\/#primaryimage\"},\"image\":{\"@id\":\"https:\/\/www.vyprachticky.cz\/de\/komplettierung\/#primaryimage\"},\"thumbnailUrl\":\"https:\/\/www.vyprachticky.cz\/wp-content\/uploads\/2025\/04\/kompletace-01-300x200.jpg\",\"datePublished\":\"2017-08-11T10:23:11+00:00\",\"dateModified\":\"2025-04-08T08:28:19+00:00\",\"description\":\"Produktion kompletter Gruppen und Systeme auf Wunsch des Kunden \u2013 kleine, mittlere und gro\u00dfe Serien. Komplettmontagen Wir sind nicht nur Hersteller \u2013 wir\",\"breadcrumb\":{\"@id\":\"https:\/\/www.vyprachticky.cz\/de\/komplettierung\/#breadcrumb\"},\"inLanguage\":\"de\",\"potentialAction\":[{\"@type\":\"ReadAction\",\"target\":[\"https:\/\/www.vyprachticky.cz\/de\/komplettierung\/\"]}]},{\"@type\":\"ImageObject\",\"inLanguage\":\"de\",\"@id\":\"https:\/\/www.vyprachticky.cz\/de\/komplettierung\/#primaryimage\",\"url\":\"https:\/\/www.vyprachticky.cz\/wp-content\/uploads\/2025\/04\/kompletace-01-300x200.jpg\",\"contentUrl\":\"https:\/\/www.vyprachticky.cz\/wp-content\/uploads\/2025\/04\/kompletace-01-300x200.jpg\"},{\"@type\":\"BreadcrumbList\",\"@id\":\"https:\/\/www.vyprachticky.cz\/de\/komplettierung\/#breadcrumb\",\"itemListElement\":[{\"@type\":\"ListItem\",\"position\":1,\"name\":\"\",\"item\":\"https:\/\/www.vyprachticky.cz\/de\/\"},{\"@type\":\"ListItem\",\"position\":2,\"name\":\"Maschinenbauproduktion\",\"item\":\"https:\/\/www.vyprachticky.cz\/de\/maschinenbauproduktion\/\"},{\"@type\":\"ListItem\",\"position\":3,\"name\":\"Komplettierung\"}]},{\"@type\":\"WebSite\",\"@id\":\"https:\/\/www.vyprachticky.cz\/#website\",\"url\":\"https:\/\/www.vyprachticky.cz\/\",\"name\":\"V\u00ddPRACHTICK\u00dd s.r.o.\",\"description\":\"Stroj\u00edrensk\u00e1 a z\u00e1me\u010dnick\u00e1 v\u00fdroba\",\"publisher\":{\"@id\":\"https:\/\/www.vyprachticky.cz\/#organization\"},\"potentialAction\":[{\"@type\":\"SearchAction\",\"target\":{\"@type\":\"EntryPoint\",\"urlTemplate\":\"https:\/\/www.vyprachticky.cz\/?s={search_term_string}\"},\"query-input\":{\"@type\":\"PropertyValueSpecification\",\"valueRequired\":true,\"valueName\":\"search_term_string\"}}],\"inLanguage\":\"de\"},{\"@type\":\"Organization\",\"@id\":\"https:\/\/www.vyprachticky.cz\/#organization\",\"name\":\"V\u00ddPRACHTICK\u00dd s.r.o.\",\"url\":\"https:\/\/www.vyprachticky.cz\/\",\"logo\":{\"@type\":\"ImageObject\",\"inLanguage\":\"de\",\"@id\":\"https:\/\/www.vyprachticky.cz\/#\/schema\/logo\/image\/\",\"url\":\"https:\/\/www.vyprachticky.cz\/wp-content\/uploads\/2016\/12\/logo-fb.png\",\"contentUrl\":\"https:\/\/www.vyprachticky.cz\/wp-content\/uploads\/2016\/12\/logo-fb.png\",\"width\":800,\"height\":420,\"caption\":\"V\u00ddPRACHTICK\u00dd s.r.o.\"},\"image\":{\"@id\":\"https:\/\/www.vyprachticky.cz\/#\/schema\/logo\/image\/\"}}]}<\/script>\n<!-- \/ Yoast SEO plugin. -->","yoast_head_json":{"title":"Komplettierung - V\u00ddPRACHTICK\u00dd s.r.o.","description":"Produktion kompletter Gruppen und Systeme auf Wunsch des Kunden \u2013 kleine, mittlere und gro\u00dfe Serien. Komplettmontagen Wir sind nicht nur Hersteller \u2013 wir","robots":{"index":"index","follow":"follow","max-snippet":"max-snippet:-1","max-image-preview":"max-image-preview:large","max-video-preview":"max-video-preview:-1"},"canonical":"https:\/\/www.vyprachticky.cz\/de\/komplettierung\/","og_locale":"de_DE","og_type":"article","og_title":"Komplettierung - V\u00ddPRACHTICK\u00dd s.r.o.","og_description":"Produktion kompletter Gruppen und Systeme auf Wunsch des Kunden \u2013 kleine, mittlere und gro\u00dfe Serien. Komplettmontagen Wir sind nicht nur Hersteller \u2013 wir","og_url":"https:\/\/www.vyprachticky.cz\/de\/komplettierung\/","og_site_name":"V\u00ddPRACHTICK\u00dd s.r.o.","article_modified_time":"2025-04-08T08:28:19+00:00","og_image":[{"width":1200,"height":798,"url":"https:\/\/www.vyprachticky.cz\/wp-content\/uploads\/2025\/04\/kompletace-01.jpg","type":"image\/jpeg"}],"twitter_card":"summary_large_image","twitter_misc":{"Gesch\u00e4tzte Lesezeit":"1\u00a0Minute"},"schema":{"@context":"https:\/\/schema.org","@graph":[{"@type":"WebPage","@id":"https:\/\/www.vyprachticky.cz\/de\/komplettierung\/","url":"https:\/\/www.vyprachticky.cz\/de\/komplettierung\/","name":"Komplettierung - V\u00ddPRACHTICK\u00dd s.r.o.","isPartOf":{"@id":"https:\/\/www.vyprachticky.cz\/#website"},"primaryImageOfPage":{"@id":"https:\/\/www.vyprachticky.cz\/de\/komplettierung\/#primaryimage"},"image":{"@id":"https:\/\/www.vyprachticky.cz\/de\/komplettierung\/#primaryimage"},"thumbnailUrl":"https:\/\/www.vyprachticky.cz\/wp-content\/uploads\/2025\/04\/kompletace-01-300x200.jpg","datePublished":"2017-08-11T10:23:11+00:00","dateModified":"2025-04-08T08:28:19+00:00","description":"Produktion kompletter Gruppen und Systeme auf Wunsch des Kunden \u2013 kleine, mittlere und gro\u00dfe Serien. Komplettmontagen Wir sind nicht nur Hersteller \u2013 wir","breadcrumb":{"@id":"https:\/\/www.vyprachticky.cz\/de\/komplettierung\/#breadcrumb"},"inLanguage":"de","potentialAction":[{"@type":"ReadAction","target":["https:\/\/www.vyprachticky.cz\/de\/komplettierung\/"]}]},{"@type":"ImageObject","inLanguage":"de","@id":"https:\/\/www.vyprachticky.cz\/de\/komplettierung\/#primaryimage","url":"https:\/\/www.vyprachticky.cz\/wp-content\/uploads\/2025\/04\/kompletace-01-300x200.jpg","contentUrl":"https:\/\/www.vyprachticky.cz\/wp-content\/uploads\/2025\/04\/kompletace-01-300x200.jpg"},{"@type":"BreadcrumbList","@id":"https:\/\/www.vyprachticky.cz\/de\/komplettierung\/#breadcrumb","itemListElement":[{"@type":"ListItem","position":1,"name":"","item":"https:\/\/www.vyprachticky.cz\/de\/"},{"@type":"ListItem","position":2,"name":"Maschinenbauproduktion","item":"https:\/\/www.vyprachticky.cz\/de\/maschinenbauproduktion\/"},{"@type":"ListItem","position":3,"name":"Komplettierung"}]},{"@type":"WebSite","@id":"https:\/\/www.vyprachticky.cz\/#website","url":"https:\/\/www.vyprachticky.cz\/","name":"V\u00ddPRACHTICK\u00dd s.r.o.","description":"Stroj\u00edrensk\u00e1 a z\u00e1me\u010dnick\u00e1 v\u00fdroba","publisher":{"@id":"https:\/\/www.vyprachticky.cz\/#organization"},"potentialAction":[{"@type":"SearchAction","target":{"@type":"EntryPoint","urlTemplate":"https:\/\/www.vyprachticky.cz\/?s={search_term_string}"},"query-input":{"@type":"PropertyValueSpecification","valueRequired":true,"valueName":"search_term_string"}}],"inLanguage":"de"},{"@type":"Organization","@id":"https:\/\/www.vyprachticky.cz\/#organization","name":"V\u00ddPRACHTICK\u00dd s.r.o.","url":"https:\/\/www.vyprachticky.cz\/","logo":{"@type":"ImageObject","inLanguage":"de","@id":"https:\/\/www.vyprachticky.cz\/#\/schema\/logo\/image\/","url":"https:\/\/www.vyprachticky.cz\/wp-content\/uploads\/2016\/12\/logo-fb.png","contentUrl":"https:\/\/www.vyprachticky.cz\/wp-content\/uploads\/2016\/12\/logo-fb.png","width":800,"height":420,"caption":"V\u00ddPRACHTICK\u00dd s.r.o."},"image":{"@id":"https:\/\/www.vyprachticky.cz\/#\/schema\/logo\/image\/"}}]}},"_links":{"self":[{"href":"https:\/\/www.vyprachticky.cz\/de\/wp-json\/wp\/v2\/pages\/403","targetHints":{"allow":["GET"]}}],"collection":[{"href":"https:\/\/www.vyprachticky.cz\/de\/wp-json\/wp\/v2\/pages"}],"about":[{"href":"https:\/\/www.vyprachticky.cz\/de\/wp-json\/wp\/v2\/types\/page"}],"author":[{"embeddable":true,"href":"https:\/\/www.vyprachticky.cz\/de\/wp-json\/wp\/v2\/users\/1"}],"replies":[{"embeddable":true,"href":"https:\/\/www.vyprachticky.cz\/de\/wp-json\/wp\/v2\/comments?post=403"}],"version-history":[{"count":5,"href":"https:\/\/www.vyprachticky.cz\/de\/wp-json\/wp\/v2\/pages\/403\/revisions"}],"predecessor-version":[{"id":1782,"href":"https:\/\/www.vyprachticky.cz\/de\/wp-json\/wp\/v2\/pages\/403\/revisions\/1782"}],"up":[{"embeddable":true,"href":"https:\/\/www.vyprachticky.cz\/de\/wp-json\/wp\/v2\/pages\/369"}],"wp:attachment":[{"href":"https:\/\/www.vyprachticky.cz\/de\/wp-json\/wp\/v2\/media?parent=403"}],"curies":[{"name":"wp","href":"https:\/\/api.w.org\/{rel}","templated":true}]}}