{"id":407,"date":"2017-08-11T12:24:44","date_gmt":"2017-08-11T10:24:44","guid":{"rendered":"https:\/\/www.vyprachticky.cz\/?page_id=407\/"},"modified":"2017-08-11T23:30:01","modified_gmt":"2017-08-11T21:30:01","slug":"schlossereiproduktion","status":"publish","type":"page","link":"https:\/\/www.vyprachticky.cz\/de\/schlossereiproduktion\/","title":{"rendered":"Schlossereiproduktion"},"content":{"rendered":"<ul class=\"rozcestnik-zamecnictvi\">\n<li><a id=\"projekt\" class=\"hvr-hang\" title=\"Projekt\" href=\"https:\/\/www.vyprachticky.cz\/de\/projekt\/\">Projekt<\/a><\/li>\n<li><a id=\"vyroba\" class=\"hvr-hang\" title=\"Herstellung\" href=\"https:\/\/www.vyprachticky.cz\/de\/herstellung\/\">Herstellung<\/a><\/li>\n<li><a id=\"montaz\" class=\"hvr-hang\" title=\"Montage\" href=\"https:\/\/www.vyprachticky.cz\/de\/montage\/\">Montage<\/a><\/li>\n<\/ul>\n<p>Unsere Firma ist ein bedeutendes Subunternehmen f\u00fcr Schlosserarbeiten von Baufirmen. Wir spezialisieren uns auf leichtere Metallverarbeitung, wie Treppen, Gel\u00e4nder und Feuerwehrleitern. Weiter erf\u00fcllen wir diverse Einbauten von logistischen und industriellen Hallen und auch atypische Konstruktionen.<\/p>\n<p>Unsere Partner sind vor allem BAK a.s., Pr\u016fmstav-FCC a.s. a&nbsp;Metrostav a.s.<\/p>\n","protected":false},"excerpt":{"rendered":"<p>Projekt Herstellung Montage Unsere Firma ist ein bedeutendes Subunternehmen f\u00fcr Schlosserarbeiten von Baufirmen. Wir spezialisieren uns auf leichtere Metallverarbeitung, wie Treppen, Gel\u00e4nder und Feuerwehrleitern. Weiter erf\u00fcllen wir diverse Einbauten von logistischen und industriellen Hallen und auch atypische Konstruktionen. Unsere Partner sind vor allem BAK a.s., Pr\u016fmstav-FCC a.s. a&nbsp;Metrostav a.s.<\/p>\n","protected":false},"author":1,"featured_media":0,"parent":0,"menu_order":0,"comment_status":"closed","ping_status":"closed","template":"page-templates\/template-full-width.php","meta":{"footnotes":""},"class_list":["post-407","page","type-page","status-publish","hentry"],"yoast_head":"<!-- This site is optimized with the Yoast SEO plugin v26.9 - https:\/\/yoast.com\/product\/yoast-seo-wordpress\/ -->\n<title>Schlossereiproduktion - V\u00ddPRACHTICK\u00dd s.r.o.<\/title>\n<meta name=\"description\" content=\"Projekt Herstellung Montage Unsere Firma ist ein bedeutendes Subunternehmen f\u00fcr Schlosserarbeiten von Baufirmen. Wir spezialisieren uns auf leichtere\" \/>\n<meta name=\"robots\" content=\"index, follow, max-snippet:-1, max-image-preview:large, max-video-preview:-1\" \/>\n<link rel=\"canonical\" href=\"https:\/\/www.vyprachticky.cz\/de\/schlossereiproduktion\/\" \/>\n<meta property=\"og:locale\" content=\"de_DE\" \/>\n<meta property=\"og:type\" content=\"article\" \/>\n<meta property=\"og:title\" content=\"Schlossereiproduktion - V\u00ddPRACHTICK\u00dd s.r.o.\" \/>\n<meta property=\"og:description\" content=\"Projekt Herstellung Montage Unsere Firma ist ein bedeutendes Subunternehmen f\u00fcr Schlosserarbeiten von Baufirmen. Wir spezialisieren uns auf leichtere\" \/>\n<meta property=\"og:url\" content=\"https:\/\/www.vyprachticky.cz\/de\/schlossereiproduktion\/\" \/>\n<meta property=\"og:site_name\" content=\"V\u00ddPRACHTICK\u00dd s.r.o.\" \/>\n<meta property=\"article:modified_time\" content=\"2017-08-11T21:30:01+00:00\" \/>\n<meta name=\"twitter:card\" content=\"summary_large_image\" \/>\n<script type=\"application\/ld+json\" class=\"yoast-schema-graph\">{\"@context\":\"https:\/\/schema.org\",\"@graph\":[{\"@type\":\"WebPage\",\"@id\":\"https:\/\/www.vyprachticky.cz\/de\/schlossereiproduktion\/\",\"url\":\"https:\/\/www.vyprachticky.cz\/de\/schlossereiproduktion\/\",\"name\":\"Schlossereiproduktion - V\u00ddPRACHTICK\u00dd s.r.o.\",\"isPartOf\":{\"@id\":\"https:\/\/www.vyprachticky.cz\/#website\"},\"datePublished\":\"2017-08-11T10:24:44+00:00\",\"dateModified\":\"2017-08-11T21:30:01+00:00\",\"description\":\"Projekt Herstellung Montage Unsere Firma ist ein bedeutendes Subunternehmen f\u00fcr Schlosserarbeiten von Baufirmen. Wir spezialisieren uns auf leichtere\",\"breadcrumb\":{\"@id\":\"https:\/\/www.vyprachticky.cz\/de\/schlossereiproduktion\/#breadcrumb\"},\"inLanguage\":\"de\",\"potentialAction\":[{\"@type\":\"ReadAction\",\"target\":[\"https:\/\/www.vyprachticky.cz\/de\/schlossereiproduktion\/\"]}]},{\"@type\":\"BreadcrumbList\",\"@id\":\"https:\/\/www.vyprachticky.cz\/de\/schlossereiproduktion\/#breadcrumb\",\"itemListElement\":[{\"@type\":\"ListItem\",\"position\":1,\"name\":\"\",\"item\":\"https:\/\/www.vyprachticky.cz\/de\/\"},{\"@type\":\"ListItem\",\"position\":2,\"name\":\"Schlossereiproduktion\"}]},{\"@type\":\"WebSite\",\"@id\":\"https:\/\/www.vyprachticky.cz\/#website\",\"url\":\"https:\/\/www.vyprachticky.cz\/\",\"name\":\"V\u00ddPRACHTICK\u00dd s.r.o.\",\"description\":\"Stroj\u00edrensk\u00e1 a z\u00e1me\u010dnick\u00e1 v\u00fdroba\",\"publisher\":{\"@id\":\"https:\/\/www.vyprachticky.cz\/#organization\"},\"potentialAction\":[{\"@type\":\"SearchAction\",\"target\":{\"@type\":\"EntryPoint\",\"urlTemplate\":\"https:\/\/www.vyprachticky.cz\/?s={search_term_string}\"},\"query-input\":{\"@type\":\"PropertyValueSpecification\",\"valueRequired\":true,\"valueName\":\"search_term_string\"}}],\"inLanguage\":\"de\"},{\"@type\":\"Organization\",\"@id\":\"https:\/\/www.vyprachticky.cz\/#organization\",\"name\":\"V\u00ddPRACHTICK\u00dd s.r.o.\",\"url\":\"https:\/\/www.vyprachticky.cz\/\",\"logo\":{\"@type\":\"ImageObject\",\"inLanguage\":\"de\",\"@id\":\"https:\/\/www.vyprachticky.cz\/#\/schema\/logo\/image\/\",\"url\":\"https:\/\/www.vyprachticky.cz\/wp-content\/uploads\/2016\/12\/logo-fb.png\",\"contentUrl\":\"https:\/\/www.vyprachticky.cz\/wp-content\/uploads\/2016\/12\/logo-fb.png\",\"width\":800,\"height\":420,\"caption\":\"V\u00ddPRACHTICK\u00dd s.r.o.\"},\"image\":{\"@id\":\"https:\/\/www.vyprachticky.cz\/#\/schema\/logo\/image\/\"}}]}<\/script>\n<!-- \/ Yoast SEO plugin. -->","yoast_head_json":{"title":"Schlossereiproduktion - V\u00ddPRACHTICK\u00dd s.r.o.","description":"Projekt Herstellung Montage Unsere Firma ist ein bedeutendes Subunternehmen f\u00fcr Schlosserarbeiten von Baufirmen. Wir spezialisieren uns auf leichtere","robots":{"index":"index","follow":"follow","max-snippet":"max-snippet:-1","max-image-preview":"max-image-preview:large","max-video-preview":"max-video-preview:-1"},"canonical":"https:\/\/www.vyprachticky.cz\/de\/schlossereiproduktion\/","og_locale":"de_DE","og_type":"article","og_title":"Schlossereiproduktion - V\u00ddPRACHTICK\u00dd s.r.o.","og_description":"Projekt Herstellung Montage Unsere Firma ist ein bedeutendes Subunternehmen f\u00fcr Schlosserarbeiten von Baufirmen. Wir spezialisieren uns auf leichtere","og_url":"https:\/\/www.vyprachticky.cz\/de\/schlossereiproduktion\/","og_site_name":"V\u00ddPRACHTICK\u00dd s.r.o.","article_modified_time":"2017-08-11T21:30:01+00:00","twitter_card":"summary_large_image","schema":{"@context":"https:\/\/schema.org","@graph":[{"@type":"WebPage","@id":"https:\/\/www.vyprachticky.cz\/de\/schlossereiproduktion\/","url":"https:\/\/www.vyprachticky.cz\/de\/schlossereiproduktion\/","name":"Schlossereiproduktion - V\u00ddPRACHTICK\u00dd s.r.o.","isPartOf":{"@id":"https:\/\/www.vyprachticky.cz\/#website"},"datePublished":"2017-08-11T10:24:44+00:00","dateModified":"2017-08-11T21:30:01+00:00","description":"Projekt Herstellung Montage Unsere Firma ist ein bedeutendes Subunternehmen f\u00fcr Schlosserarbeiten von Baufirmen. Wir spezialisieren uns auf leichtere","breadcrumb":{"@id":"https:\/\/www.vyprachticky.cz\/de\/schlossereiproduktion\/#breadcrumb"},"inLanguage":"de","potentialAction":[{"@type":"ReadAction","target":["https:\/\/www.vyprachticky.cz\/de\/schlossereiproduktion\/"]}]},{"@type":"BreadcrumbList","@id":"https:\/\/www.vyprachticky.cz\/de\/schlossereiproduktion\/#breadcrumb","itemListElement":[{"@type":"ListItem","position":1,"name":"","item":"https:\/\/www.vyprachticky.cz\/de\/"},{"@type":"ListItem","position":2,"name":"Schlossereiproduktion"}]},{"@type":"WebSite","@id":"https:\/\/www.vyprachticky.cz\/#website","url":"https:\/\/www.vyprachticky.cz\/","name":"V\u00ddPRACHTICK\u00dd s.r.o.","description":"Stroj\u00edrensk\u00e1 a z\u00e1me\u010dnick\u00e1 v\u00fdroba","publisher":{"@id":"https:\/\/www.vyprachticky.cz\/#organization"},"potentialAction":[{"@type":"SearchAction","target":{"@type":"EntryPoint","urlTemplate":"https:\/\/www.vyprachticky.cz\/?s={search_term_string}"},"query-input":{"@type":"PropertyValueSpecification","valueRequired":true,"valueName":"search_term_string"}}],"inLanguage":"de"},{"@type":"Organization","@id":"https:\/\/www.vyprachticky.cz\/#organization","name":"V\u00ddPRACHTICK\u00dd s.r.o.","url":"https:\/\/www.vyprachticky.cz\/","logo":{"@type":"ImageObject","inLanguage":"de","@id":"https:\/\/www.vyprachticky.cz\/#\/schema\/logo\/image\/","url":"https:\/\/www.vyprachticky.cz\/wp-content\/uploads\/2016\/12\/logo-fb.png","contentUrl":"https:\/\/www.vyprachticky.cz\/wp-content\/uploads\/2016\/12\/logo-fb.png","width":800,"height":420,"caption":"V\u00ddPRACHTICK\u00dd s.r.o."},"image":{"@id":"https:\/\/www.vyprachticky.cz\/#\/schema\/logo\/image\/"}}]}},"_links":{"self":[{"href":"https:\/\/www.vyprachticky.cz\/de\/wp-json\/wp\/v2\/pages\/407","targetHints":{"allow":["GET"]}}],"collection":[{"href":"https:\/\/www.vyprachticky.cz\/de\/wp-json\/wp\/v2\/pages"}],"about":[{"href":"https:\/\/www.vyprachticky.cz\/de\/wp-json\/wp\/v2\/types\/page"}],"author":[{"embeddable":true,"href":"https:\/\/www.vyprachticky.cz\/de\/wp-json\/wp\/v2\/users\/1"}],"replies":[{"embeddable":true,"href":"https:\/\/www.vyprachticky.cz\/de\/wp-json\/wp\/v2\/comments?post=407"}],"version-history":[{"count":4,"href":"https:\/\/www.vyprachticky.cz\/de\/wp-json\/wp\/v2\/pages\/407\/revisions"}],"predecessor-version":[{"id":715,"href":"https:\/\/www.vyprachticky.cz\/de\/wp-json\/wp\/v2\/pages\/407\/revisions\/715"}],"wp:attachment":[{"href":"https:\/\/www.vyprachticky.cz\/de\/wp-json\/wp\/v2\/media?parent=407"}],"curies":[{"name":"wp","href":"https:\/\/api.w.org\/{rel}","templated":true}]}}