{"id":419,"date":"2017-08-11T12:30:49","date_gmt":"2017-08-11T10:30:49","guid":{"rendered":"https:\/\/www.vyprachticky.cz\/?page_id=419\/"},"modified":"2017-08-14T16:34:38","modified_gmt":"2017-08-14T14:34:38","slug":"herstellung","status":"publish","type":"page","link":"https:\/\/www.vyprachticky.cz\/de\/herstellung\/","title":{"rendered":"Herstellung"},"content":{"rendered":"<p>Unsere Erzeugnisse stellen wir in neu umgebauten R\u00e4umen mit entsprechendem Hintergrund und Ausr\u00fcstung.. F\u00fcr die Erzeugung von genauen Teilen nutzen wir den Maschinenpark der Maschinenbauhalle.<\/p>\n<p>Unsere Mitarbeiter werden regelm\u00e4\u00dfig geschult, die Schwei\u00dfer sind zertifiziert nach EN 287, der Schwei\u00dfprozess erfolgt nach EN 3834 und die Firma ist zertifiziert nach EN 1090.<\/p>\n<div class=\"row\">\n<div class=\"col-sm-6\">\n<img loading=\"lazy\" decoding=\"async\" src=\"https:\/\/www.vyprachticky.cz\/wp-content\/uploads\/2017\/07\/vyrobni-hala-1.jpg\" alt=\"Herstellung\" width=\"296\" height=\"203\" class=\"img-thumbnail img-responsive alignnone size-full wp-image-238 center-block\" \/>\n<\/div>\n<div class=\"clearfix visible-xs\">&nbsp;<\/div>\n<div class=\"col-sm-6\">\n<img loading=\"lazy\" decoding=\"async\" src=\"https:\/\/www.vyprachticky.cz\/wp-content\/uploads\/2017\/07\/vyrobni-hala-2.jpg\" alt=\"Herstellung\" width=\"296\" height=\"203\" class=\"img-thumbnail img-responsive alignnone size-full wp-image-239 center-block\" \/>\n\t\t<\/div>\n<\/div>\n","protected":false},"excerpt":{"rendered":"<p>Unsere Erzeugnisse stellen wir in neu umgebauten R\u00e4umen mit entsprechendem Hintergrund und Ausr\u00fcstung.. F\u00fcr die Erzeugung von genauen Teilen nutzen wir den Maschinenpark der Maschinenbauhalle. Unsere Mitarbeiter werden regelm\u00e4\u00dfig geschult, die Schwei\u00dfer sind zertifiziert nach EN 287, der Schwei\u00dfprozess erfolgt nach EN 3834 und die Firma ist zertifiziert nach EN 1090. &nbsp;<\/p>\n","protected":false},"author":1,"featured_media":0,"parent":407,"menu_order":0,"comment_status":"closed","ping_status":"closed","template":"","meta":{"footnotes":""},"class_list":["post-419","page","type-page","status-publish","hentry"],"yoast_head":"<!-- This site is optimized with the Yoast SEO plugin v27.6 - https:\/\/yoast.com\/product\/yoast-seo-wordpress\/ -->\n<title>Herstellung - V\u00ddPRACHTICK\u00dd s.r.o.<\/title>\n<meta name=\"description\" content=\"Unsere Erzeugnisse stellen wir in neu umgebauten R\u00e4umen mit entsprechendem Hintergrund und Ausr\u00fcstung.. F\u00fcr die Erzeugung von genauen Teilen nutzen wir\" \/>\n<meta name=\"robots\" content=\"index, follow, max-snippet:-1, max-image-preview:large, max-video-preview:-1\" \/>\n<link rel=\"canonical\" href=\"https:\/\/www.vyprachticky.cz\/de\/herstellung\/\" \/>\n<meta property=\"og:locale\" content=\"de_DE\" \/>\n<meta property=\"og:type\" content=\"article\" \/>\n<meta property=\"og:title\" content=\"Herstellung - V\u00ddPRACHTICK\u00dd s.r.o.\" \/>\n<meta property=\"og:description\" content=\"Unsere Erzeugnisse stellen wir in neu umgebauten R\u00e4umen mit entsprechendem Hintergrund und Ausr\u00fcstung.. F\u00fcr die Erzeugung von genauen Teilen nutzen wir\" \/>\n<meta property=\"og:url\" content=\"https:\/\/www.vyprachticky.cz\/de\/herstellung\/\" \/>\n<meta property=\"og:site_name\" content=\"V\u00ddPRACHTICK\u00dd s.r.o.\" \/>\n<meta property=\"article:modified_time\" content=\"2017-08-14T14:34:38+00:00\" \/>\n<meta property=\"og:image\" content=\"https:\/\/www.vyprachticky.cz\/wp-content\/uploads\/2017\/07\/vyrobni-hala-1.jpg\" \/>\n<meta name=\"twitter:card\" content=\"summary_large_image\" \/>\n<script type=\"application\/ld+json\" class=\"yoast-schema-graph\">{\"@context\":\"https:\\\/\\\/schema.org\",\"@graph\":[{\"@type\":\"WebPage\",\"@id\":\"https:\\\/\\\/www.vyprachticky.cz\\\/de\\\/herstellung\\\/\",\"url\":\"https:\\\/\\\/www.vyprachticky.cz\\\/de\\\/herstellung\\\/\",\"name\":\"Herstellung - V\u00ddPRACHTICK\u00dd s.r.o.\",\"isPartOf\":{\"@id\":\"https:\\\/\\\/www.vyprachticky.cz\\\/#website\"},\"primaryImageOfPage\":{\"@id\":\"https:\\\/\\\/www.vyprachticky.cz\\\/de\\\/herstellung\\\/#primaryimage\"},\"image\":{\"@id\":\"https:\\\/\\\/www.vyprachticky.cz\\\/de\\\/herstellung\\\/#primaryimage\"},\"thumbnailUrl\":\"https:\\\/\\\/www.vyprachticky.cz\\\/wp-content\\\/uploads\\\/2017\\\/07\\\/vyrobni-hala-1.jpg\",\"datePublished\":\"2017-08-11T10:30:49+00:00\",\"dateModified\":\"2017-08-14T14:34:38+00:00\",\"description\":\"Unsere Erzeugnisse stellen wir in neu umgebauten R\u00e4umen mit entsprechendem Hintergrund und Ausr\u00fcstung.. F\u00fcr die Erzeugung von genauen Teilen nutzen wir\",\"breadcrumb\":{\"@id\":\"https:\\\/\\\/www.vyprachticky.cz\\\/de\\\/herstellung\\\/#breadcrumb\"},\"inLanguage\":\"de\",\"potentialAction\":[{\"@type\":\"ReadAction\",\"target\":[\"https:\\\/\\\/www.vyprachticky.cz\\\/de\\\/herstellung\\\/\"]}]},{\"@type\":\"ImageObject\",\"inLanguage\":\"de\",\"@id\":\"https:\\\/\\\/www.vyprachticky.cz\\\/de\\\/herstellung\\\/#primaryimage\",\"url\":\"https:\\\/\\\/www.vyprachticky.cz\\\/wp-content\\\/uploads\\\/2017\\\/07\\\/vyrobni-hala-1.jpg\",\"contentUrl\":\"https:\\\/\\\/www.vyprachticky.cz\\\/wp-content\\\/uploads\\\/2017\\\/07\\\/vyrobni-hala-1.jpg\"},{\"@type\":\"BreadcrumbList\",\"@id\":\"https:\\\/\\\/www.vyprachticky.cz\\\/de\\\/herstellung\\\/#breadcrumb\",\"itemListElement\":[{\"@type\":\"ListItem\",\"position\":1,\"name\":\"\",\"item\":\"https:\\\/\\\/www.vyprachticky.cz\\\/de\\\/\"},{\"@type\":\"ListItem\",\"position\":2,\"name\":\"Schlossereiproduktion\",\"item\":\"https:\\\/\\\/www.vyprachticky.cz\\\/de\\\/schlossereiproduktion\\\/\"},{\"@type\":\"ListItem\",\"position\":3,\"name\":\"Herstellung\"}]},{\"@type\":\"WebSite\",\"@id\":\"https:\\\/\\\/www.vyprachticky.cz\\\/#website\",\"url\":\"https:\\\/\\\/www.vyprachticky.cz\\\/\",\"name\":\"V\u00ddPRACHTICK\u00dd s.r.o.\",\"description\":\"Stroj\u00edrensk\u00e1 a z\u00e1me\u010dnick\u00e1 v\u00fdroba\",\"publisher\":{\"@id\":\"https:\\\/\\\/www.vyprachticky.cz\\\/#organization\"},\"potentialAction\":[{\"@type\":\"SearchAction\",\"target\":{\"@type\":\"EntryPoint\",\"urlTemplate\":\"https:\\\/\\\/www.vyprachticky.cz\\\/?s={search_term_string}\"},\"query-input\":{\"@type\":\"PropertyValueSpecification\",\"valueRequired\":true,\"valueName\":\"search_term_string\"}}],\"inLanguage\":\"de\"},{\"@type\":\"Organization\",\"@id\":\"https:\\\/\\\/www.vyprachticky.cz\\\/#organization\",\"name\":\"V\u00ddPRACHTICK\u00dd s.r.o.\",\"url\":\"https:\\\/\\\/www.vyprachticky.cz\\\/\",\"logo\":{\"@type\":\"ImageObject\",\"inLanguage\":\"de\",\"@id\":\"https:\\\/\\\/www.vyprachticky.cz\\\/#\\\/schema\\\/logo\\\/image\\\/\",\"url\":\"https:\\\/\\\/www.vyprachticky.cz\\\/wp-content\\\/uploads\\\/2016\\\/12\\\/logo-fb.png\",\"contentUrl\":\"https:\\\/\\\/www.vyprachticky.cz\\\/wp-content\\\/uploads\\\/2016\\\/12\\\/logo-fb.png\",\"width\":800,\"height\":420,\"caption\":\"V\u00ddPRACHTICK\u00dd s.r.o.\"},\"image\":{\"@id\":\"https:\\\/\\\/www.vyprachticky.cz\\\/#\\\/schema\\\/logo\\\/image\\\/\"}}]}<\/script>\n<!-- \/ Yoast SEO plugin. -->","yoast_head_json":{"title":"Herstellung - V\u00ddPRACHTICK\u00dd s.r.o.","description":"Unsere Erzeugnisse stellen wir in neu umgebauten R\u00e4umen mit entsprechendem Hintergrund und Ausr\u00fcstung.. F\u00fcr die Erzeugung von genauen Teilen nutzen wir","robots":{"index":"index","follow":"follow","max-snippet":"max-snippet:-1","max-image-preview":"max-image-preview:large","max-video-preview":"max-video-preview:-1"},"canonical":"https:\/\/www.vyprachticky.cz\/de\/herstellung\/","og_locale":"de_DE","og_type":"article","og_title":"Herstellung - V\u00ddPRACHTICK\u00dd s.r.o.","og_description":"Unsere Erzeugnisse stellen wir in neu umgebauten R\u00e4umen mit entsprechendem Hintergrund und Ausr\u00fcstung.. F\u00fcr die Erzeugung von genauen Teilen nutzen wir","og_url":"https:\/\/www.vyprachticky.cz\/de\/herstellung\/","og_site_name":"V\u00ddPRACHTICK\u00dd s.r.o.","article_modified_time":"2017-08-14T14:34:38+00:00","og_image":[{"url":"https:\/\/www.vyprachticky.cz\/wp-content\/uploads\/2017\/07\/vyrobni-hala-1.jpg","type":"","width":"","height":""}],"twitter_card":"summary_large_image","schema":{"@context":"https:\/\/schema.org","@graph":[{"@type":"WebPage","@id":"https:\/\/www.vyprachticky.cz\/de\/herstellung\/","url":"https:\/\/www.vyprachticky.cz\/de\/herstellung\/","name":"Herstellung - V\u00ddPRACHTICK\u00dd s.r.o.","isPartOf":{"@id":"https:\/\/www.vyprachticky.cz\/#website"},"primaryImageOfPage":{"@id":"https:\/\/www.vyprachticky.cz\/de\/herstellung\/#primaryimage"},"image":{"@id":"https:\/\/www.vyprachticky.cz\/de\/herstellung\/#primaryimage"},"thumbnailUrl":"https:\/\/www.vyprachticky.cz\/wp-content\/uploads\/2017\/07\/vyrobni-hala-1.jpg","datePublished":"2017-08-11T10:30:49+00:00","dateModified":"2017-08-14T14:34:38+00:00","description":"Unsere Erzeugnisse stellen wir in neu umgebauten R\u00e4umen mit entsprechendem Hintergrund und Ausr\u00fcstung.. F\u00fcr die Erzeugung von genauen Teilen nutzen wir","breadcrumb":{"@id":"https:\/\/www.vyprachticky.cz\/de\/herstellung\/#breadcrumb"},"inLanguage":"de","potentialAction":[{"@type":"ReadAction","target":["https:\/\/www.vyprachticky.cz\/de\/herstellung\/"]}]},{"@type":"ImageObject","inLanguage":"de","@id":"https:\/\/www.vyprachticky.cz\/de\/herstellung\/#primaryimage","url":"https:\/\/www.vyprachticky.cz\/wp-content\/uploads\/2017\/07\/vyrobni-hala-1.jpg","contentUrl":"https:\/\/www.vyprachticky.cz\/wp-content\/uploads\/2017\/07\/vyrobni-hala-1.jpg"},{"@type":"BreadcrumbList","@id":"https:\/\/www.vyprachticky.cz\/de\/herstellung\/#breadcrumb","itemListElement":[{"@type":"ListItem","position":1,"name":"","item":"https:\/\/www.vyprachticky.cz\/de\/"},{"@type":"ListItem","position":2,"name":"Schlossereiproduktion","item":"https:\/\/www.vyprachticky.cz\/de\/schlossereiproduktion\/"},{"@type":"ListItem","position":3,"name":"Herstellung"}]},{"@type":"WebSite","@id":"https:\/\/www.vyprachticky.cz\/#website","url":"https:\/\/www.vyprachticky.cz\/","name":"V\u00ddPRACHTICK\u00dd s.r.o.","description":"Stroj\u00edrensk\u00e1 a z\u00e1me\u010dnick\u00e1 v\u00fdroba","publisher":{"@id":"https:\/\/www.vyprachticky.cz\/#organization"},"potentialAction":[{"@type":"SearchAction","target":{"@type":"EntryPoint","urlTemplate":"https:\/\/www.vyprachticky.cz\/?s={search_term_string}"},"query-input":{"@type":"PropertyValueSpecification","valueRequired":true,"valueName":"search_term_string"}}],"inLanguage":"de"},{"@type":"Organization","@id":"https:\/\/www.vyprachticky.cz\/#organization","name":"V\u00ddPRACHTICK\u00dd s.r.o.","url":"https:\/\/www.vyprachticky.cz\/","logo":{"@type":"ImageObject","inLanguage":"de","@id":"https:\/\/www.vyprachticky.cz\/#\/schema\/logo\/image\/","url":"https:\/\/www.vyprachticky.cz\/wp-content\/uploads\/2016\/12\/logo-fb.png","contentUrl":"https:\/\/www.vyprachticky.cz\/wp-content\/uploads\/2016\/12\/logo-fb.png","width":800,"height":420,"caption":"V\u00ddPRACHTICK\u00dd s.r.o."},"image":{"@id":"https:\/\/www.vyprachticky.cz\/#\/schema\/logo\/image\/"}}]}},"_links":{"self":[{"href":"https:\/\/www.vyprachticky.cz\/de\/wp-json\/wp\/v2\/pages\/419","targetHints":{"allow":["GET"]}}],"collection":[{"href":"https:\/\/www.vyprachticky.cz\/de\/wp-json\/wp\/v2\/pages"}],"about":[{"href":"https:\/\/www.vyprachticky.cz\/de\/wp-json\/wp\/v2\/types\/page"}],"author":[{"embeddable":true,"href":"https:\/\/www.vyprachticky.cz\/de\/wp-json\/wp\/v2\/users\/1"}],"replies":[{"embeddable":true,"href":"https:\/\/www.vyprachticky.cz\/de\/wp-json\/wp\/v2\/comments?post=419"}],"version-history":[{"count":3,"href":"https:\/\/www.vyprachticky.cz\/de\/wp-json\/wp\/v2\/pages\/419\/revisions"}],"predecessor-version":[{"id":771,"href":"https:\/\/www.vyprachticky.cz\/de\/wp-json\/wp\/v2\/pages\/419\/revisions\/771"}],"up":[{"embeddable":true,"href":"https:\/\/www.vyprachticky.cz\/de\/wp-json\/wp\/v2\/pages\/407"}],"wp:attachment":[{"href":"https:\/\/www.vyprachticky.cz\/de\/wp-json\/wp\/v2\/media?parent=419"}],"curies":[{"name":"wp","href":"https:\/\/api.w.org\/{rel}","templated":true}]}}