{"id":423,"date":"2017-08-11T12:32:09","date_gmt":"2017-08-11T10:32:09","guid":{"rendered":"https:\/\/www.vyprachticky.cz\/?page_id=423\/"},"modified":"2017-08-14T16:36:46","modified_gmt":"2017-08-14T14:36:46","slug":"montage","status":"publish","type":"page","link":"https:\/\/www.vyprachticky.cz\/de\/montage\/","title":{"rendered":"Montage"},"content":{"rendered":"<p>Die Montagearbeiten f\u00fchren unsere erfahrenen und geschulten Mitarbeiter durch.  Wir orientieren uns vor allem auf Lieferungen von Gesamtheiten auf dem Gebiet Prags, weiter auch in Mittelb\u00f6hmen und Ostb\u00f6hmen.<\/p>\n<div class=\"row\">\n<img loading=\"lazy\" decoding=\"async\" src=\"https:\/\/www.vyprachticky.cz\/wp-content\/uploads\/2017\/07\/montaz.jpg\" alt=\"Montage\" width=\"613\" height=\"260\" class=\"img-thumbnail img-responsive alignnone size-full wp-image-242 center-block\" srcset=\"https:\/\/www.vyprachticky.cz\/wp-content\/uploads\/2017\/07\/montaz.jpg 613w, https:\/\/www.vyprachticky.cz\/wp-content\/uploads\/2017\/07\/montaz-300x127.jpg 300w\" sizes=\"auto, (max-width: 613px) 100vw, 613px\" \/>\n\t<\/div>\n","protected":false},"excerpt":{"rendered":"<p>Die Montagearbeiten f\u00fchren unsere erfahrenen und geschulten Mitarbeiter durch. Wir orientieren uns vor allem auf Lieferungen von Gesamtheiten auf dem Gebiet Prags, weiter auch in Mittelb\u00f6hmen und Ostb\u00f6hmen.<\/p>\n","protected":false},"author":1,"featured_media":0,"parent":407,"menu_order":0,"comment_status":"closed","ping_status":"closed","template":"","meta":{"footnotes":""},"class_list":["post-423","page","type-page","status-publish","hentry"],"yoast_head":"<!-- This site is optimized with the Yoast SEO plugin v26.9 - https:\/\/yoast.com\/product\/yoast-seo-wordpress\/ -->\n<title>Montage - V\u00ddPRACHTICK\u00dd s.r.o.<\/title>\n<meta name=\"description\" content=\"Die Montagearbeiten f\u00fchren unsere erfahrenen und geschulten Mitarbeiter durch. Wir orientieren uns vor allem auf Lieferungen von Gesamtheiten auf dem\" \/>\n<meta name=\"robots\" content=\"index, follow, max-snippet:-1, max-image-preview:large, max-video-preview:-1\" \/>\n<link rel=\"canonical\" href=\"https:\/\/www.vyprachticky.cz\/de\/montage\/\" \/>\n<meta property=\"og:locale\" content=\"de_DE\" \/>\n<meta property=\"og:type\" content=\"article\" \/>\n<meta property=\"og:title\" content=\"Montage - V\u00ddPRACHTICK\u00dd s.r.o.\" \/>\n<meta property=\"og:description\" content=\"Die Montagearbeiten f\u00fchren unsere erfahrenen und geschulten Mitarbeiter durch. Wir orientieren uns vor allem auf Lieferungen von Gesamtheiten auf dem\" \/>\n<meta property=\"og:url\" content=\"https:\/\/www.vyprachticky.cz\/de\/montage\/\" \/>\n<meta property=\"og:site_name\" content=\"V\u00ddPRACHTICK\u00dd s.r.o.\" \/>\n<meta property=\"article:modified_time\" content=\"2017-08-14T14:36:46+00:00\" \/>\n<meta property=\"og:image\" content=\"https:\/\/www.vyprachticky.cz\/wp-content\/uploads\/2017\/07\/montaz.jpg\" \/>\n<meta name=\"twitter:card\" content=\"summary_large_image\" \/>\n<script type=\"application\/ld+json\" class=\"yoast-schema-graph\">{\"@context\":\"https:\/\/schema.org\",\"@graph\":[{\"@type\":\"WebPage\",\"@id\":\"https:\/\/www.vyprachticky.cz\/de\/montage\/\",\"url\":\"https:\/\/www.vyprachticky.cz\/de\/montage\/\",\"name\":\"Montage - V\u00ddPRACHTICK\u00dd s.r.o.\",\"isPartOf\":{\"@id\":\"https:\/\/www.vyprachticky.cz\/#website\"},\"primaryImageOfPage\":{\"@id\":\"https:\/\/www.vyprachticky.cz\/de\/montage\/#primaryimage\"},\"image\":{\"@id\":\"https:\/\/www.vyprachticky.cz\/de\/montage\/#primaryimage\"},\"thumbnailUrl\":\"https:\/\/www.vyprachticky.cz\/wp-content\/uploads\/2017\/07\/montaz.jpg\",\"datePublished\":\"2017-08-11T10:32:09+00:00\",\"dateModified\":\"2017-08-14T14:36:46+00:00\",\"description\":\"Die Montagearbeiten f\u00fchren unsere erfahrenen und geschulten Mitarbeiter durch. Wir orientieren uns vor allem auf Lieferungen von Gesamtheiten auf dem\",\"breadcrumb\":{\"@id\":\"https:\/\/www.vyprachticky.cz\/de\/montage\/#breadcrumb\"},\"inLanguage\":\"de\",\"potentialAction\":[{\"@type\":\"ReadAction\",\"target\":[\"https:\/\/www.vyprachticky.cz\/de\/montage\/\"]}]},{\"@type\":\"ImageObject\",\"inLanguage\":\"de\",\"@id\":\"https:\/\/www.vyprachticky.cz\/de\/montage\/#primaryimage\",\"url\":\"https:\/\/www.vyprachticky.cz\/wp-content\/uploads\/2017\/07\/montaz.jpg\",\"contentUrl\":\"https:\/\/www.vyprachticky.cz\/wp-content\/uploads\/2017\/07\/montaz.jpg\"},{\"@type\":\"BreadcrumbList\",\"@id\":\"https:\/\/www.vyprachticky.cz\/de\/montage\/#breadcrumb\",\"itemListElement\":[{\"@type\":\"ListItem\",\"position\":1,\"name\":\"\",\"item\":\"https:\/\/www.vyprachticky.cz\/de\/\"},{\"@type\":\"ListItem\",\"position\":2,\"name\":\"Schlossereiproduktion\",\"item\":\"https:\/\/www.vyprachticky.cz\/de\/schlossereiproduktion\/\"},{\"@type\":\"ListItem\",\"position\":3,\"name\":\"Montage\"}]},{\"@type\":\"WebSite\",\"@id\":\"https:\/\/www.vyprachticky.cz\/#website\",\"url\":\"https:\/\/www.vyprachticky.cz\/\",\"name\":\"V\u00ddPRACHTICK\u00dd s.r.o.\",\"description\":\"Stroj\u00edrensk\u00e1 a z\u00e1me\u010dnick\u00e1 v\u00fdroba\",\"publisher\":{\"@id\":\"https:\/\/www.vyprachticky.cz\/#organization\"},\"potentialAction\":[{\"@type\":\"SearchAction\",\"target\":{\"@type\":\"EntryPoint\",\"urlTemplate\":\"https:\/\/www.vyprachticky.cz\/?s={search_term_string}\"},\"query-input\":{\"@type\":\"PropertyValueSpecification\",\"valueRequired\":true,\"valueName\":\"search_term_string\"}}],\"inLanguage\":\"de\"},{\"@type\":\"Organization\",\"@id\":\"https:\/\/www.vyprachticky.cz\/#organization\",\"name\":\"V\u00ddPRACHTICK\u00dd s.r.o.\",\"url\":\"https:\/\/www.vyprachticky.cz\/\",\"logo\":{\"@type\":\"ImageObject\",\"inLanguage\":\"de\",\"@id\":\"https:\/\/www.vyprachticky.cz\/#\/schema\/logo\/image\/\",\"url\":\"https:\/\/www.vyprachticky.cz\/wp-content\/uploads\/2016\/12\/logo-fb.png\",\"contentUrl\":\"https:\/\/www.vyprachticky.cz\/wp-content\/uploads\/2016\/12\/logo-fb.png\",\"width\":800,\"height\":420,\"caption\":\"V\u00ddPRACHTICK\u00dd s.r.o.\"},\"image\":{\"@id\":\"https:\/\/www.vyprachticky.cz\/#\/schema\/logo\/image\/\"}}]}<\/script>\n<!-- \/ Yoast SEO plugin. -->","yoast_head_json":{"title":"Montage - V\u00ddPRACHTICK\u00dd s.r.o.","description":"Die Montagearbeiten f\u00fchren unsere erfahrenen und geschulten Mitarbeiter durch. Wir orientieren uns vor allem auf Lieferungen von Gesamtheiten auf dem","robots":{"index":"index","follow":"follow","max-snippet":"max-snippet:-1","max-image-preview":"max-image-preview:large","max-video-preview":"max-video-preview:-1"},"canonical":"https:\/\/www.vyprachticky.cz\/de\/montage\/","og_locale":"de_DE","og_type":"article","og_title":"Montage - V\u00ddPRACHTICK\u00dd s.r.o.","og_description":"Die Montagearbeiten f\u00fchren unsere erfahrenen und geschulten Mitarbeiter durch. Wir orientieren uns vor allem auf Lieferungen von Gesamtheiten auf dem","og_url":"https:\/\/www.vyprachticky.cz\/de\/montage\/","og_site_name":"V\u00ddPRACHTICK\u00dd s.r.o.","article_modified_time":"2017-08-14T14:36:46+00:00","og_image":[{"url":"https:\/\/www.vyprachticky.cz\/wp-content\/uploads\/2017\/07\/montaz.jpg","type":"","width":"","height":""}],"twitter_card":"summary_large_image","schema":{"@context":"https:\/\/schema.org","@graph":[{"@type":"WebPage","@id":"https:\/\/www.vyprachticky.cz\/de\/montage\/","url":"https:\/\/www.vyprachticky.cz\/de\/montage\/","name":"Montage - V\u00ddPRACHTICK\u00dd s.r.o.","isPartOf":{"@id":"https:\/\/www.vyprachticky.cz\/#website"},"primaryImageOfPage":{"@id":"https:\/\/www.vyprachticky.cz\/de\/montage\/#primaryimage"},"image":{"@id":"https:\/\/www.vyprachticky.cz\/de\/montage\/#primaryimage"},"thumbnailUrl":"https:\/\/www.vyprachticky.cz\/wp-content\/uploads\/2017\/07\/montaz.jpg","datePublished":"2017-08-11T10:32:09+00:00","dateModified":"2017-08-14T14:36:46+00:00","description":"Die Montagearbeiten f\u00fchren unsere erfahrenen und geschulten Mitarbeiter durch. Wir orientieren uns vor allem auf Lieferungen von Gesamtheiten auf dem","breadcrumb":{"@id":"https:\/\/www.vyprachticky.cz\/de\/montage\/#breadcrumb"},"inLanguage":"de","potentialAction":[{"@type":"ReadAction","target":["https:\/\/www.vyprachticky.cz\/de\/montage\/"]}]},{"@type":"ImageObject","inLanguage":"de","@id":"https:\/\/www.vyprachticky.cz\/de\/montage\/#primaryimage","url":"https:\/\/www.vyprachticky.cz\/wp-content\/uploads\/2017\/07\/montaz.jpg","contentUrl":"https:\/\/www.vyprachticky.cz\/wp-content\/uploads\/2017\/07\/montaz.jpg"},{"@type":"BreadcrumbList","@id":"https:\/\/www.vyprachticky.cz\/de\/montage\/#breadcrumb","itemListElement":[{"@type":"ListItem","position":1,"name":"","item":"https:\/\/www.vyprachticky.cz\/de\/"},{"@type":"ListItem","position":2,"name":"Schlossereiproduktion","item":"https:\/\/www.vyprachticky.cz\/de\/schlossereiproduktion\/"},{"@type":"ListItem","position":3,"name":"Montage"}]},{"@type":"WebSite","@id":"https:\/\/www.vyprachticky.cz\/#website","url":"https:\/\/www.vyprachticky.cz\/","name":"V\u00ddPRACHTICK\u00dd s.r.o.","description":"Stroj\u00edrensk\u00e1 a z\u00e1me\u010dnick\u00e1 v\u00fdroba","publisher":{"@id":"https:\/\/www.vyprachticky.cz\/#organization"},"potentialAction":[{"@type":"SearchAction","target":{"@type":"EntryPoint","urlTemplate":"https:\/\/www.vyprachticky.cz\/?s={search_term_string}"},"query-input":{"@type":"PropertyValueSpecification","valueRequired":true,"valueName":"search_term_string"}}],"inLanguage":"de"},{"@type":"Organization","@id":"https:\/\/www.vyprachticky.cz\/#organization","name":"V\u00ddPRACHTICK\u00dd s.r.o.","url":"https:\/\/www.vyprachticky.cz\/","logo":{"@type":"ImageObject","inLanguage":"de","@id":"https:\/\/www.vyprachticky.cz\/#\/schema\/logo\/image\/","url":"https:\/\/www.vyprachticky.cz\/wp-content\/uploads\/2016\/12\/logo-fb.png","contentUrl":"https:\/\/www.vyprachticky.cz\/wp-content\/uploads\/2016\/12\/logo-fb.png","width":800,"height":420,"caption":"V\u00ddPRACHTICK\u00dd s.r.o."},"image":{"@id":"https:\/\/www.vyprachticky.cz\/#\/schema\/logo\/image\/"}}]}},"_links":{"self":[{"href":"https:\/\/www.vyprachticky.cz\/de\/wp-json\/wp\/v2\/pages\/423","targetHints":{"allow":["GET"]}}],"collection":[{"href":"https:\/\/www.vyprachticky.cz\/de\/wp-json\/wp\/v2\/pages"}],"about":[{"href":"https:\/\/www.vyprachticky.cz\/de\/wp-json\/wp\/v2\/types\/page"}],"author":[{"embeddable":true,"href":"https:\/\/www.vyprachticky.cz\/de\/wp-json\/wp\/v2\/users\/1"}],"replies":[{"embeddable":true,"href":"https:\/\/www.vyprachticky.cz\/de\/wp-json\/wp\/v2\/comments?post=423"}],"version-history":[{"count":4,"href":"https:\/\/www.vyprachticky.cz\/de\/wp-json\/wp\/v2\/pages\/423\/revisions"}],"predecessor-version":[{"id":775,"href":"https:\/\/www.vyprachticky.cz\/de\/wp-json\/wp\/v2\/pages\/423\/revisions\/775"}],"up":[{"embeddable":true,"href":"https:\/\/www.vyprachticky.cz\/de\/wp-json\/wp\/v2\/pages\/407"}],"wp:attachment":[{"href":"https:\/\/www.vyprachticky.cz\/de\/wp-json\/wp\/v2\/media?parent=423"}],"curies":[{"name":"wp","href":"https:\/\/api.w.org\/{rel}","templated":true}]}}