{"id":437,"date":"2017-08-11T12:37:56","date_gmt":"2017-08-11T10:37:56","guid":{"rendered":"https:\/\/www.vyprachticky.cz\/?page_id=437\/"},"modified":"2026-03-25T15:18:17","modified_gmt":"2026-03-25T14:18:17","slug":"kontakt","status":"publish","type":"page","link":"https:\/\/www.vyprachticky.cz\/de\/kontakt\/","title":{"rendered":"Kontakt"},"content":{"rendered":"<div class=\"row\">\n<div class=\"col-md-6\">\n<h2>Firmensitz<\/h2>\n<table class=\"table table-striped\">\n<tbody>\n<tr>\n<td>Firma:<\/td>\n<td><strong>V\u00ddPRACHTICK\u00dd s.r.o.<\/strong><\/td>\n<\/tr>\n<tr>\n<td>Id.-Nr.:<\/td>\n<td>27469051<\/td>\n<\/tr>\n<tr>\n<td>USt-IdNr.:<\/td>\n<td>CZ27469051<\/td>\n<\/tr>\n<tr>\n<td>Adresse:<\/td>\n<td>Humburky 2, 504&nbsp;01 Humburky<\/td>\n<\/tr>\n<tr>\n<td>GPS:<\/td>\n<td>50\u00b013&#8217;41.8&#8243;N 15\u00b030&#8217;34.2&#8243;E<\/td>\n<\/tr>\n<\/tbody>\n<\/table>\n<\/div>\n<div class=\"col-md-6\">\n<h2>Impressum<\/h2>\n<table class=\"table table-striped\">\n<tbody>\n<tr>\n<td><strong>Telefon:<\/strong><\/td>\n<td><a style=\"text-decoration: none; color: black;\" href=\"tel:+420495703530\">+420&nbsp;495&nbsp;703&nbsp;530<\/a><\/td>\n<\/tr>\n<tr>\n<td><strong>Fax:<\/strong><\/td>\n<td><a style=\"text-decoration: none; color: black;\" href=\"tel:+420495703540\">+420&nbsp;495&nbsp;703&nbsp;540<\/a><\/td>\n<\/tr>\n<tr>\n<td><strong>E-mail:<\/strong><\/td>\n<td><a href=\"mailto:info@vyprachticky.cz\">info@vyprachticky.cz<\/a><\/td>\n<\/tr>\n<tr>\n<td><strong>Faktur senden:<\/strong><\/td>\n<td><a href=\"mailto:fakturace@vyprachticky.cz\">fakturace@vyprachticky.cz<\/a><\/td>\n<\/tr>\n<\/tbody>\n<\/table>\n<div class=\"row\">\n<div class=\"col-xs-1\"><a title=\"Facebook - V\u00fdprachtick\u00fd\" href=\"https:\/\/www.facebook.com\/pages\/V%C3%BDprachtick%C3%BD\/116511778423978?fref=ts\" target=\"_blank\" rel=\"noopener noreferrer\"><img loading=\"lazy\" decoding=\"async\" class=\"alignnone size-full wp-image-254\" src=\"https:\/\/www.vyprachticky.cz\/wp-content\/uploads\/2016\/12\/ico-facebook.png\" alt=\"ico-facebook\" width=\"37\" height=\"36\" \/><\/a><\/div>\n<div class=\"col-xs-11\">Finden Sie uns aufFacebook<br \/>\n<strong><a title=\"Facebook - V\u00fdprachtick\u00fd\" href=\"https:\/\/www.facebook.com\/pages\/V\u00fdprachtick\u00fd\/116511778423978?fref=ts\" target=\"_blank\" rel=\"noopener noreferrer\">V\u00fdprachtick\u00fd<\/a><\/strong><\/div>\n<\/div>\n<\/div>\n<\/div>\n<div class=\"clearfix\"><\/div>\n<div class=\"row\">\n<div class=\"col-md-12\">\n<h2>Wo Sie uns finden<\/h2>\n<div class=\"google-maps\"><iframe loading=\"lazy\" style=\"border: 0;\" src=\"https:\/\/www.google.com\/maps\/embed?pb=!1m14!1m8!1m3!1d551044.688758953!2d14.821358725722455!3d50.088170593756104!3m2!1i1024!2i768!4f13.1!3m3!1m2!1s0x0%3A0x4d1b9f06dbbda80e!2zVsO9cHJhY2h0aWNrw70!5e0!3m2!1scs!2scz!4v1546602930354\" width=\"100%\" height=\"250\" frameborder=\"0\" allowfullscreen=\"allowfullscreen\"><br \/>\n<\/iframe><\/div>\n<\/div>\n<\/div>\n<h2>Kontaktpersonen<\/h2>\n<div class=\"row\">\n<div class=\"col-md-4\">\n<table class=\"table table-striped\">\n<tbody>\n<tr class=\"info\">\n<td>Name:<\/td>\n<td><strong>Milan V\u00fdprachtick\u00fd<\/strong><\/td>\n<\/tr>\n<tr>\n<td>Position:<\/td>\n<td>Gesch\u00e4ftsf\u00fchrer<\/td>\n<\/tr>\n<tr>\n<td>Mobil:<\/td>\n<td><a style=\"text-decoration: none; color: black;\" href=\"tel:+420603499152\">+420&nbsp;603&nbsp;499&nbsp;152<\/a><\/td>\n<\/tr>\n<tr>\n<td>Telefon:<\/td>\n<td><a style=\"text-decoration: none; color: black;\" href=\"tel:+420495703531\">+420&nbsp;495&nbsp;703&nbsp;531<\/a><\/td>\n<\/tr>\n<tr>\n<td>E-mail:<\/td>\n<td><a href=\"mailto:milan@vyprachticky.cz\">milan@vyprachticky.cz<\/a><\/td>\n<\/tr>\n<\/tbody>\n<\/table>\n<\/div>\n<div class=\"col-md-4\">\n<table class=\"table table-striped\">\n<tbody>\n<tr class=\"info\">\n<td>Name:<\/td>\n<td><strong>Ing. Michal V\u00fdprachtick\u00fd<\/strong><\/td>\n<\/tr>\n<tr>\n<td>Position:<\/td>\n<td>Gesch\u00e4ftsf\u00fchrer, Leiter der technischen Produktion<\/td>\n<\/tr>\n<tr>\n<td>Mobil:<\/td>\n<td><a style=\"text-decoration: none; color: black;\" href=\"tel:+420603898134\">+420&nbsp;603&nbsp;898&nbsp;134<\/a><\/td>\n<\/tr>\n<tr>\n<td>Telefon:<\/td>\n<td><a style=\"text-decoration: none; color: black;\" href=\"tel:+420495703532\">+420&nbsp;495&nbsp;703&nbsp;532<\/a><\/td>\n<\/tr>\n<tr>\n<td>E-mail:<\/td>\n<td><a href=\"mailto:michal@vyprachticky.cz\">michal@vyprachticky.cz<\/a><\/td>\n<\/tr>\n<\/tbody>\n<\/table>\n<\/div>\n<div class=\"col-md-4\">\n<table class=\"table table-striped\">\n<tbody>\n<tr class=\"info\">\n<td>Name:<\/td>\n<td><strong>Ivana V\u00fdprachtick\u00e1<\/strong><\/td>\n<\/tr>\n<tr>\n<td>Position:<\/td>\n<td>\u00d6konom<\/td>\n<\/tr>\n<tr>\n<td>Mobil:<\/td>\n<td><a style=\"text-decoration: none; color: black;\" href=\"tel:+420603898132\">+420&nbsp;603&nbsp;898&nbsp;132<\/a><\/td>\n<\/tr>\n<tr>\n<td>Telefon:<\/td>\n<td><a style=\"text-decoration: none; color: black;\" href=\"tel:+420495703530\">+420&nbsp;495&nbsp;703&nbsp;530<\/a><\/td>\n<\/tr>\n<tr>\n<td>E-mail:<\/td>\n<td><a href=\"mailto:iva@vyprachticky.cz\">iva@vyprachticky.cz<\/a><\/td>\n<\/tr>\n<\/tbody>\n<\/table>\n<\/div>\n<\/div>\n<div class=\"row\">\n<div class=\"col-md-4\">\n<table class=\"table table-striped\">\n<tbody>\n<tr class=\"info\">\n<td>Name:<\/td>\n<td><strong>Ing. Jan V\u00fdprachtick\u00fd<\/strong><\/td>\n<\/tr>\n<tr>\n<td>Position:<\/td>\n<td>Gesch\u00e4ftsf\u00fchrer, Leiter der Bauproduktion<\/td>\n<\/tr>\n<tr>\n<td>Mobil:<\/td>\n<td><a style=\"text-decoration: none; color: black;\" href=\"tel:+420732401528\">+420&nbsp;732&nbsp;401&nbsp;528<\/a><\/td>\n<\/tr>\n<tr>\n<td>Telefon:<\/td>\n<td>&#8211;<\/td>\n<\/tr>\n<tr>\n<td>E-mail:<\/td>\n<td><a href=\"mailto:jan@vyprachticky.cz\">jan@vyprachticky.cz<\/a><\/td>\n<\/tr>\n<\/tbody>\n<\/table>\n<\/div>\n<div class=\"col-md-4\">\n<table class=\"table table-striped\">\n<tbody>\n<tr class=\"info\">\n<td>Name:<\/td>\n<td><strong>Marek \u010cern\u00fd<\/strong><\/td>\n<\/tr>\n<tr>\n<td>Position:<\/td>\n<td>Projektmanager<\/td>\n<\/tr>\n<tr>\n<td>Mobil:<\/td>\n<td><a style=\"text-decoration: none; color: black;\" href=\"tel:+420604146004\">+420&nbsp;604&nbsp;146&nbsp;004<\/a><\/td>\n<\/tr>\n<tr>\n<td>Telefon:<\/td>\n<td><a style=\"text-decoration: none; color: black;\" href=\"tel:+420495703537\">+420&nbsp;495&nbsp;703&nbsp;537<\/a><\/td>\n<\/tr>\n<tr>\n<td>E-mail:<\/td>\n<td><a href=\"mailto:technolog@vyprachticky.cz\">technolog@vyprachticky.cz<\/a><\/td>\n<\/tr>\n<\/tbody>\n<\/table>\n<\/div>\n<div class=\"col-md-4\">\n<table class=\"table table-striped\">\n<tbody>\n<tr class=\"info\">\n<td>Name:<\/td>\n<td><strong>Jan Je\u0159\u00e1bek<\/strong><\/td>\n<\/tr>\n<tr>\n<td>Position:<\/td>\n<td>Projektmanager<\/td>\n<\/tr>\n<tr>\n<td>Mobil:<\/td>\n<td><a style=\"text-decoration: none; color: black;\" href=\"tel:+420732997100\">+420&nbsp;732&nbsp;997&nbsp;100<\/a><\/td>\n<\/tr>\n<tr>\n<td>Telefon:<\/td>\n<td><a style=\"text-decoration: none; color: black;\" href=\"tel:+420495703550\">+420&nbsp;495&nbsp;703&nbsp;550<\/a><\/td>\n<\/tr>\n<tr>\n<td>E-mail:<\/td>\n<td><a href=\"mailto:jerabek@vyprachticky.cz\">jerabek@vyprachticky.cz<\/a><\/td>\n<\/tr>\n<\/tbody>\n<\/table>\n<\/div>\n<\/div>\n<div class=\"row\">\n<div class=\"col-md-4\">\n<table class=\"table table-striped\">\n<tbody>\n<tr class=\"info\">\n<td>Name:<\/td>\n<td><strong>Ji\u0159\u00ed Krej\u010d\u00ed<\/strong><\/td>\n<\/tr>\n<tr>\n<td>Position:<\/td>\n<td>Produktionsplanung<\/td>\n<\/tr>\n<tr>\n<td>Mobil:<\/td>\n<td><a style=\"text-decoration: none; color: black;\" href=\"tel:+420605501811\">+420&nbsp;605&nbsp;501&nbsp;811<\/a><\/td>\n<\/tr>\n<tr>\n<td>Telefon:<\/td>\n<td>&#8211;<\/td>\n<\/tr>\n<tr>\n<td>E-mail:<\/td>\n<td><a href=\"mailto:krejci@vyprachticky.cz\">krejci@vyprachticky.cz<\/a><\/td>\n<\/tr>\n<\/tbody>\n<\/table>\n<\/div>\n<div class=\"col-md-4\">\n<table class=\"table table-striped\">\n<tbody>\n<tr class=\"info\">\n<td>Name:<\/td>\n<td><strong>Sv\u011btlu\u0161e Prouzov\u00e1<\/strong><\/td>\n<\/tr>\n<tr>\n<td>Position:<\/td>\n<td>Personalreferent<\/td>\n<\/tr>\n<tr>\n<td>Mobil:<\/td>\n<td><a style=\"text-decoration: none; color: black;\" href=\"tel:+420731658384\">+420&nbsp;731&nbsp;658&nbsp;384<\/a><\/td>\n<\/tr>\n<tr>\n<td>Telefon:<\/td>\n<td>&#8211;<\/td>\n<\/tr>\n<tr>\n<td>E-mail:<\/td>\n<td><a href=\"mailto:prouzova@vyprachticky.cz\">prouzova@vyprachticky.cz<\/a><\/td>\n<\/tr>\n<\/tbody>\n<\/table>\n<\/div>\n<div class=\"col-md-4\">\n<table class=\"table table-striped\">\n<tbody>\n<tr class=\"info\">\n<td>Name:<\/td>\n<td><strong>Pavl\u00edna K\u0159epelov\u00e1<\/strong><\/td>\n<\/tr>\n<tr>\n<td>Position:<\/td>\n<td>Einkauf, Logistik<\/td>\n<\/tr>\n<tr>\n<td>Mobil:<\/td>\n<td><a style=\"text-decoration: none; color: black;\" href=\"tel:+420734884860\">+420&nbsp;734&nbsp;884&nbsp;860<\/a><\/td>\n<\/tr>\n<tr>\n<td>Telefon:<\/td>\n<td>&#8211;<\/td>\n<\/tr>\n<tr>\n<td>E-mail:<\/td>\n<td><a href=\"mailto:vachova@vyprachticky.cz\">vachova@vyprachticky.cz<\/a><\/td>\n<\/tr>\n<\/tbody>\n<\/table>\n<\/div>\n<\/div>\n","protected":false},"excerpt":{"rendered":"<p>Firmensitz Firma: V\u00ddPRACHTICK\u00dd s.r.o. Id.-Nr.: 27469051 USt-IdNr.: CZ27469051 Adresse: Humburky 2, 504&nbsp;01 Humburky GPS: 50\u00b013&#8217;41.8&#8243;N 15\u00b030&#8217;34.2&#8243;E Impressum Telefon: +420&nbsp;495&nbsp;703&nbsp;530 Fax: +420&nbsp;495&nbsp;703&nbsp;540 E-mail: info@vyprachticky.cz Faktur senden: fakturace@vyprachticky.cz Finden Sie uns aufFacebook V\u00fdprachtick\u00fd Wo Sie uns finden Kontaktpersonen Name: Milan V\u00fdprachtick\u00fd Position: Gesch\u00e4ftsf\u00fchrer Mobil: +420&nbsp;603&nbsp;499&nbsp;152 Telefon: +420&nbsp;495&nbsp;703&nbsp;531 E-mail: milan@vyprachticky.cz Name: Ing. Michal V\u00fdprachtick\u00fd Position: Gesch\u00e4ftsf\u00fchrer, Leiter der &hellip;<\/p>\n","protected":false},"author":1,"featured_media":0,"parent":0,"menu_order":0,"comment_status":"closed","ping_status":"closed","template":"page-templates\/template-full-width.php","meta":{"footnotes":""},"class_list":["post-437","page","type-page","status-publish","hentry"],"yoast_head":"<!-- This site is optimized with the Yoast SEO plugin v26.9 - https:\/\/yoast.com\/product\/yoast-seo-wordpress\/ -->\n<title>Kontakt - V\u00ddPRACHTICK\u00dd s.r.o.<\/title>\n<meta name=\"description\" content=\"Firmensitz Firma: V\u00ddPRACHTICK\u00dd s.r.o. Id.-Nr.: 27469051 USt-IdNr.: CZ27469051 Adresse: Humburky 2, 504 01 Humburky GPS: 50\u00b013&#039;41.8&quot;N 15\u00b030&#039;34.2&quot;E\" \/>\n<meta name=\"robots\" content=\"index, follow, max-snippet:-1, max-image-preview:large, max-video-preview:-1\" \/>\n<link rel=\"canonical\" href=\"https:\/\/www.vyprachticky.cz\/de\/kontakt\/\" \/>\n<meta property=\"og:locale\" content=\"de_DE\" \/>\n<meta property=\"og:type\" content=\"article\" \/>\n<meta property=\"og:title\" content=\"Kontakt - V\u00ddPRACHTICK\u00dd s.r.o.\" \/>\n<meta property=\"og:description\" content=\"Firmensitz Firma: V\u00ddPRACHTICK\u00dd s.r.o. Id.-Nr.: 27469051 USt-IdNr.: CZ27469051 Adresse: Humburky 2, 504 01 Humburky GPS: 50\u00b013&#039;41.8&quot;N 15\u00b030&#039;34.2&quot;E\" \/>\n<meta property=\"og:url\" content=\"https:\/\/www.vyprachticky.cz\/de\/kontakt\/\" \/>\n<meta property=\"og:site_name\" content=\"V\u00ddPRACHTICK\u00dd s.r.o.\" \/>\n<meta property=\"article:modified_time\" content=\"2026-03-25T14:18:17+00:00\" \/>\n<meta property=\"og:image\" content=\"https:\/\/www.vyprachticky.cz\/wp-content\/uploads\/2016\/12\/ico-facebook.png\" \/>\n\t<meta property=\"og:image:width\" content=\"37\" \/>\n\t<meta property=\"og:image:height\" content=\"36\" \/>\n\t<meta property=\"og:image:type\" content=\"image\/png\" \/>\n<meta name=\"twitter:card\" content=\"summary_large_image\" \/>\n<meta name=\"twitter:label1\" content=\"Gesch\u00e4tzte Lesezeit\" \/>\n\t<meta name=\"twitter:data1\" content=\"2\u00a0Minuten\" \/>\n<script type=\"application\/ld+json\" class=\"yoast-schema-graph\">{\"@context\":\"https:\/\/schema.org\",\"@graph\":[{\"@type\":\"WebPage\",\"@id\":\"https:\/\/www.vyprachticky.cz\/de\/kontakt\/\",\"url\":\"https:\/\/www.vyprachticky.cz\/de\/kontakt\/\",\"name\":\"Kontakt - V\u00ddPRACHTICK\u00dd s.r.o.\",\"isPartOf\":{\"@id\":\"https:\/\/www.vyprachticky.cz\/#website\"},\"primaryImageOfPage\":{\"@id\":\"https:\/\/www.vyprachticky.cz\/de\/kontakt\/#primaryimage\"},\"image\":{\"@id\":\"https:\/\/www.vyprachticky.cz\/de\/kontakt\/#primaryimage\"},\"thumbnailUrl\":\"https:\/\/www.vyprachticky.cz\/wp-content\/uploads\/2016\/12\/ico-facebook.png\",\"datePublished\":\"2017-08-11T10:37:56+00:00\",\"dateModified\":\"2026-03-25T14:18:17+00:00\",\"description\":\"Firmensitz Firma: V\u00ddPRACHTICK\u00dd s.r.o. Id.-Nr.: 27469051 USt-IdNr.: CZ27469051 Adresse: Humburky 2, 504 01 Humburky GPS: 50\u00b013'41.8\\\"N 15\u00b030'34.2\\\"E\",\"breadcrumb\":{\"@id\":\"https:\/\/www.vyprachticky.cz\/de\/kontakt\/#breadcrumb\"},\"inLanguage\":\"de\",\"potentialAction\":[{\"@type\":\"ReadAction\",\"target\":[\"https:\/\/www.vyprachticky.cz\/de\/kontakt\/\"]}]},{\"@type\":\"ImageObject\",\"inLanguage\":\"de\",\"@id\":\"https:\/\/www.vyprachticky.cz\/de\/kontakt\/#primaryimage\",\"url\":\"https:\/\/www.vyprachticky.cz\/wp-content\/uploads\/2016\/12\/ico-facebook.png\",\"contentUrl\":\"https:\/\/www.vyprachticky.cz\/wp-content\/uploads\/2016\/12\/ico-facebook.png\"},{\"@type\":\"BreadcrumbList\",\"@id\":\"https:\/\/www.vyprachticky.cz\/de\/kontakt\/#breadcrumb\",\"itemListElement\":[{\"@type\":\"ListItem\",\"position\":1,\"name\":\"\",\"item\":\"https:\/\/www.vyprachticky.cz\/de\/\"},{\"@type\":\"ListItem\",\"position\":2,\"name\":\"Kontakt\"}]},{\"@type\":\"WebSite\",\"@id\":\"https:\/\/www.vyprachticky.cz\/#website\",\"url\":\"https:\/\/www.vyprachticky.cz\/\",\"name\":\"V\u00ddPRACHTICK\u00dd s.r.o.\",\"description\":\"Stroj\u00edrensk\u00e1 a z\u00e1me\u010dnick\u00e1 v\u00fdroba\",\"publisher\":{\"@id\":\"https:\/\/www.vyprachticky.cz\/#organization\"},\"potentialAction\":[{\"@type\":\"SearchAction\",\"target\":{\"@type\":\"EntryPoint\",\"urlTemplate\":\"https:\/\/www.vyprachticky.cz\/?s={search_term_string}\"},\"query-input\":{\"@type\":\"PropertyValueSpecification\",\"valueRequired\":true,\"valueName\":\"search_term_string\"}}],\"inLanguage\":\"de\"},{\"@type\":\"Organization\",\"@id\":\"https:\/\/www.vyprachticky.cz\/#organization\",\"name\":\"V\u00ddPRACHTICK\u00dd s.r.o.\",\"url\":\"https:\/\/www.vyprachticky.cz\/\",\"logo\":{\"@type\":\"ImageObject\",\"inLanguage\":\"de\",\"@id\":\"https:\/\/www.vyprachticky.cz\/#\/schema\/logo\/image\/\",\"url\":\"https:\/\/www.vyprachticky.cz\/wp-content\/uploads\/2016\/12\/logo-fb.png\",\"contentUrl\":\"https:\/\/www.vyprachticky.cz\/wp-content\/uploads\/2016\/12\/logo-fb.png\",\"width\":800,\"height\":420,\"caption\":\"V\u00ddPRACHTICK\u00dd s.r.o.\"},\"image\":{\"@id\":\"https:\/\/www.vyprachticky.cz\/#\/schema\/logo\/image\/\"}}]}<\/script>\n<!-- \/ Yoast SEO plugin. -->","yoast_head_json":{"title":"Kontakt - V\u00ddPRACHTICK\u00dd s.r.o.","description":"Firmensitz Firma: V\u00ddPRACHTICK\u00dd s.r.o. Id.-Nr.: 27469051 USt-IdNr.: CZ27469051 Adresse: Humburky 2, 504 01 Humburky GPS: 50\u00b013'41.8\"N 15\u00b030'34.2\"E","robots":{"index":"index","follow":"follow","max-snippet":"max-snippet:-1","max-image-preview":"max-image-preview:large","max-video-preview":"max-video-preview:-1"},"canonical":"https:\/\/www.vyprachticky.cz\/de\/kontakt\/","og_locale":"de_DE","og_type":"article","og_title":"Kontakt - V\u00ddPRACHTICK\u00dd s.r.o.","og_description":"Firmensitz Firma: V\u00ddPRACHTICK\u00dd s.r.o. Id.-Nr.: 27469051 USt-IdNr.: CZ27469051 Adresse: Humburky 2, 504 01 Humburky GPS: 50\u00b013'41.8\"N 15\u00b030'34.2\"E","og_url":"https:\/\/www.vyprachticky.cz\/de\/kontakt\/","og_site_name":"V\u00ddPRACHTICK\u00dd s.r.o.","article_modified_time":"2026-03-25T14:18:17+00:00","og_image":[{"width":37,"height":36,"url":"https:\/\/www.vyprachticky.cz\/wp-content\/uploads\/2016\/12\/ico-facebook.png","type":"image\/png"}],"twitter_card":"summary_large_image","twitter_misc":{"Gesch\u00e4tzte Lesezeit":"2\u00a0Minuten"},"schema":{"@context":"https:\/\/schema.org","@graph":[{"@type":"WebPage","@id":"https:\/\/www.vyprachticky.cz\/de\/kontakt\/","url":"https:\/\/www.vyprachticky.cz\/de\/kontakt\/","name":"Kontakt - V\u00ddPRACHTICK\u00dd s.r.o.","isPartOf":{"@id":"https:\/\/www.vyprachticky.cz\/#website"},"primaryImageOfPage":{"@id":"https:\/\/www.vyprachticky.cz\/de\/kontakt\/#primaryimage"},"image":{"@id":"https:\/\/www.vyprachticky.cz\/de\/kontakt\/#primaryimage"},"thumbnailUrl":"https:\/\/www.vyprachticky.cz\/wp-content\/uploads\/2016\/12\/ico-facebook.png","datePublished":"2017-08-11T10:37:56+00:00","dateModified":"2026-03-25T14:18:17+00:00","description":"Firmensitz Firma: V\u00ddPRACHTICK\u00dd s.r.o. Id.-Nr.: 27469051 USt-IdNr.: CZ27469051 Adresse: Humburky 2, 504 01 Humburky GPS: 50\u00b013'41.8\"N 15\u00b030'34.2\"E","breadcrumb":{"@id":"https:\/\/www.vyprachticky.cz\/de\/kontakt\/#breadcrumb"},"inLanguage":"de","potentialAction":[{"@type":"ReadAction","target":["https:\/\/www.vyprachticky.cz\/de\/kontakt\/"]}]},{"@type":"ImageObject","inLanguage":"de","@id":"https:\/\/www.vyprachticky.cz\/de\/kontakt\/#primaryimage","url":"https:\/\/www.vyprachticky.cz\/wp-content\/uploads\/2016\/12\/ico-facebook.png","contentUrl":"https:\/\/www.vyprachticky.cz\/wp-content\/uploads\/2016\/12\/ico-facebook.png"},{"@type":"BreadcrumbList","@id":"https:\/\/www.vyprachticky.cz\/de\/kontakt\/#breadcrumb","itemListElement":[{"@type":"ListItem","position":1,"name":"","item":"https:\/\/www.vyprachticky.cz\/de\/"},{"@type":"ListItem","position":2,"name":"Kontakt"}]},{"@type":"WebSite","@id":"https:\/\/www.vyprachticky.cz\/#website","url":"https:\/\/www.vyprachticky.cz\/","name":"V\u00ddPRACHTICK\u00dd s.r.o.","description":"Stroj\u00edrensk\u00e1 a z\u00e1me\u010dnick\u00e1 v\u00fdroba","publisher":{"@id":"https:\/\/www.vyprachticky.cz\/#organization"},"potentialAction":[{"@type":"SearchAction","target":{"@type":"EntryPoint","urlTemplate":"https:\/\/www.vyprachticky.cz\/?s={search_term_string}"},"query-input":{"@type":"PropertyValueSpecification","valueRequired":true,"valueName":"search_term_string"}}],"inLanguage":"de"},{"@type":"Organization","@id":"https:\/\/www.vyprachticky.cz\/#organization","name":"V\u00ddPRACHTICK\u00dd s.r.o.","url":"https:\/\/www.vyprachticky.cz\/","logo":{"@type":"ImageObject","inLanguage":"de","@id":"https:\/\/www.vyprachticky.cz\/#\/schema\/logo\/image\/","url":"https:\/\/www.vyprachticky.cz\/wp-content\/uploads\/2016\/12\/logo-fb.png","contentUrl":"https:\/\/www.vyprachticky.cz\/wp-content\/uploads\/2016\/12\/logo-fb.png","width":800,"height":420,"caption":"V\u00ddPRACHTICK\u00dd s.r.o."},"image":{"@id":"https:\/\/www.vyprachticky.cz\/#\/schema\/logo\/image\/"}}]}},"_links":{"self":[{"href":"https:\/\/www.vyprachticky.cz\/de\/wp-json\/wp\/v2\/pages\/437","targetHints":{"allow":["GET"]}}],"collection":[{"href":"https:\/\/www.vyprachticky.cz\/de\/wp-json\/wp\/v2\/pages"}],"about":[{"href":"https:\/\/www.vyprachticky.cz\/de\/wp-json\/wp\/v2\/types\/page"}],"author":[{"embeddable":true,"href":"https:\/\/www.vyprachticky.cz\/de\/wp-json\/wp\/v2\/users\/1"}],"replies":[{"embeddable":true,"href":"https:\/\/www.vyprachticky.cz\/de\/wp-json\/wp\/v2\/comments?post=437"}],"version-history":[{"count":5,"href":"https:\/\/www.vyprachticky.cz\/de\/wp-json\/wp\/v2\/pages\/437\/revisions"}],"predecessor-version":[{"id":1811,"href":"https:\/\/www.vyprachticky.cz\/de\/wp-json\/wp\/v2\/pages\/437\/revisions\/1811"}],"wp:attachment":[{"href":"https:\/\/www.vyprachticky.cz\/de\/wp-json\/wp\/v2\/media?parent=437"}],"curies":[{"name":"wp","href":"https:\/\/api.w.org\/{rel}","templated":true}]}}