{"id":450,"date":"2017-08-11T12:44:40","date_gmt":"2017-08-11T10:44:40","guid":{"rendered":"https:\/\/www.vyprachticky.cz\/?page_id=450\/"},"modified":"2017-08-11T12:44:40","modified_gmt":"2017-08-11T10:44:40","slug":"prohlaseni-o-webu","status":"publish","type":"page","link":"https:\/\/www.vyprachticky.cz\/de\/prohlaseni-o-webu\/","title":{"rendered":"Prohl\u00e1\u0161en\u00ed o&nbsp;webu"},"content":{"rendered":"<p>Na t\u011bchto str\u00e1nk\u00fdch je zohledn\u011bna p\u0159\u00edstupnost a&nbsp;bezbari\u00e9rovost webu tak, aby spl\u0148ovaly v\u0161echny z\u00e1sady p\u0159\u00edstupnosti podle metodiky Pravidel tvorby p\u0159\u00edstupn\u00e9ho webu p\u0159ipraven\u00e9 pro \u00fa\u010dely novely Z\u00e1kona \u010d.&nbsp;365\/2000 Sb., o&nbsp;informa\u010dn\u00edch syst\u00e9mech ve\u0159ejn\u00e9 spr\u00e1vy.<\/p>\n<p>Web je vytvo\u0159en podle specifikace HTML 5.<\/p>\n<p>Obsah je odd\u011blen od stylu pomoc\u00ed CSS, a&nbsp;je nez\u00e1visl\u00fd na pou\u017eit\u00e9m v\u00fdstupn\u00edm za\u0159\u00edzen\u00ed.<\/p>\n<p>Velikost p\u00edsma je definovan\u00e1 v&nbsp;relativn\u00edch jednotk\u00e1ch, tak\u017ee p\u00edsmo se d\u00e1 zv\u011bt\u0161ovat i&nbsp;zmen\u0161ovat pomoc\u00ed nastaven\u00ed prohl\u00ed\u017ee\u010de.<\/p>\n<p>Ovl\u00e1d\u00e1n\u00ed zv\u011b\u0159ejn\u011bn\u00fdch str\u00e1nek nen\u00ed omezeno druhem vstupn\u00edho za\u0159\u00edzen\u00ed.<\/p>\n<p>Ve stromov\u00e9 struktu\u0159e str\u00e1nek jsou u\u017eity nejv\u00fd\u0161e \u010dty\u0159i \u00farovn\u011b zano\u0159en\u00ed. Na v\u0161ech zano\u0159en\u00fdch str\u00e1nk\u00e1ch ni\u017e\u0161\u0161\u00ed \u00farovn\u011b je dostupn\u00e1 drobe\u010dkov\u00e1 navigace<\/p>\n<h2>Informace prezentovan\u00e9 v&nbsp;jin\u00fdch form\u00e1tech<\/h2>\n<p>N\u011bkter\u00e1 sd\u011blen\u00ed jsou prezentov\u00e1na, vzhledem k&nbsp;sv\u00e9mu rozsahu, jako pdf, doc, xls.<br \/>\nPro jejich prohl\u00ed\u017een\u00ed je mo\u017en\u00e9 pou\u017e\u00edt:<br \/>\npdf &#8211; Prohl\u00ed\u017ee\u010d Adobe Acrobat Reader &#8211; <a href=\"http:\/\/get.adobe.com\/cz\/reader\/\" target=\"_blank\">ke sta\u017een\u00ed zde<\/a><br \/>\ndoc &#8211; Prohl\u00ed\u017ee\u010d Microsoft Word Viewer &#8211; <a href=\"http:\/\/www.microsoft.com\/cs-cz\/download\/details.aspx?id=4\" target=\"_blank\">ke sta\u017een\u00ed zde<\/a><br \/>\nxls &#8211; Prohl\u00ed\u017ee\u010d Microsoft Excel Viewer &#8211; <a href=\"http:\/\/www.microsoft.com\/cs-cz\/download\/details.aspx?id=10\" target=\"_blank\">ke sta\u017een\u00ed zde<\/a><br \/>\nzip &#8211; n\u011bkter\u00e9 dokumenty mohou b\u00fdt z&nbsp;d\u016fvodu velikosti komprimov\u00e1ny. Na internetu je velk\u00e9 mno\u017estv\u00ed program\u016f, kter\u00e9 dok\u00e1\u017eou tento form\u00e1t dekomprimovat &#8211; nap\u0159.\u00a0<a href=\"http:\/\/www.slunecnice.cz\/sw\/winrar\/\" target=\"_blank\">WinRAR<\/a>.<\/p>\n<p>N\u011bkter\u00e9 informace, u&nbsp;kter\u00fdch nebylo mo\u017en\u00e9 z\u00edskat materi\u00e1l v&nbsp;zdrojov\u00e9, textov\u00e9 podob\u011b, jsou prezentov\u00e1ny jako obr\u00e1zky s&nbsp;dostate\u010dn\u011b velk\u00fdm rozli\u0161en\u00edm.<\/p>\n<h2>Kontakt na spr\u00e1vce webu<\/h2>\n<p>Va\u0161e n\u00e1m\u011bty, post\u0159ehy \u010di&nbsp;informace o&nbsp;technick\u00fdch probl\u00e9mech, na kter\u00e9 naraz\u00edte p\u0159i&nbsp;pou\u017e\u00edv\u00e1n\u00ed tohoto webu, m\u016f\u017eete poslat na adresu technick\u00e9ho spr\u00e1vce serveru, firmy <a href=\"http:\/\/webprezent.cz\">WebPrezent<\/a> &#8211; <a href=\"mailto:info@webprezent.cz\">info@webprezent.cz<\/a>. Tato adresa slou\u017e\u00ed pouze pro \u0159e\u0161en\u00ed technick\u00fdch, nikoli obsahov\u00fdch z\u00e1le\u017eitost\u00ed t\u00fdkaj\u00edc\u00ed se t\u00e9to webov\u00e9 prezentace. N\u00e1m\u011bty k&nbsp;obsahu webu adresujte na provozovatele webu, viz <a href=\"\/kontakt\">kontakty<\/a>.<\/p>\n","protected":false},"excerpt":{"rendered":"<p>Na t\u011bchto str\u00e1nk\u00fdch je zohledn\u011bna p\u0159\u00edstupnost a&nbsp;bezbari\u00e9rovost webu tak, aby spl\u0148ovaly v\u0161echny z\u00e1sady p\u0159\u00edstupnosti podle metodiky Pravidel tvorby p\u0159\u00edstupn\u00e9ho webu p\u0159ipraven\u00e9 pro \u00fa\u010dely novely Z\u00e1kona \u010d.&nbsp;365\/2000 Sb., o&nbsp;informa\u010dn\u00edch syst\u00e9mech ve\u0159ejn\u00e9 spr\u00e1vy. Web je vytvo\u0159en podle specifikace HTML 5. Obsah je odd\u011blen od stylu pomoc\u00ed CSS, a&nbsp;je nez\u00e1visl\u00fd na pou\u017eit\u00e9m v\u00fdstupn\u00edm za\u0159\u00edzen\u00ed. Velikost p\u00edsma je definovan\u00e1 &hellip;<\/p>\n","protected":false},"author":1,"featured_media":0,"parent":0,"menu_order":0,"comment_status":"closed","ping_status":"closed","template":"","meta":{"footnotes":""},"class_list":["post-450","page","type-page","status-publish","hentry"],"yoast_head":"<!-- This site is optimized with the Yoast SEO plugin v26.9 - https:\/\/yoast.com\/product\/yoast-seo-wordpress\/ -->\n<title>Prohl\u00e1\u0161en\u00ed o webu - V\u00ddPRACHTICK\u00dd s.r.o.<\/title>\n<meta name=\"description\" content=\"Na t\u011bchto str\u00e1nk\u00fdch je zohledn\u011bna p\u0159\u00edstupnost a bezbari\u00e9rovost webu tak, aby spl\u0148ovaly v\u0161echny z\u00e1sady p\u0159\u00edstupnosti podle metodiky Pravidel tvorby\" \/>\n<meta name=\"robots\" content=\"index, follow, max-snippet:-1, max-image-preview:large, max-video-preview:-1\" \/>\n<link rel=\"canonical\" href=\"https:\/\/www.vyprachticky.cz\/de\/prohlaseni-o-webu\/\" \/>\n<meta property=\"og:locale\" content=\"de_DE\" \/>\n<meta property=\"og:type\" content=\"article\" \/>\n<meta property=\"og:title\" content=\"Prohl\u00e1\u0161en\u00ed o webu - V\u00ddPRACHTICK\u00dd s.r.o.\" \/>\n<meta property=\"og:description\" content=\"Na t\u011bchto str\u00e1nk\u00fdch je zohledn\u011bna p\u0159\u00edstupnost a bezbari\u00e9rovost webu tak, aby spl\u0148ovaly v\u0161echny z\u00e1sady p\u0159\u00edstupnosti podle metodiky Pravidel tvorby\" \/>\n<meta property=\"og:url\" content=\"https:\/\/www.vyprachticky.cz\/de\/prohlaseni-o-webu\/\" \/>\n<meta property=\"og:site_name\" content=\"V\u00ddPRACHTICK\u00dd s.r.o.\" \/>\n<meta name=\"twitter:card\" content=\"summary_large_image\" \/>\n<meta name=\"twitter:label1\" content=\"Gesch\u00e4tzte Lesezeit\" \/>\n\t<meta name=\"twitter:data1\" content=\"2\u00a0Minuten\" \/>\n<script type=\"application\/ld+json\" class=\"yoast-schema-graph\">{\"@context\":\"https:\/\/schema.org\",\"@graph\":[{\"@type\":\"WebPage\",\"@id\":\"https:\/\/www.vyprachticky.cz\/de\/prohlaseni-o-webu\/\",\"url\":\"https:\/\/www.vyprachticky.cz\/de\/prohlaseni-o-webu\/\",\"name\":\"Prohl\u00e1\u0161en\u00ed o webu - V\u00ddPRACHTICK\u00dd s.r.o.\",\"isPartOf\":{\"@id\":\"https:\/\/www.vyprachticky.cz\/#website\"},\"datePublished\":\"2017-08-11T10:44:40+00:00\",\"description\":\"Na t\u011bchto str\u00e1nk\u00fdch je zohledn\u011bna p\u0159\u00edstupnost a bezbari\u00e9rovost webu tak, aby spl\u0148ovaly v\u0161echny z\u00e1sady p\u0159\u00edstupnosti podle metodiky Pravidel tvorby\",\"breadcrumb\":{\"@id\":\"https:\/\/www.vyprachticky.cz\/de\/prohlaseni-o-webu\/#breadcrumb\"},\"inLanguage\":\"de\",\"potentialAction\":[{\"@type\":\"ReadAction\",\"target\":[\"https:\/\/www.vyprachticky.cz\/de\/prohlaseni-o-webu\/\"]}]},{\"@type\":\"BreadcrumbList\",\"@id\":\"https:\/\/www.vyprachticky.cz\/de\/prohlaseni-o-webu\/#breadcrumb\",\"itemListElement\":[{\"@type\":\"ListItem\",\"position\":1,\"name\":\"\",\"item\":\"https:\/\/www.vyprachticky.cz\/de\/\"},{\"@type\":\"ListItem\",\"position\":2,\"name\":\"Prohl\u00e1\u0161en\u00ed o&nbsp;webu\"}]},{\"@type\":\"WebSite\",\"@id\":\"https:\/\/www.vyprachticky.cz\/#website\",\"url\":\"https:\/\/www.vyprachticky.cz\/\",\"name\":\"V\u00ddPRACHTICK\u00dd s.r.o.\",\"description\":\"Stroj\u00edrensk\u00e1 a z\u00e1me\u010dnick\u00e1 v\u00fdroba\",\"publisher\":{\"@id\":\"https:\/\/www.vyprachticky.cz\/#organization\"},\"potentialAction\":[{\"@type\":\"SearchAction\",\"target\":{\"@type\":\"EntryPoint\",\"urlTemplate\":\"https:\/\/www.vyprachticky.cz\/?s={search_term_string}\"},\"query-input\":{\"@type\":\"PropertyValueSpecification\",\"valueRequired\":true,\"valueName\":\"search_term_string\"}}],\"inLanguage\":\"de\"},{\"@type\":\"Organization\",\"@id\":\"https:\/\/www.vyprachticky.cz\/#organization\",\"name\":\"V\u00ddPRACHTICK\u00dd s.r.o.\",\"url\":\"https:\/\/www.vyprachticky.cz\/\",\"logo\":{\"@type\":\"ImageObject\",\"inLanguage\":\"de\",\"@id\":\"https:\/\/www.vyprachticky.cz\/#\/schema\/logo\/image\/\",\"url\":\"https:\/\/www.vyprachticky.cz\/wp-content\/uploads\/2016\/12\/logo-fb.png\",\"contentUrl\":\"https:\/\/www.vyprachticky.cz\/wp-content\/uploads\/2016\/12\/logo-fb.png\",\"width\":800,\"height\":420,\"caption\":\"V\u00ddPRACHTICK\u00dd s.r.o.\"},\"image\":{\"@id\":\"https:\/\/www.vyprachticky.cz\/#\/schema\/logo\/image\/\"}}]}<\/script>\n<!-- \/ Yoast SEO plugin. -->","yoast_head_json":{"title":"Prohl\u00e1\u0161en\u00ed o webu - V\u00ddPRACHTICK\u00dd s.r.o.","description":"Na t\u011bchto str\u00e1nk\u00fdch je zohledn\u011bna p\u0159\u00edstupnost a bezbari\u00e9rovost webu tak, aby spl\u0148ovaly v\u0161echny z\u00e1sady p\u0159\u00edstupnosti podle metodiky Pravidel tvorby","robots":{"index":"index","follow":"follow","max-snippet":"max-snippet:-1","max-image-preview":"max-image-preview:large","max-video-preview":"max-video-preview:-1"},"canonical":"https:\/\/www.vyprachticky.cz\/de\/prohlaseni-o-webu\/","og_locale":"de_DE","og_type":"article","og_title":"Prohl\u00e1\u0161en\u00ed o webu - V\u00ddPRACHTICK\u00dd s.r.o.","og_description":"Na t\u011bchto str\u00e1nk\u00fdch je zohledn\u011bna p\u0159\u00edstupnost a bezbari\u00e9rovost webu tak, aby spl\u0148ovaly v\u0161echny z\u00e1sady p\u0159\u00edstupnosti podle metodiky Pravidel tvorby","og_url":"https:\/\/www.vyprachticky.cz\/de\/prohlaseni-o-webu\/","og_site_name":"V\u00ddPRACHTICK\u00dd s.r.o.","twitter_card":"summary_large_image","twitter_misc":{"Gesch\u00e4tzte Lesezeit":"2\u00a0Minuten"},"schema":{"@context":"https:\/\/schema.org","@graph":[{"@type":"WebPage","@id":"https:\/\/www.vyprachticky.cz\/de\/prohlaseni-o-webu\/","url":"https:\/\/www.vyprachticky.cz\/de\/prohlaseni-o-webu\/","name":"Prohl\u00e1\u0161en\u00ed o webu - V\u00ddPRACHTICK\u00dd s.r.o.","isPartOf":{"@id":"https:\/\/www.vyprachticky.cz\/#website"},"datePublished":"2017-08-11T10:44:40+00:00","description":"Na t\u011bchto str\u00e1nk\u00fdch je zohledn\u011bna p\u0159\u00edstupnost a bezbari\u00e9rovost webu tak, aby spl\u0148ovaly v\u0161echny z\u00e1sady p\u0159\u00edstupnosti podle metodiky Pravidel tvorby","breadcrumb":{"@id":"https:\/\/www.vyprachticky.cz\/de\/prohlaseni-o-webu\/#breadcrumb"},"inLanguage":"de","potentialAction":[{"@type":"ReadAction","target":["https:\/\/www.vyprachticky.cz\/de\/prohlaseni-o-webu\/"]}]},{"@type":"BreadcrumbList","@id":"https:\/\/www.vyprachticky.cz\/de\/prohlaseni-o-webu\/#breadcrumb","itemListElement":[{"@type":"ListItem","position":1,"name":"","item":"https:\/\/www.vyprachticky.cz\/de\/"},{"@type":"ListItem","position":2,"name":"Prohl\u00e1\u0161en\u00ed o&nbsp;webu"}]},{"@type":"WebSite","@id":"https:\/\/www.vyprachticky.cz\/#website","url":"https:\/\/www.vyprachticky.cz\/","name":"V\u00ddPRACHTICK\u00dd s.r.o.","description":"Stroj\u00edrensk\u00e1 a z\u00e1me\u010dnick\u00e1 v\u00fdroba","publisher":{"@id":"https:\/\/www.vyprachticky.cz\/#organization"},"potentialAction":[{"@type":"SearchAction","target":{"@type":"EntryPoint","urlTemplate":"https:\/\/www.vyprachticky.cz\/?s={search_term_string}"},"query-input":{"@type":"PropertyValueSpecification","valueRequired":true,"valueName":"search_term_string"}}],"inLanguage":"de"},{"@type":"Organization","@id":"https:\/\/www.vyprachticky.cz\/#organization","name":"V\u00ddPRACHTICK\u00dd s.r.o.","url":"https:\/\/www.vyprachticky.cz\/","logo":{"@type":"ImageObject","inLanguage":"de","@id":"https:\/\/www.vyprachticky.cz\/#\/schema\/logo\/image\/","url":"https:\/\/www.vyprachticky.cz\/wp-content\/uploads\/2016\/12\/logo-fb.png","contentUrl":"https:\/\/www.vyprachticky.cz\/wp-content\/uploads\/2016\/12\/logo-fb.png","width":800,"height":420,"caption":"V\u00ddPRACHTICK\u00dd s.r.o."},"image":{"@id":"https:\/\/www.vyprachticky.cz\/#\/schema\/logo\/image\/"}}]}},"_links":{"self":[{"href":"https:\/\/www.vyprachticky.cz\/de\/wp-json\/wp\/v2\/pages\/450","targetHints":{"allow":["GET"]}}],"collection":[{"href":"https:\/\/www.vyprachticky.cz\/de\/wp-json\/wp\/v2\/pages"}],"about":[{"href":"https:\/\/www.vyprachticky.cz\/de\/wp-json\/wp\/v2\/types\/page"}],"author":[{"embeddable":true,"href":"https:\/\/www.vyprachticky.cz\/de\/wp-json\/wp\/v2\/users\/1"}],"replies":[{"embeddable":true,"href":"https:\/\/www.vyprachticky.cz\/de\/wp-json\/wp\/v2\/comments?post=450"}],"version-history":[{"count":1,"href":"https:\/\/www.vyprachticky.cz\/de\/wp-json\/wp\/v2\/pages\/450\/revisions"}],"predecessor-version":[{"id":452,"href":"https:\/\/www.vyprachticky.cz\/de\/wp-json\/wp\/v2\/pages\/450\/revisions\/452"}],"wp:attachment":[{"href":"https:\/\/www.vyprachticky.cz\/de\/wp-json\/wp\/v2\/media?parent=450"}],"curies":[{"name":"wp","href":"https:\/\/api.w.org\/{rel}","templated":true}]}}