{"id":155,"date":"2017-08-07T10:52:56","date_gmt":"2017-08-07T08:52:56","guid":{"rendered":"https:\/\/www.vyprachticky.cz\/?page_id=155"},"modified":"2019-01-04T15:53:31","modified_gmt":"2019-01-04T14:53:31","slug":"uvod","status":"publish","type":"page","link":"https:\/\/www.vyprachticky.cz\/en\/","title":{"rendered":"Home"},"content":{"rendered":"<h1>V\u00ddPRACHTICK\u00dd s.r.o. <small>&#8211; engineering and locksmithing trade production<\/small><\/h1>\n<p class=\"odstavecUvodnik\">The crucial services we offer is engineering production from thin sheet metal and production of steel constructions and locksmithing trade construction components.<\/p>\n<p><a href=\"https:\/\/www.vyprachticky.cz\/en\/engineering-production\/\" title=\"Engineering production\">Sheet metal production<\/a> involves all the activities starting with dividing and pressing pressing until the final product is made. We&#8217;re a&nbsp;producer of inspection and antifire door, door for main gas shutting valve and sheet metal cases for electrics.<br \/>\n<a href=\"https:\/\/www.vyprachticky.cz\/en\/locksmith-trade\/\" title=\"Locksmithing trade\">Steel constructions production<\/a> and production of locksmithing trade construction components according to the project given. These are steel halls constructions, steel staircases and handrails, gates and many other construction parts.<\/p>\n<div id=\"black-studio-tinymce-8\" class=\"extendedwopts-hide extendedwopts-mobile widget widget_black_studio_tinymce amr_widget\"><div class=\"textwidget\"><div id=\"myCarousel\" class=\"carousel slide\" data-ride=\"carousel\">\r\n        <!-- Carousel indicators -->\r\n        <ol class=\"carousel-indicators\">\r\n            <li data-target=\"#myCarousel\" data-slide-to=\"0\" class=\"active\"><\/li>\r\n            <li data-target=\"#myCarousel\" data-slide-to=\"1\"><\/li>\r\n            <li data-target=\"#myCarousel\" data-slide-to=\"2\"><\/li>\r\n            <li data-target=\"#myCarousel\" data-slide-to=\"3\"><\/li>\r\n        <\/ol>   \r\n        <!-- Wrapper for carousel items -->\r\n        <div class=\"carousel-inner\">\r\n            <div class=\"item active\">\r\n<img loading=\"lazy\" decoding=\"async\" class=\"center-block\" src=\"https:\/\/www.vyprachticky.cz\/wp-content\/uploads\/2017\/08\/slideshow01.jpg\" alt=\"slideshow01\" width=\"847\" height=\"200\" class=\"size-full wp-image-152\" srcset=\"https:\/\/www.vyprachticky.cz\/wp-content\/uploads\/2017\/08\/slideshow01.jpg 847w, https:\/\/www.vyprachticky.cz\/wp-content\/uploads\/2017\/08\/slideshow01-300x71.jpg 300w, https:\/\/www.vyprachticky.cz\/wp-content\/uploads\/2017\/08\/slideshow01-768x181.jpg 768w\" sizes=\"auto, (max-width: 847px) 100vw, 847px\" \/>\r\n            <\/div>\r\n            <div class=\"item\">\r\n<img loading=\"lazy\" decoding=\"async\" class=\"center-block\" src=\"https:\/\/www.vyprachticky.cz\/wp-content\/uploads\/2017\/08\/slideshow02.jpg\" alt=\"slideshow02\" width=\"847\" height=\"200\" class=\"size-full wp-image-151\" srcset=\"https:\/\/www.vyprachticky.cz\/wp-content\/uploads\/2017\/08\/slideshow02.jpg 847w, https:\/\/www.vyprachticky.cz\/wp-content\/uploads\/2017\/08\/slideshow02-300x71.jpg 300w, https:\/\/www.vyprachticky.cz\/wp-content\/uploads\/2017\/08\/slideshow02-768x181.jpg 768w\" sizes=\"auto, (max-width: 847px) 100vw, 847px\" \/>\r\n            <\/div>\r\n            <div class=\"item\">\r\n <img loading=\"lazy\" decoding=\"async\" class=\"center-block\" src=\"https:\/\/www.vyprachticky.cz\/wp-content\/uploads\/2017\/08\/slideshow03.jpg\" alt=\"slideshow03\" width=\"847\" height=\"200\" class=\"alignnone size-full wp-image-150\" srcset=\"https:\/\/www.vyprachticky.cz\/wp-content\/uploads\/2017\/08\/slideshow03.jpg 847w, https:\/\/www.vyprachticky.cz\/wp-content\/uploads\/2017\/08\/slideshow03-300x71.jpg 300w, https:\/\/www.vyprachticky.cz\/wp-content\/uploads\/2017\/08\/slideshow03-768x181.jpg 768w\" sizes=\"auto, (max-width: 847px) 100vw, 847px\" \/>\r\n            <\/div>\r\n<div class=\"item\">\r\n                <img loading=\"lazy\" decoding=\"async\" class=\"center-block\" src=\"https:\/\/www.vyprachticky.cz\/wp-content\/uploads\/2017\/08\/slideshow04.jpg\" alt=\"slideshow04\" width=\"847\" height=\"200\" class=\"alignnone size-full wp-image-149\" srcset=\"https:\/\/www.vyprachticky.cz\/wp-content\/uploads\/2017\/08\/slideshow04.jpg 847w, https:\/\/www.vyprachticky.cz\/wp-content\/uploads\/2017\/08\/slideshow04-300x71.jpg 300w, https:\/\/www.vyprachticky.cz\/wp-content\/uploads\/2017\/08\/slideshow04-768x181.jpg 768w\" sizes=\"auto, (max-width: 847px) 100vw, 847px\" \/>\r\n            <\/div>\r\n        <\/div>\r\n        <!-- Carousel controls -->\r\n        <a class=\"carousel-control left\" href=\"#myCarousel\" data-slide=\"prev\">\r\n            <span class=\"glyphicon glyphicon-chevron-left\"><\/span>\r\n        <\/a>\r\n        <a class=\"carousel-control right\" href=\"#myCarousel\" data-slide=\"next\">\r\n            <span class=\"glyphicon glyphicon-chevron-right\"><\/span>\r\n        <\/a>\r\n    <\/div><\/div><\/div>\n","protected":false},"excerpt":{"rendered":"<p>V\u00ddPRACHTICK\u00dd s.r.o. &#8211; engineering and locksmithing trade production The crucial services we offer is engineering production from thin sheet metal and production of steel constructions and locksmithing trade construction components. Sheet metal production involves all the activities starting with dividing and pressing pressing until the final product is made. We&#8217;re a&nbsp;producer of inspection and antifire &hellip;<\/p>\n","protected":false},"author":1,"featured_media":0,"parent":0,"menu_order":0,"comment_status":"closed","ping_status":"closed","template":"","meta":{"footnotes":""},"class_list":["post-155","page","type-page","status-publish","hentry"],"yoast_head":"<!-- This site is optimized with the Yoast SEO plugin v26.9 - https:\/\/yoast.com\/product\/yoast-seo-wordpress\/ -->\n<title>Home - V\u00ddPRACHTICK\u00dd s.r.o.<\/title>\n<meta name=\"description\" content=\"V\u00ddPRACHTICK\u00dd s.r.o. - engineering and locksmithing trade production The crucial services we offer is engineering production from thin sheet metal and\" \/>\n<meta name=\"robots\" content=\"index, follow, max-snippet:-1, max-image-preview:large, max-video-preview:-1\" \/>\n<link rel=\"canonical\" href=\"https:\/\/www.vyprachticky.cz\/en\/\" \/>\n<meta property=\"og:locale\" content=\"en_US\" \/>\n<meta property=\"og:type\" content=\"article\" \/>\n<meta property=\"og:title\" content=\"Home - V\u00ddPRACHTICK\u00dd s.r.o.\" \/>\n<meta property=\"og:description\" content=\"V\u00ddPRACHTICK\u00dd s.r.o. - engineering and locksmithing trade production The crucial services we offer is engineering production from thin sheet metal and\" \/>\n<meta property=\"og:url\" content=\"https:\/\/www.vyprachticky.cz\/en\/\" \/>\n<meta property=\"og:site_name\" content=\"V\u00ddPRACHTICK\u00dd s.r.o.\" \/>\n<meta property=\"article:modified_time\" content=\"2019-01-04T14:53:31+00:00\" \/>\n<meta name=\"twitter:card\" content=\"summary_large_image\" \/>\n<meta name=\"twitter:label1\" content=\"Est. reading time\" \/>\n\t<meta name=\"twitter:data1\" content=\"1 minute\" \/>\n<script type=\"application\/ld+json\" class=\"yoast-schema-graph\">{\"@context\":\"https:\/\/schema.org\",\"@graph\":[{\"@type\":\"WebPage\",\"@id\":\"https:\/\/www.vyprachticky.cz\/en\/\",\"url\":\"https:\/\/www.vyprachticky.cz\/en\/\",\"name\":\"Home - V\u00ddPRACHTICK\u00dd s.r.o.\",\"isPartOf\":{\"@id\":\"https:\/\/www.vyprachticky.cz\/#website\"},\"datePublished\":\"2017-08-07T08:52:56+00:00\",\"dateModified\":\"2019-01-04T14:53:31+00:00\",\"description\":\"V\u00ddPRACHTICK\u00dd s.r.o. - engineering and locksmithing trade production The crucial services we offer is engineering production from thin sheet metal and\",\"breadcrumb\":{\"@id\":\"https:\/\/www.vyprachticky.cz\/en\/#breadcrumb\"},\"inLanguage\":\"en-US\",\"potentialAction\":[{\"@type\":\"ReadAction\",\"target\":[\"https:\/\/www.vyprachticky.cz\/en\/\"]}]},{\"@type\":\"BreadcrumbList\",\"@id\":\"https:\/\/www.vyprachticky.cz\/en\/#breadcrumb\",\"itemListElement\":[{\"@type\":\"ListItem\",\"position\":1,\"name\":\"\",\"item\":\"https:\/\/www.vyprachticky.cz\/en\/\"},{\"@type\":\"ListItem\",\"position\":2,\"name\":\"Home\"}]},{\"@type\":\"WebSite\",\"@id\":\"https:\/\/www.vyprachticky.cz\/#website\",\"url\":\"https:\/\/www.vyprachticky.cz\/\",\"name\":\"V\u00ddPRACHTICK\u00dd s.r.o.\",\"description\":\"Stroj\u00edrensk\u00e1 a z\u00e1me\u010dnick\u00e1 v\u00fdroba\",\"publisher\":{\"@id\":\"https:\/\/www.vyprachticky.cz\/#organization\"},\"potentialAction\":[{\"@type\":\"SearchAction\",\"target\":{\"@type\":\"EntryPoint\",\"urlTemplate\":\"https:\/\/www.vyprachticky.cz\/?s={search_term_string}\"},\"query-input\":{\"@type\":\"PropertyValueSpecification\",\"valueRequired\":true,\"valueName\":\"search_term_string\"}}],\"inLanguage\":\"en-US\"},{\"@type\":\"Organization\",\"@id\":\"https:\/\/www.vyprachticky.cz\/#organization\",\"name\":\"V\u00ddPRACHTICK\u00dd s.r.o.\",\"url\":\"https:\/\/www.vyprachticky.cz\/\",\"logo\":{\"@type\":\"ImageObject\",\"inLanguage\":\"en-US\",\"@id\":\"https:\/\/www.vyprachticky.cz\/#\/schema\/logo\/image\/\",\"url\":\"https:\/\/www.vyprachticky.cz\/wp-content\/uploads\/2016\/12\/logo-fb.png\",\"contentUrl\":\"https:\/\/www.vyprachticky.cz\/wp-content\/uploads\/2016\/12\/logo-fb.png\",\"width\":800,\"height\":420,\"caption\":\"V\u00ddPRACHTICK\u00dd s.r.o.\"},\"image\":{\"@id\":\"https:\/\/www.vyprachticky.cz\/#\/schema\/logo\/image\/\"}}]}<\/script>\n<!-- \/ Yoast SEO plugin. -->","yoast_head_json":{"title":"Home - V\u00ddPRACHTICK\u00dd s.r.o.","description":"V\u00ddPRACHTICK\u00dd s.r.o. - engineering and locksmithing trade production The crucial services we offer is engineering production from thin sheet metal and","robots":{"index":"index","follow":"follow","max-snippet":"max-snippet:-1","max-image-preview":"max-image-preview:large","max-video-preview":"max-video-preview:-1"},"canonical":"https:\/\/www.vyprachticky.cz\/en\/","og_locale":"en_US","og_type":"article","og_title":"Home - V\u00ddPRACHTICK\u00dd s.r.o.","og_description":"V\u00ddPRACHTICK\u00dd s.r.o. - engineering and locksmithing trade production The crucial services we offer is engineering production from thin sheet metal and","og_url":"https:\/\/www.vyprachticky.cz\/en\/","og_site_name":"V\u00ddPRACHTICK\u00dd s.r.o.","article_modified_time":"2019-01-04T14:53:31+00:00","twitter_card":"summary_large_image","twitter_misc":{"Est. reading time":"1 minute"},"schema":{"@context":"https:\/\/schema.org","@graph":[{"@type":"WebPage","@id":"https:\/\/www.vyprachticky.cz\/en\/","url":"https:\/\/www.vyprachticky.cz\/en\/","name":"Home - V\u00ddPRACHTICK\u00dd s.r.o.","isPartOf":{"@id":"https:\/\/www.vyprachticky.cz\/#website"},"datePublished":"2017-08-07T08:52:56+00:00","dateModified":"2019-01-04T14:53:31+00:00","description":"V\u00ddPRACHTICK\u00dd s.r.o. - engineering and locksmithing trade production The crucial services we offer is engineering production from thin sheet metal and","breadcrumb":{"@id":"https:\/\/www.vyprachticky.cz\/en\/#breadcrumb"},"inLanguage":"en-US","potentialAction":[{"@type":"ReadAction","target":["https:\/\/www.vyprachticky.cz\/en\/"]}]},{"@type":"BreadcrumbList","@id":"https:\/\/www.vyprachticky.cz\/en\/#breadcrumb","itemListElement":[{"@type":"ListItem","position":1,"name":"","item":"https:\/\/www.vyprachticky.cz\/en\/"},{"@type":"ListItem","position":2,"name":"Home"}]},{"@type":"WebSite","@id":"https:\/\/www.vyprachticky.cz\/#website","url":"https:\/\/www.vyprachticky.cz\/","name":"V\u00ddPRACHTICK\u00dd s.r.o.","description":"Stroj\u00edrensk\u00e1 a z\u00e1me\u010dnick\u00e1 v\u00fdroba","publisher":{"@id":"https:\/\/www.vyprachticky.cz\/#organization"},"potentialAction":[{"@type":"SearchAction","target":{"@type":"EntryPoint","urlTemplate":"https:\/\/www.vyprachticky.cz\/?s={search_term_string}"},"query-input":{"@type":"PropertyValueSpecification","valueRequired":true,"valueName":"search_term_string"}}],"inLanguage":"en-US"},{"@type":"Organization","@id":"https:\/\/www.vyprachticky.cz\/#organization","name":"V\u00ddPRACHTICK\u00dd s.r.o.","url":"https:\/\/www.vyprachticky.cz\/","logo":{"@type":"ImageObject","inLanguage":"en-US","@id":"https:\/\/www.vyprachticky.cz\/#\/schema\/logo\/image\/","url":"https:\/\/www.vyprachticky.cz\/wp-content\/uploads\/2016\/12\/logo-fb.png","contentUrl":"https:\/\/www.vyprachticky.cz\/wp-content\/uploads\/2016\/12\/logo-fb.png","width":800,"height":420,"caption":"V\u00ddPRACHTICK\u00dd s.r.o."},"image":{"@id":"https:\/\/www.vyprachticky.cz\/#\/schema\/logo\/image\/"}}]}},"_links":{"self":[{"href":"https:\/\/www.vyprachticky.cz\/en\/wp-json\/wp\/v2\/pages\/155","targetHints":{"allow":["GET"]}}],"collection":[{"href":"https:\/\/www.vyprachticky.cz\/en\/wp-json\/wp\/v2\/pages"}],"about":[{"href":"https:\/\/www.vyprachticky.cz\/en\/wp-json\/wp\/v2\/types\/page"}],"author":[{"embeddable":true,"href":"https:\/\/www.vyprachticky.cz\/en\/wp-json\/wp\/v2\/users\/1"}],"replies":[{"embeddable":true,"href":"https:\/\/www.vyprachticky.cz\/en\/wp-json\/wp\/v2\/comments?post=155"}],"version-history":[{"count":5,"href":"https:\/\/www.vyprachticky.cz\/en\/wp-json\/wp\/v2\/pages\/155\/revisions"}],"predecessor-version":[{"id":1025,"href":"https:\/\/www.vyprachticky.cz\/en\/wp-json\/wp\/v2\/pages\/155\/revisions\/1025"}],"wp:attachment":[{"href":"https:\/\/www.vyprachticky.cz\/en\/wp-json\/wp\/v2\/media?parent=155"}],"curies":[{"name":"wp","href":"https:\/\/api.w.org\/{rel}","templated":true}]}}