{"id":368,"date":"2017-08-11T12:06:51","date_gmt":"2017-08-11T10:06:51","guid":{"rendered":"https:\/\/www.vyprachticky.cz\/?page_id=368\/"},"modified":"2018-08-22T13:19:08","modified_gmt":"2018-08-22T11:19:08","slug":"engineering-production","status":"publish","type":"page","link":"https:\/\/www.vyprachticky.cz\/en\/engineering-production\/","title":{"rendered":"Engineering production"},"content":{"rendered":"<ul class=\"rozcestnik-strojirenstvi\">\n<li><a id=\"laser\" class=\"hvr-hang\" title=\"Laser\" href=\"https:\/\/www.vyprachticky.cz\/en\/laser-en\/\">Laser<\/a><\/li>\n<li><a id=\"vysekavani\" class=\"hvr-hang\" title=\"Vysek\u00e1v\u00e1n\u00ed\" href=\"https:\/\/www.vyprachticky.cz\/en\/punching\/\">Punching<\/a><\/li>\n<li><a id=\"ohybani\" class=\"hvr-hang\" title=\"Oh\u00fdb\u00e1n\u00ed\" href=\"https:\/\/www.vyprachticky.cz\/en\/bending\/\">Bending<\/a><\/li>\n<li><a id=\"lisovani\" class=\"hvr-hang\" title=\"Lisov\u00e1n\u00ed\" href=\"https:\/\/www.vyprachticky.cz\/en\/stamping\/\">Stamping<\/a><\/li>\n<li><a id=\"svarovani\" class=\"hvr-hang\" title=\"Sva\u0159ov\u00e1n\u00ed\" href=\"https:\/\/www.vyprachticky.cz\/en\/welding\/\">Welding<\/a><\/li>\n<li><a id=\"lakovani\" class=\"hvr-hang\" title=\"Povrchov\u00e9 \u00fapravy\" href=\"https:\/\/www.vyprachticky.cz\/en\/coating\/\">Coating<\/a><\/li>\n<li><a id=\"kompletace\" class=\"hvr-hang\" title=\"Kompletace\" href=\"https:\/\/www.vyprachticky.cz\/en\/assembly\/\">Assembly<\/a><\/li>\n<\/ul>\n<p class=\"odstavecUvodnik\">We focus on <strong>custom and low volume serial sheet metal production<\/strong> for a&nbsp;wide range of customers. Our products meet high-quality and precision requirements for use in the medical equipment and car industry.<\/p>\n<p>LINET s.r.o., TOORS CZ s.r.o., Autosystem Climatronic and other companies are our happy customers.<\/p>\n<p>We concentrate mainly on <strong>sheet metal processing which includes dividing, pressing, cutting and bending<\/strong>. To accomplish our goal, we use new TRUMPF and SAFAN CNC machines providing high precision, allowing us to meet demanding requirements of our customers. To reach high quality and fast production, we start with 3D designs in Autodesk Inventor CAD software. To control CNC machines, we use Radan RadPunch and RadBend software. It allows us to simulate the production before the real production starts and prevents errors in the manufacturing process.<\/p>\n<p>We&#8217;re also a&nbsp;producer of anti fire door used to access revision shafts of distribution systems, door for gas shutoff valve and sheet metal electric power distribution boxes.<\/p>\n<p>Our production also includes aerial and satellite poles and brackets. For complete list of standard dimensions, please, visit our online store. Of course, we can make a&nbsp;custom atypical design to suit your needs as well.<\/p>\n","protected":false},"excerpt":{"rendered":"<p>Laser Punching Bending Stamping Welding Coating Assembly We focus on custom and low volume serial sheet metal production for a&nbsp;wide range of customers. Our products meet high-quality and precision requirements for use in the medical equipment and car industry. LINET s.r.o., TOORS CZ s.r.o., Autosystem Climatronic and other companies are our happy customers. We concentrate &hellip;<\/p>\n","protected":false},"author":1,"featured_media":0,"parent":0,"menu_order":0,"comment_status":"closed","ping_status":"closed","template":"page-templates\/template-full-width.php","meta":{"footnotes":""},"class_list":["post-368","page","type-page","status-publish","hentry"],"yoast_head":"<!-- This site is optimized with the Yoast SEO plugin v26.9 - https:\/\/yoast.com\/product\/yoast-seo-wordpress\/ -->\n<title>Engineering production - V\u00ddPRACHTICK\u00dd s.r.o.<\/title>\n<meta name=\"description\" content=\"Laser Punching Bending Stamping Welding Coating Assembly We focus on custom and low volume serial sheet metal production for a wide range of customers.\" \/>\n<meta name=\"robots\" content=\"index, follow, max-snippet:-1, max-image-preview:large, max-video-preview:-1\" \/>\n<link rel=\"canonical\" href=\"https:\/\/www.vyprachticky.cz\/en\/engineering-production\/\" \/>\n<meta property=\"og:locale\" content=\"en_US\" \/>\n<meta property=\"og:type\" content=\"article\" \/>\n<meta property=\"og:title\" content=\"Engineering production - V\u00ddPRACHTICK\u00dd s.r.o.\" \/>\n<meta property=\"og:description\" content=\"Laser Punching Bending Stamping Welding Coating Assembly We focus on custom and low volume serial sheet metal production for a wide range of customers.\" \/>\n<meta property=\"og:url\" content=\"https:\/\/www.vyprachticky.cz\/en\/engineering-production\/\" \/>\n<meta property=\"og:site_name\" content=\"V\u00ddPRACHTICK\u00dd s.r.o.\" \/>\n<meta property=\"article:modified_time\" content=\"2018-08-22T11:19:08+00:00\" \/>\n<meta name=\"twitter:card\" content=\"summary_large_image\" \/>\n<meta name=\"twitter:label1\" content=\"Est. reading time\" \/>\n\t<meta name=\"twitter:data1\" content=\"1 minute\" \/>\n<script type=\"application\/ld+json\" class=\"yoast-schema-graph\">{\"@context\":\"https:\/\/schema.org\",\"@graph\":[{\"@type\":\"WebPage\",\"@id\":\"https:\/\/www.vyprachticky.cz\/en\/engineering-production\/\",\"url\":\"https:\/\/www.vyprachticky.cz\/en\/engineering-production\/\",\"name\":\"Engineering production - V\u00ddPRACHTICK\u00dd s.r.o.\",\"isPartOf\":{\"@id\":\"https:\/\/www.vyprachticky.cz\/#website\"},\"datePublished\":\"2017-08-11T10:06:51+00:00\",\"dateModified\":\"2018-08-22T11:19:08+00:00\",\"description\":\"Laser Punching Bending Stamping Welding Coating Assembly We focus on custom and low volume serial sheet metal production for a wide range of customers.\",\"breadcrumb\":{\"@id\":\"https:\/\/www.vyprachticky.cz\/en\/engineering-production\/#breadcrumb\"},\"inLanguage\":\"en-US\",\"potentialAction\":[{\"@type\":\"ReadAction\",\"target\":[\"https:\/\/www.vyprachticky.cz\/en\/engineering-production\/\"]}]},{\"@type\":\"BreadcrumbList\",\"@id\":\"https:\/\/www.vyprachticky.cz\/en\/engineering-production\/#breadcrumb\",\"itemListElement\":[{\"@type\":\"ListItem\",\"position\":1,\"name\":\"\",\"item\":\"https:\/\/www.vyprachticky.cz\/en\/\"},{\"@type\":\"ListItem\",\"position\":2,\"name\":\"Engineering production\"}]},{\"@type\":\"WebSite\",\"@id\":\"https:\/\/www.vyprachticky.cz\/#website\",\"url\":\"https:\/\/www.vyprachticky.cz\/\",\"name\":\"V\u00ddPRACHTICK\u00dd s.r.o.\",\"description\":\"Stroj\u00edrensk\u00e1 a z\u00e1me\u010dnick\u00e1 v\u00fdroba\",\"publisher\":{\"@id\":\"https:\/\/www.vyprachticky.cz\/#organization\"},\"potentialAction\":[{\"@type\":\"SearchAction\",\"target\":{\"@type\":\"EntryPoint\",\"urlTemplate\":\"https:\/\/www.vyprachticky.cz\/?s={search_term_string}\"},\"query-input\":{\"@type\":\"PropertyValueSpecification\",\"valueRequired\":true,\"valueName\":\"search_term_string\"}}],\"inLanguage\":\"en-US\"},{\"@type\":\"Organization\",\"@id\":\"https:\/\/www.vyprachticky.cz\/#organization\",\"name\":\"V\u00ddPRACHTICK\u00dd s.r.o.\",\"url\":\"https:\/\/www.vyprachticky.cz\/\",\"logo\":{\"@type\":\"ImageObject\",\"inLanguage\":\"en-US\",\"@id\":\"https:\/\/www.vyprachticky.cz\/#\/schema\/logo\/image\/\",\"url\":\"https:\/\/www.vyprachticky.cz\/wp-content\/uploads\/2016\/12\/logo-fb.png\",\"contentUrl\":\"https:\/\/www.vyprachticky.cz\/wp-content\/uploads\/2016\/12\/logo-fb.png\",\"width\":800,\"height\":420,\"caption\":\"V\u00ddPRACHTICK\u00dd s.r.o.\"},\"image\":{\"@id\":\"https:\/\/www.vyprachticky.cz\/#\/schema\/logo\/image\/\"}}]}<\/script>\n<!-- \/ Yoast SEO plugin. -->","yoast_head_json":{"title":"Engineering production - V\u00ddPRACHTICK\u00dd s.r.o.","description":"Laser Punching Bending Stamping Welding Coating Assembly We focus on custom and low volume serial sheet metal production for a wide range of customers.","robots":{"index":"index","follow":"follow","max-snippet":"max-snippet:-1","max-image-preview":"max-image-preview:large","max-video-preview":"max-video-preview:-1"},"canonical":"https:\/\/www.vyprachticky.cz\/en\/engineering-production\/","og_locale":"en_US","og_type":"article","og_title":"Engineering production - V\u00ddPRACHTICK\u00dd s.r.o.","og_description":"Laser Punching Bending Stamping Welding Coating Assembly We focus on custom and low volume serial sheet metal production for a wide range of customers.","og_url":"https:\/\/www.vyprachticky.cz\/en\/engineering-production\/","og_site_name":"V\u00ddPRACHTICK\u00dd s.r.o.","article_modified_time":"2018-08-22T11:19:08+00:00","twitter_card":"summary_large_image","twitter_misc":{"Est. reading time":"1 minute"},"schema":{"@context":"https:\/\/schema.org","@graph":[{"@type":"WebPage","@id":"https:\/\/www.vyprachticky.cz\/en\/engineering-production\/","url":"https:\/\/www.vyprachticky.cz\/en\/engineering-production\/","name":"Engineering production - V\u00ddPRACHTICK\u00dd s.r.o.","isPartOf":{"@id":"https:\/\/www.vyprachticky.cz\/#website"},"datePublished":"2017-08-11T10:06:51+00:00","dateModified":"2018-08-22T11:19:08+00:00","description":"Laser Punching Bending Stamping Welding Coating Assembly We focus on custom and low volume serial sheet metal production for a wide range of customers.","breadcrumb":{"@id":"https:\/\/www.vyprachticky.cz\/en\/engineering-production\/#breadcrumb"},"inLanguage":"en-US","potentialAction":[{"@type":"ReadAction","target":["https:\/\/www.vyprachticky.cz\/en\/engineering-production\/"]}]},{"@type":"BreadcrumbList","@id":"https:\/\/www.vyprachticky.cz\/en\/engineering-production\/#breadcrumb","itemListElement":[{"@type":"ListItem","position":1,"name":"","item":"https:\/\/www.vyprachticky.cz\/en\/"},{"@type":"ListItem","position":2,"name":"Engineering production"}]},{"@type":"WebSite","@id":"https:\/\/www.vyprachticky.cz\/#website","url":"https:\/\/www.vyprachticky.cz\/","name":"V\u00ddPRACHTICK\u00dd s.r.o.","description":"Stroj\u00edrensk\u00e1 a z\u00e1me\u010dnick\u00e1 v\u00fdroba","publisher":{"@id":"https:\/\/www.vyprachticky.cz\/#organization"},"potentialAction":[{"@type":"SearchAction","target":{"@type":"EntryPoint","urlTemplate":"https:\/\/www.vyprachticky.cz\/?s={search_term_string}"},"query-input":{"@type":"PropertyValueSpecification","valueRequired":true,"valueName":"search_term_string"}}],"inLanguage":"en-US"},{"@type":"Organization","@id":"https:\/\/www.vyprachticky.cz\/#organization","name":"V\u00ddPRACHTICK\u00dd s.r.o.","url":"https:\/\/www.vyprachticky.cz\/","logo":{"@type":"ImageObject","inLanguage":"en-US","@id":"https:\/\/www.vyprachticky.cz\/#\/schema\/logo\/image\/","url":"https:\/\/www.vyprachticky.cz\/wp-content\/uploads\/2016\/12\/logo-fb.png","contentUrl":"https:\/\/www.vyprachticky.cz\/wp-content\/uploads\/2016\/12\/logo-fb.png","width":800,"height":420,"caption":"V\u00ddPRACHTICK\u00dd s.r.o."},"image":{"@id":"https:\/\/www.vyprachticky.cz\/#\/schema\/logo\/image\/"}}]}},"_links":{"self":[{"href":"https:\/\/www.vyprachticky.cz\/en\/wp-json\/wp\/v2\/pages\/368","targetHints":{"allow":["GET"]}}],"collection":[{"href":"https:\/\/www.vyprachticky.cz\/en\/wp-json\/wp\/v2\/pages"}],"about":[{"href":"https:\/\/www.vyprachticky.cz\/en\/wp-json\/wp\/v2\/types\/page"}],"author":[{"embeddable":true,"href":"https:\/\/www.vyprachticky.cz\/en\/wp-json\/wp\/v2\/users\/1"}],"replies":[{"embeddable":true,"href":"https:\/\/www.vyprachticky.cz\/en\/wp-json\/wp\/v2\/comments?post=368"}],"version-history":[{"count":4,"href":"https:\/\/www.vyprachticky.cz\/en\/wp-json\/wp\/v2\/pages\/368\/revisions"}],"predecessor-version":[{"id":999,"href":"https:\/\/www.vyprachticky.cz\/en\/wp-json\/wp\/v2\/pages\/368\/revisions\/999"}],"wp:attachment":[{"href":"https:\/\/www.vyprachticky.cz\/en\/wp-json\/wp\/v2\/media?parent=368"}],"curies":[{"name":"wp","href":"https:\/\/api.w.org\/{rel}","templated":true}]}}