{"id":372,"date":"2017-08-11T12:08:22","date_gmt":"2017-08-11T10:08:22","guid":{"rendered":"https:\/\/www.vyprachticky.cz\/?page_id=372\/"},"modified":"2025-04-04T11:28:03","modified_gmt":"2025-04-04T09:28:03","slug":"laser-en","status":"publish","type":"page","link":"https:\/\/www.vyprachticky.cz\/en\/laser-en\/","title":{"rendered":"Laser"},"content":{"rendered":"<p class=\"odstavecUvodnik\">Unlimited freedom of silhouettes, high precision and high quality cuts, that&#8217;s&nbsp;laser cutting with <strong>TruLaser 3030<\/strong> machine.<\/p>\n<p>The TruDisk solid-state laser enables the processing of non-ferrous metals and provides you with a&nbsp;productivity benefit in thick and thin sheet. BrightLine fiber guarantees the highest edge quality and facilitates part removal. Numerous other functions ensure the highest reliability and performance possible.<\/p>\n<div class=\"row\">\n<div class=\"col-sm-5\">\n\t<img loading=\"lazy\" decoding=\"async\" src=\"https:\/\/www.vyprachticky.cz\/wp-content\/uploads\/2021\/01\/trulaser-3030-fiber-300x184.jpg\" alt=\"TruLaser 3030 fiber\" width=\"300\" height=\"184\" class=\"img-thumbnail img-responsive wp-image-1089 center-block\" srcset=\"https:\/\/www.vyprachticky.cz\/wp-content\/uploads\/2021\/01\/trulaser-3030-fiber-300x184.jpg 300w, https:\/\/www.vyprachticky.cz\/wp-content\/uploads\/2021\/01\/trulaser-3030-fiber.jpg 315w\" sizes=\"auto, (max-width: 300px) 100vw, 300px\" \/>\n\t<\/div>\n<div class=\"clearfix visible-xs\">&nbsp;<\/div>\n<div class=\"col-sm-7\">\n<table class=\"table table-striped\">\n<tbody>\n<tr>\n<th colspan=\"2\" class=\"info\">TruLaser 3030 fiber<\/th>\n<\/tr>\n<tr>\n<td>Manufacturing range:<\/td>\n<td>axis&nbsp;X&nbsp;&#8211;&nbsp;3&nbsp;000&nbsp;mm<br \/>axis Y &#8211; 1&nbsp;500&nbsp;mm<\/td>\n<\/tr>\n<tr>\n<td rowspan=\"5\">Maximum sheet thickness:<\/td>\n<td>STAINLESS STEEL 20 mm<\/td>\n<\/tr>\n<tr>\n<td>MILD STEEL 25 mm<\/td>\n<\/tr>\n<tr>\n<td>ALUMINUM 20 mm<\/td>\n<\/tr>\n<tr>\n<td>BRASS 8 mm<\/td>\n<\/tr>\n<tr>\n<td>COPPER 8 mm<\/td>\n<\/tr>\n<tr>\n<td>Laser Power:<\/td>\n<td>4&nbsp;000 W<\/td>\n<\/tr>\n<\/tbody>\n<\/table>\n<\/div>\n<\/div>\n<div class=\"row\">\n<div class=\"col-sm-5\"><img loading=\"lazy\" decoding=\"async\" src=\"https:\/\/www.vyprachticky.cz\/wp-content\/uploads\/2025\/04\/Trulaser5030_L56-300x205.jpg\" alt=\"TruLaser 5030 fiber\" width=\"300\" height=\"205\" class=\"img-thumbnail img-responsive size-medium wp-image-1701 center-block\" srcset=\"https:\/\/www.vyprachticky.cz\/wp-content\/uploads\/2025\/04\/Trulaser5030_L56-300x205.jpg 300w, https:\/\/www.vyprachticky.cz\/wp-content\/uploads\/2025\/04\/Trulaser5030_L56.jpg 755w\" sizes=\"auto, (max-width: 300px) 100vw, 300px\" \/><\/div>\n<div class=\"clearfix visible-xs\">&nbsp;<\/div>\n<div class=\"col-sm-7\">\n<table class=\"table table-striped\">\n<tbody>\n<tr>\n<th class=\"info\" colspan=\"2\">TruLaser 5030 fiber<\/th>\n<\/tr>\n<tr>\n<td>Manufacturing range:<\/td>\n<td>axis&nbsp;X&nbsp;&#8211;&nbsp;3&nbsp;000&nbsp;mm<br \/>axis Y &#8211; 1&nbsp;500&nbsp;mm<\/td>\n<\/tr>\n<tr>\n<td rowspan=\"5\">Maximum sheet thickness:<\/td>\n<td>STAINLESS STEEL 20 mm<\/td>\n<\/tr>\n<tr>\n<td>MILD STEEL 25 mm<\/td>\n<\/tr>\n<tr>\n<td>ALUMINUM 20 mm<\/td>\n<\/tr>\n<tr>\n<td>BRASS 8 mm<\/td>\n<\/tr>\n<tr>\n<td>COPPER 8 mm<\/td>\n<\/tr>\n<tr>\n<td>Laser Power:<\/td>\n<td>5&nbsp;000 W<\/td>\n<\/tr>\n<\/tbody>\n<\/table>\n<\/div>\n<\/div>\n<p>The <strong>LiftMaster Compact<\/strong> is the fastest and most compact loading and unloading unit in the TRUMPF portfolio. The dynamic and variable automation solution is particularly attractive for fast sheet processing times, regardless of whether with or without storage connection. It requires little space and saves time and money with its short cycle time of 90 seconds.<\/p>\n<div class=\"row\">\n<div class=\"col-sm-5\">\n\t<img loading=\"lazy\" decoding=\"async\" src=\"https:\/\/www.vyprachticky.cz\/wp-content\/uploads\/2021\/01\/LiftMaster-Compact-PartMaster.jpg\" alt=\"LiftMaster Compact + PartMaster\" width=\"300\" height=\"184\" class=\"img-thumbnail img-responsive size-full wp-image-1101 center-block\" \/>\n\t<\/div>\n<div class=\"clearfix visible-xs\">&nbsp;<\/div>\n<div class=\"col-sm-7\">\n<table class=\"table table-striped\">\n<tbody>\n<tr>\n<th colspan=\"2\" class=\"info\">LiftMaster Compact + PartMaster<\/th>\n<\/tr>\n<tr>\n<td colspan=\"2\"><strong>LOADING<\/strong><\/td>\n<\/tr>\n<tr>\n<td>Maximum sheet size:<\/td>\n<td>3&nbsp;000 mm x 1&nbsp;500 mm<\/td>\n<\/tr>\n<tr>\n<td>Minimum sheet size:<\/td>\n<td>1&nbsp;000 mm x 1&nbsp;500 mm<\/td>\n<\/tr>\n<tr>\n<td>Maximum sheet thickness:<\/td>\n<td>25 mm<\/td>\n<\/tr>\n<tr>\n<td>Maximum sheet weight:<\/td>\n<td>900&nbsp;kg<\/td>\n<\/tr>\n<tr>\n<td colspan=\"2\"><strong>UNLOADING<\/strong><\/td>\n<\/tr>\n<tr>\n<td>Maximum sheet size:<\/td>\n<td>3&nbsp;000 mm x 1&nbsp;500 mm<\/td>\n<\/tr>\n<tr>\n<td>Minimum sheet size:<\/td>\n<td>150 mm x 150 mm<\/td>\n<\/tr>\n<tr>\n<td>Maximum sheet thickness:<\/td>\n<td>25 mm<\/td>\n<\/tr>\n<tr>\n<td>Maximum sheet weight:<\/td>\n<td>900&nbsp;kg<\/td>\n<\/tr>\n<\/tbody>\n<\/table>\n<\/div>\n<\/div>\n","protected":false},"excerpt":{"rendered":"<p>Unlimited freedom of silhouettes, high precision and high quality cuts, that&#8217;s&nbsp;laser cutting with TruLaser 3030 machine. The TruDisk solid-state laser enables the processing of non-ferrous metals and provides you with a&nbsp;productivity benefit in thick and thin sheet. BrightLine fiber guarantees the highest edge quality and facilitates part removal. Numerous other functions ensure the highest reliability &hellip;<\/p>\n","protected":false},"author":1,"featured_media":0,"parent":368,"menu_order":0,"comment_status":"closed","ping_status":"closed","template":"page-templates\/pravy-sloupec.php","meta":{"footnotes":""},"class_list":["post-372","page","type-page","status-publish","hentry"],"yoast_head":"<!-- This site is optimized with the Yoast SEO plugin v26.9 - https:\/\/yoast.com\/product\/yoast-seo-wordpress\/ -->\n<title>Laser - V\u00ddPRACHTICK\u00dd s.r.o.<\/title>\n<meta name=\"description\" content=\"Unlimited freedom of silhouettes, high precision and high quality cuts, that&#039;s laser cutting with TruLaser 3030 machine. The TruDisk solid-state laser\" \/>\n<meta name=\"robots\" content=\"index, follow, max-snippet:-1, max-image-preview:large, max-video-preview:-1\" \/>\n<link rel=\"canonical\" href=\"https:\/\/www.vyprachticky.cz\/en\/laser-en\/\" \/>\n<meta property=\"og:locale\" content=\"en_US\" \/>\n<meta property=\"og:type\" content=\"article\" \/>\n<meta property=\"og:title\" content=\"Laser - V\u00ddPRACHTICK\u00dd s.r.o.\" \/>\n<meta property=\"og:description\" content=\"Unlimited freedom of silhouettes, high precision and high quality cuts, that&#039;s laser cutting with TruLaser 3030 machine. The TruDisk solid-state laser\" \/>\n<meta property=\"og:url\" content=\"https:\/\/www.vyprachticky.cz\/en\/laser-en\/\" \/>\n<meta property=\"og:site_name\" content=\"V\u00ddPRACHTICK\u00dd s.r.o.\" \/>\n<meta property=\"article:modified_time\" content=\"2025-04-04T09:28:03+00:00\" \/>\n<meta property=\"og:image\" content=\"https:\/\/www.vyprachticky.cz\/wp-content\/uploads\/2021\/01\/trulaser-3030-fiber.jpg\" \/>\n\t<meta property=\"og:image:width\" content=\"315\" \/>\n\t<meta property=\"og:image:height\" content=\"193\" \/>\n\t<meta property=\"og:image:type\" content=\"image\/jpeg\" \/>\n<meta name=\"twitter:card\" content=\"summary_large_image\" \/>\n<meta name=\"twitter:label1\" content=\"Est. reading time\" \/>\n\t<meta name=\"twitter:data1\" content=\"3 minutes\" \/>\n<script type=\"application\/ld+json\" class=\"yoast-schema-graph\">{\"@context\":\"https:\/\/schema.org\",\"@graph\":[{\"@type\":\"WebPage\",\"@id\":\"https:\/\/www.vyprachticky.cz\/en\/laser-en\/\",\"url\":\"https:\/\/www.vyprachticky.cz\/en\/laser-en\/\",\"name\":\"Laser - V\u00ddPRACHTICK\u00dd s.r.o.\",\"isPartOf\":{\"@id\":\"https:\/\/www.vyprachticky.cz\/#website\"},\"primaryImageOfPage\":{\"@id\":\"https:\/\/www.vyprachticky.cz\/en\/laser-en\/#primaryimage\"},\"image\":{\"@id\":\"https:\/\/www.vyprachticky.cz\/en\/laser-en\/#primaryimage\"},\"thumbnailUrl\":\"https:\/\/www.vyprachticky.cz\/wp-content\/uploads\/2021\/01\/trulaser-3030-fiber-300x184.jpg\",\"datePublished\":\"2017-08-11T10:08:22+00:00\",\"dateModified\":\"2025-04-04T09:28:03+00:00\",\"description\":\"Unlimited freedom of silhouettes, high precision and high quality cuts, that's laser cutting with TruLaser 3030 machine. The TruDisk solid-state laser\",\"breadcrumb\":{\"@id\":\"https:\/\/www.vyprachticky.cz\/en\/laser-en\/#breadcrumb\"},\"inLanguage\":\"en-US\",\"potentialAction\":[{\"@type\":\"ReadAction\",\"target\":[\"https:\/\/www.vyprachticky.cz\/en\/laser-en\/\"]}]},{\"@type\":\"ImageObject\",\"inLanguage\":\"en-US\",\"@id\":\"https:\/\/www.vyprachticky.cz\/en\/laser-en\/#primaryimage\",\"url\":\"https:\/\/www.vyprachticky.cz\/wp-content\/uploads\/2021\/01\/trulaser-3030-fiber-300x184.jpg\",\"contentUrl\":\"https:\/\/www.vyprachticky.cz\/wp-content\/uploads\/2021\/01\/trulaser-3030-fiber-300x184.jpg\"},{\"@type\":\"BreadcrumbList\",\"@id\":\"https:\/\/www.vyprachticky.cz\/en\/laser-en\/#breadcrumb\",\"itemListElement\":[{\"@type\":\"ListItem\",\"position\":1,\"name\":\"\",\"item\":\"https:\/\/www.vyprachticky.cz\/en\/\"},{\"@type\":\"ListItem\",\"position\":2,\"name\":\"Engineering production\",\"item\":\"https:\/\/www.vyprachticky.cz\/en\/engineering-production\/\"},{\"@type\":\"ListItem\",\"position\":3,\"name\":\"Laser\"}]},{\"@type\":\"WebSite\",\"@id\":\"https:\/\/www.vyprachticky.cz\/#website\",\"url\":\"https:\/\/www.vyprachticky.cz\/\",\"name\":\"V\u00ddPRACHTICK\u00dd s.r.o.\",\"description\":\"Stroj\u00edrensk\u00e1 a z\u00e1me\u010dnick\u00e1 v\u00fdroba\",\"publisher\":{\"@id\":\"https:\/\/www.vyprachticky.cz\/#organization\"},\"potentialAction\":[{\"@type\":\"SearchAction\",\"target\":{\"@type\":\"EntryPoint\",\"urlTemplate\":\"https:\/\/www.vyprachticky.cz\/?s={search_term_string}\"},\"query-input\":{\"@type\":\"PropertyValueSpecification\",\"valueRequired\":true,\"valueName\":\"search_term_string\"}}],\"inLanguage\":\"en-US\"},{\"@type\":\"Organization\",\"@id\":\"https:\/\/www.vyprachticky.cz\/#organization\",\"name\":\"V\u00ddPRACHTICK\u00dd s.r.o.\",\"url\":\"https:\/\/www.vyprachticky.cz\/\",\"logo\":{\"@type\":\"ImageObject\",\"inLanguage\":\"en-US\",\"@id\":\"https:\/\/www.vyprachticky.cz\/#\/schema\/logo\/image\/\",\"url\":\"https:\/\/www.vyprachticky.cz\/wp-content\/uploads\/2016\/12\/logo-fb.png\",\"contentUrl\":\"https:\/\/www.vyprachticky.cz\/wp-content\/uploads\/2016\/12\/logo-fb.png\",\"width\":800,\"height\":420,\"caption\":\"V\u00ddPRACHTICK\u00dd s.r.o.\"},\"image\":{\"@id\":\"https:\/\/www.vyprachticky.cz\/#\/schema\/logo\/image\/\"}}]}<\/script>\n<!-- \/ Yoast SEO plugin. -->","yoast_head_json":{"title":"Laser - V\u00ddPRACHTICK\u00dd s.r.o.","description":"Unlimited freedom of silhouettes, high precision and high quality cuts, that's laser cutting with TruLaser 3030 machine. The TruDisk solid-state laser","robots":{"index":"index","follow":"follow","max-snippet":"max-snippet:-1","max-image-preview":"max-image-preview:large","max-video-preview":"max-video-preview:-1"},"canonical":"https:\/\/www.vyprachticky.cz\/en\/laser-en\/","og_locale":"en_US","og_type":"article","og_title":"Laser - V\u00ddPRACHTICK\u00dd s.r.o.","og_description":"Unlimited freedom of silhouettes, high precision and high quality cuts, that's laser cutting with TruLaser 3030 machine. The TruDisk solid-state laser","og_url":"https:\/\/www.vyprachticky.cz\/en\/laser-en\/","og_site_name":"V\u00ddPRACHTICK\u00dd s.r.o.","article_modified_time":"2025-04-04T09:28:03+00:00","og_image":[{"width":315,"height":193,"url":"https:\/\/www.vyprachticky.cz\/wp-content\/uploads\/2021\/01\/trulaser-3030-fiber.jpg","type":"image\/jpeg"}],"twitter_card":"summary_large_image","twitter_misc":{"Est. reading time":"3 minutes"},"schema":{"@context":"https:\/\/schema.org","@graph":[{"@type":"WebPage","@id":"https:\/\/www.vyprachticky.cz\/en\/laser-en\/","url":"https:\/\/www.vyprachticky.cz\/en\/laser-en\/","name":"Laser - V\u00ddPRACHTICK\u00dd s.r.o.","isPartOf":{"@id":"https:\/\/www.vyprachticky.cz\/#website"},"primaryImageOfPage":{"@id":"https:\/\/www.vyprachticky.cz\/en\/laser-en\/#primaryimage"},"image":{"@id":"https:\/\/www.vyprachticky.cz\/en\/laser-en\/#primaryimage"},"thumbnailUrl":"https:\/\/www.vyprachticky.cz\/wp-content\/uploads\/2021\/01\/trulaser-3030-fiber-300x184.jpg","datePublished":"2017-08-11T10:08:22+00:00","dateModified":"2025-04-04T09:28:03+00:00","description":"Unlimited freedom of silhouettes, high precision and high quality cuts, that's laser cutting with TruLaser 3030 machine. The TruDisk solid-state laser","breadcrumb":{"@id":"https:\/\/www.vyprachticky.cz\/en\/laser-en\/#breadcrumb"},"inLanguage":"en-US","potentialAction":[{"@type":"ReadAction","target":["https:\/\/www.vyprachticky.cz\/en\/laser-en\/"]}]},{"@type":"ImageObject","inLanguage":"en-US","@id":"https:\/\/www.vyprachticky.cz\/en\/laser-en\/#primaryimage","url":"https:\/\/www.vyprachticky.cz\/wp-content\/uploads\/2021\/01\/trulaser-3030-fiber-300x184.jpg","contentUrl":"https:\/\/www.vyprachticky.cz\/wp-content\/uploads\/2021\/01\/trulaser-3030-fiber-300x184.jpg"},{"@type":"BreadcrumbList","@id":"https:\/\/www.vyprachticky.cz\/en\/laser-en\/#breadcrumb","itemListElement":[{"@type":"ListItem","position":1,"name":"","item":"https:\/\/www.vyprachticky.cz\/en\/"},{"@type":"ListItem","position":2,"name":"Engineering production","item":"https:\/\/www.vyprachticky.cz\/en\/engineering-production\/"},{"@type":"ListItem","position":3,"name":"Laser"}]},{"@type":"WebSite","@id":"https:\/\/www.vyprachticky.cz\/#website","url":"https:\/\/www.vyprachticky.cz\/","name":"V\u00ddPRACHTICK\u00dd s.r.o.","description":"Stroj\u00edrensk\u00e1 a z\u00e1me\u010dnick\u00e1 v\u00fdroba","publisher":{"@id":"https:\/\/www.vyprachticky.cz\/#organization"},"potentialAction":[{"@type":"SearchAction","target":{"@type":"EntryPoint","urlTemplate":"https:\/\/www.vyprachticky.cz\/?s={search_term_string}"},"query-input":{"@type":"PropertyValueSpecification","valueRequired":true,"valueName":"search_term_string"}}],"inLanguage":"en-US"},{"@type":"Organization","@id":"https:\/\/www.vyprachticky.cz\/#organization","name":"V\u00ddPRACHTICK\u00dd s.r.o.","url":"https:\/\/www.vyprachticky.cz\/","logo":{"@type":"ImageObject","inLanguage":"en-US","@id":"https:\/\/www.vyprachticky.cz\/#\/schema\/logo\/image\/","url":"https:\/\/www.vyprachticky.cz\/wp-content\/uploads\/2016\/12\/logo-fb.png","contentUrl":"https:\/\/www.vyprachticky.cz\/wp-content\/uploads\/2016\/12\/logo-fb.png","width":800,"height":420,"caption":"V\u00ddPRACHTICK\u00dd s.r.o."},"image":{"@id":"https:\/\/www.vyprachticky.cz\/#\/schema\/logo\/image\/"}}]}},"_links":{"self":[{"href":"https:\/\/www.vyprachticky.cz\/en\/wp-json\/wp\/v2\/pages\/372","targetHints":{"allow":["GET"]}}],"collection":[{"href":"https:\/\/www.vyprachticky.cz\/en\/wp-json\/wp\/v2\/pages"}],"about":[{"href":"https:\/\/www.vyprachticky.cz\/en\/wp-json\/wp\/v2\/types\/page"}],"author":[{"embeddable":true,"href":"https:\/\/www.vyprachticky.cz\/en\/wp-json\/wp\/v2\/users\/1"}],"replies":[{"embeddable":true,"href":"https:\/\/www.vyprachticky.cz\/en\/wp-json\/wp\/v2\/comments?post=372"}],"version-history":[{"count":5,"href":"https:\/\/www.vyprachticky.cz\/en\/wp-json\/wp\/v2\/pages\/372\/revisions"}],"predecessor-version":[{"id":1706,"href":"https:\/\/www.vyprachticky.cz\/en\/wp-json\/wp\/v2\/pages\/372\/revisions\/1706"}],"up":[{"embeddable":true,"href":"https:\/\/www.vyprachticky.cz\/en\/wp-json\/wp\/v2\/pages\/368"}],"wp:attachment":[{"href":"https:\/\/www.vyprachticky.cz\/en\/wp-json\/wp\/v2\/media?parent=372"}],"curies":[{"name":"wp","href":"https:\/\/api.w.org\/{rel}","templated":true}]}}