{"id":381,"date":"2017-08-11T12:10:57","date_gmt":"2017-08-11T10:10:57","guid":{"rendered":"https:\/\/www.vyprachticky.cz\/?page_id=381\/"},"modified":"2025-04-04T11:52:19","modified_gmt":"2025-04-04T09:52:19","slug":"bending","status":"publish","type":"page","link":"https:\/\/www.vyprachticky.cz\/en\/bending\/","title":{"rendered":"Bending"},"content":{"rendered":"<p class=\"odstavecUvodnik\">We perform sheet metal bending on a&nbsp;compact <strong>P2lean<\/strong> bending center, a&nbsp;<strong>TruBend 5130<\/strong> press brake, and a&nbsp;<strong>SAFAN E-Brake 80<\/strong> servo-electric press.<\/p>\n<p>The <strong>P2lean<\/strong> compact bending center can produce a&nbsp;wide range of metal parts.<br \/>\nIt works automatically, the operator only places the part into the machine and after automatic bending, takes out the finished part.<\/p>\n<div class=\"row\">\n<div class=\"col-sm-5\">\n<img loading=\"lazy\" decoding=\"async\" src=\"https:\/\/www.vyprachticky.cz\/wp-content\/uploads\/2022\/03\/P2lean.jpg\" alt=\"P2lean\" width=\"315\" height=\"165\" class=\"img-thumbnail img-responsive alignnone size-full wp-image-1153 center-block\" srcset=\"https:\/\/www.vyprachticky.cz\/wp-content\/uploads\/2022\/03\/P2lean.jpg 315w, https:\/\/www.vyprachticky.cz\/wp-content\/uploads\/2022\/03\/P2lean-300x157.jpg 300w\" sizes=\"auto, (max-width: 315px) 100vw, 315px\" \/>\n<\/div>\n<div class=\"clearfix visible-xs\">&nbsp;<\/div>\n<div class=\"col-sm-7\">\n<table class=\"table table-striped\">\n<tbody>\n<tr>\n<th colspan=\"2\" class=\"info\">P2lean<\/th>\n<\/tr>\n<tr>\n<td>Max. bending length:<\/td>\n<td>2&nbsp;180 mm<\/td>\n<\/tr>\n<tr>\n<td>Max. steel thickness:<\/td>\n<td>2,5 mm<\/td>\n<\/tr>\n<tr>\n<td>Max. stainless steel thickness:<\/td>\n<td>2,0 mm<\/td>\n<\/tr>\n<tr>\n<td>Max. aluminum thickness:<\/td>\n<td>3,5 mm<\/td>\n<\/tr>\n<\/tbody>\n<\/table>\n<\/div>\n<\/div>\n<div class=\"clearfix\">&nbsp;<\/div>\n<p><strong>TruBend 5130 <\/strong>unites innovative method and precision. Variable systems of rear impact allow trouble-free machining of wide range of parts. The whole process &#8211; programming, preparations and the bending itself &#8211; is exceptionally productive.<\/p>\n<p>The machine is maximally accurate, has high dynamics of axles, ACB technology for exact angles from the very first part and is intuitive to programme and control.<\/p>\n<div class=\"row\">\n<div class=\"col-sm-5\">\n<img loading=\"lazy\" decoding=\"async\" src=\"https:\/\/www.vyprachticky.cz\/wp-content\/uploads\/2016\/12\/TruBend-serie-5000.jpg\" alt=\"TruBend s\u00e9rie 5000\" width=\"315\" height=\"193\" class=\"img-thumbnail img-responsive alignnone size-full wp-image-213 center-block\" srcset=\"https:\/\/www.vyprachticky.cz\/wp-content\/uploads\/2016\/12\/TruBend-serie-5000.jpg 315w, https:\/\/www.vyprachticky.cz\/wp-content\/uploads\/2016\/12\/TruBend-serie-5000-300x184.jpg 300w\" sizes=\"auto, (max-width: 315px) 100vw, 315px\" \/>\n\t\t<\/div>\n<div class=\"clearfix visible-xs\">&nbsp;<\/div>\n<div class=\"col-sm-7\">\n<table class=\"table table-striped\">\n<tbody>\n<tr>\n<th colspan=\"2\" class=\"info\">TruBend s\u00e9rie 5130<\/th>\n<\/tr>\n<tr>\n<td>Max. bending length:<\/td>\n<td>3&nbsp;230 mm<\/td>\n<\/tr>\n<tr>\n<td>Max. press force:<\/td>\n<td>133 t<\/td>\n<\/tr>\n<\/tbody>\n<\/table>\n<\/div>\n<\/div>\n<div class=\"clearfix\">&nbsp;<\/div>\n<p>The <strong>TruBend 7036<\/strong> is an example of the perfect interplay of man and machine: the high speed and acceleration values \u200b\u200bof the press, combined with optimal working conditions, ensure the best overall productivity.<\/p>\n<div class=\"row\">\n<div class=\"col-sm-5\">\n<img loading=\"lazy\" decoding=\"async\" src=\"https:\/\/www.vyprachticky.cz\/wp-content\/uploads\/2025\/04\/TruBend-7036-300x223.jpg\" alt=\"TruBend 7036\" width=\"300\" height=\"223\" class=\"img-thumbnail img-responsive alignnone size-medium wp-image-1709 center-block\" srcset=\"https:\/\/www.vyprachticky.cz\/wp-content\/uploads\/2025\/04\/TruBend-7036-300x223.jpg 300w, https:\/\/www.vyprachticky.cz\/wp-content\/uploads\/2025\/04\/TruBend-7036-768x571.jpg 768w, https:\/\/www.vyprachticky.cz\/wp-content\/uploads\/2025\/04\/TruBend-7036.jpg 909w\" sizes=\"auto, (max-width: 300px) 100vw, 300px\" \/>\n\t\t<\/div>\n<div class=\"clearfix visible-xs\">&nbsp;<\/div>\n<div class=\"col-sm-7\">\n<table class=\"table table-striped\">\n<tbody>\n<tr>\n<th colspan=\"2\" class=\"info\">TruBend 7036<\/th>\n<\/tr>\n<tr>\n<td>Max. bending length:<\/td>\n<td>1&nbsp;020 mm<\/td>\n<\/tr>\n<tr>\n<td>Max. press force:<\/td>\n<td>36 t<\/td>\n<\/tr>\n<\/tbody>\n<\/table>\n<\/div>\n<\/div>\n<div class=\"clearfix\">&nbsp;<\/div>\n<p>The <strong>bending press SAFAN E-Brake 80<\/strong> is equipped with hydraulic tool fastening to decrease time needed to rebuild the press for a&nbsp;new production. We use verified WILLA tools. Their segmentation allows to build a&nbsp;couple of posts and bend even very complicated product in a&nbsp;single cycle, therefore, faster. Maximal bending press length is 2550mm.<\/p>\n<p>Its concept which doesn&#8217;t use any hydraulic oil is very beneficial for bringing higher productivity, accuracy and minimal operating costs.<\/p>\n<div class=\"row\">\n<div class=\"col-sm-5\">\n\t\t<img loading=\"lazy\" decoding=\"async\" src=\"https:\/\/www.vyprachticky.cz\/wp-content\/uploads\/2016\/12\/SAFAN-E-Brake-80.jpg\" alt=\"Safan E brake 80\" width=\"315\" height=\"193\" class=\"img-thumbnail img-responsive alignnone size-full wp-image-212 center-block\" srcset=\"https:\/\/www.vyprachticky.cz\/wp-content\/uploads\/2016\/12\/SAFAN-E-Brake-80.jpg 315w, https:\/\/www.vyprachticky.cz\/wp-content\/uploads\/2016\/12\/SAFAN-E-Brake-80-300x184.jpg 300w\" sizes=\"auto, (max-width: 315px) 100vw, 315px\" \/>\n\t\t<\/div>\n<div class=\"clearfix visible-xs\">&nbsp;<\/div>\n<div class=\"col-sm-7\">\n<table class=\"table table-striped\">\n<tbody>\n<tr>\n<th colspan=\"2\" class=\"info\">SAFAN E-Brake 80<\/th>\n<\/tr>\n<tr>\n<td>Max. bending length:<\/td>\n<td>2&nbsp;550 mm<\/td>\n<\/tr>\n<tr>\n<td>Max. press force:<\/td>\n<td>80 t<\/td>\n<\/tr>\n<\/tbody>\n<\/table><\/div>\n<\/div>\n","protected":false},"excerpt":{"rendered":"<p>We perform sheet metal bending on a&nbsp;compact P2lean bending center, a&nbsp;TruBend 5130 press brake, and a&nbsp;SAFAN E-Brake 80 servo-electric press. The P2lean compact bending center can produce a&nbsp;wide range of metal parts. It works automatically, the operator only places the part into the machine and after automatic bending, takes out the finished part. &nbsp; P2lean &hellip;<\/p>\n","protected":false},"author":1,"featured_media":0,"parent":368,"menu_order":0,"comment_status":"closed","ping_status":"closed","template":"page-templates\/pravy-sloupec.php","meta":{"footnotes":""},"class_list":["post-381","page","type-page","status-publish","hentry"],"yoast_head":"<!-- This site is optimized with the Yoast SEO plugin v26.9 - https:\/\/yoast.com\/product\/yoast-seo-wordpress\/ -->\n<title>Bending - V\u00ddPRACHTICK\u00dd s.r.o.<\/title>\n<meta name=\"description\" content=\"We perform sheet metal bending on a compact P2lean bending center, a TruBend 5130 press brake, and a SAFAN E-Brake 80 servo-electric press. The P2lean\" \/>\n<meta name=\"robots\" content=\"index, follow, max-snippet:-1, max-image-preview:large, max-video-preview:-1\" \/>\n<link rel=\"canonical\" href=\"https:\/\/www.vyprachticky.cz\/en\/bending\/\" \/>\n<meta property=\"og:locale\" content=\"en_US\" \/>\n<meta property=\"og:type\" content=\"article\" \/>\n<meta property=\"og:title\" content=\"Bending - V\u00ddPRACHTICK\u00dd s.r.o.\" \/>\n<meta property=\"og:description\" content=\"We perform sheet metal bending on a compact P2lean bending center, a TruBend 5130 press brake, and a SAFAN E-Brake 80 servo-electric press. The P2lean\" \/>\n<meta property=\"og:url\" content=\"https:\/\/www.vyprachticky.cz\/en\/bending\/\" \/>\n<meta property=\"og:site_name\" content=\"V\u00ddPRACHTICK\u00dd s.r.o.\" \/>\n<meta property=\"article:modified_time\" content=\"2025-04-04T09:52:19+00:00\" \/>\n<meta property=\"og:image\" content=\"https:\/\/www.vyprachticky.cz\/wp-content\/uploads\/2022\/03\/P2lean.jpg\" \/>\n\t<meta property=\"og:image:width\" content=\"315\" \/>\n\t<meta property=\"og:image:height\" content=\"165\" \/>\n\t<meta property=\"og:image:type\" content=\"image\/jpeg\" \/>\n<meta name=\"twitter:card\" content=\"summary_large_image\" \/>\n<meta name=\"twitter:label1\" content=\"Est. reading time\" \/>\n\t<meta name=\"twitter:data1\" content=\"3 minutes\" \/>\n<script type=\"application\/ld+json\" class=\"yoast-schema-graph\">{\"@context\":\"https:\/\/schema.org\",\"@graph\":[{\"@type\":\"WebPage\",\"@id\":\"https:\/\/www.vyprachticky.cz\/en\/bending\/\",\"url\":\"https:\/\/www.vyprachticky.cz\/en\/bending\/\",\"name\":\"Bending - V\u00ddPRACHTICK\u00dd s.r.o.\",\"isPartOf\":{\"@id\":\"https:\/\/www.vyprachticky.cz\/#website\"},\"primaryImageOfPage\":{\"@id\":\"https:\/\/www.vyprachticky.cz\/en\/bending\/#primaryimage\"},\"image\":{\"@id\":\"https:\/\/www.vyprachticky.cz\/en\/bending\/#primaryimage\"},\"thumbnailUrl\":\"https:\/\/www.vyprachticky.cz\/wp-content\/uploads\/2022\/03\/P2lean.jpg\",\"datePublished\":\"2017-08-11T10:10:57+00:00\",\"dateModified\":\"2025-04-04T09:52:19+00:00\",\"description\":\"We perform sheet metal bending on a compact P2lean bending center, a TruBend 5130 press brake, and a SAFAN E-Brake 80 servo-electric press. The P2lean\",\"breadcrumb\":{\"@id\":\"https:\/\/www.vyprachticky.cz\/en\/bending\/#breadcrumb\"},\"inLanguage\":\"en-US\",\"potentialAction\":[{\"@type\":\"ReadAction\",\"target\":[\"https:\/\/www.vyprachticky.cz\/en\/bending\/\"]}]},{\"@type\":\"ImageObject\",\"inLanguage\":\"en-US\",\"@id\":\"https:\/\/www.vyprachticky.cz\/en\/bending\/#primaryimage\",\"url\":\"https:\/\/www.vyprachticky.cz\/wp-content\/uploads\/2022\/03\/P2lean.jpg\",\"contentUrl\":\"https:\/\/www.vyprachticky.cz\/wp-content\/uploads\/2022\/03\/P2lean.jpg\"},{\"@type\":\"BreadcrumbList\",\"@id\":\"https:\/\/www.vyprachticky.cz\/en\/bending\/#breadcrumb\",\"itemListElement\":[{\"@type\":\"ListItem\",\"position\":1,\"name\":\"\",\"item\":\"https:\/\/www.vyprachticky.cz\/en\/\"},{\"@type\":\"ListItem\",\"position\":2,\"name\":\"Engineering production\",\"item\":\"https:\/\/www.vyprachticky.cz\/en\/engineering-production\/\"},{\"@type\":\"ListItem\",\"position\":3,\"name\":\"Bending\"}]},{\"@type\":\"WebSite\",\"@id\":\"https:\/\/www.vyprachticky.cz\/#website\",\"url\":\"https:\/\/www.vyprachticky.cz\/\",\"name\":\"V\u00ddPRACHTICK\u00dd s.r.o.\",\"description\":\"Stroj\u00edrensk\u00e1 a z\u00e1me\u010dnick\u00e1 v\u00fdroba\",\"publisher\":{\"@id\":\"https:\/\/www.vyprachticky.cz\/#organization\"},\"potentialAction\":[{\"@type\":\"SearchAction\",\"target\":{\"@type\":\"EntryPoint\",\"urlTemplate\":\"https:\/\/www.vyprachticky.cz\/?s={search_term_string}\"},\"query-input\":{\"@type\":\"PropertyValueSpecification\",\"valueRequired\":true,\"valueName\":\"search_term_string\"}}],\"inLanguage\":\"en-US\"},{\"@type\":\"Organization\",\"@id\":\"https:\/\/www.vyprachticky.cz\/#organization\",\"name\":\"V\u00ddPRACHTICK\u00dd s.r.o.\",\"url\":\"https:\/\/www.vyprachticky.cz\/\",\"logo\":{\"@type\":\"ImageObject\",\"inLanguage\":\"en-US\",\"@id\":\"https:\/\/www.vyprachticky.cz\/#\/schema\/logo\/image\/\",\"url\":\"https:\/\/www.vyprachticky.cz\/wp-content\/uploads\/2016\/12\/logo-fb.png\",\"contentUrl\":\"https:\/\/www.vyprachticky.cz\/wp-content\/uploads\/2016\/12\/logo-fb.png\",\"width\":800,\"height\":420,\"caption\":\"V\u00ddPRACHTICK\u00dd s.r.o.\"},\"image\":{\"@id\":\"https:\/\/www.vyprachticky.cz\/#\/schema\/logo\/image\/\"}}]}<\/script>\n<!-- \/ Yoast SEO plugin. -->","yoast_head_json":{"title":"Bending - V\u00ddPRACHTICK\u00dd s.r.o.","description":"We perform sheet metal bending on a compact P2lean bending center, a TruBend 5130 press brake, and a SAFAN E-Brake 80 servo-electric press. The P2lean","robots":{"index":"index","follow":"follow","max-snippet":"max-snippet:-1","max-image-preview":"max-image-preview:large","max-video-preview":"max-video-preview:-1"},"canonical":"https:\/\/www.vyprachticky.cz\/en\/bending\/","og_locale":"en_US","og_type":"article","og_title":"Bending - V\u00ddPRACHTICK\u00dd s.r.o.","og_description":"We perform sheet metal bending on a compact P2lean bending center, a TruBend 5130 press brake, and a SAFAN E-Brake 80 servo-electric press. The P2lean","og_url":"https:\/\/www.vyprachticky.cz\/en\/bending\/","og_site_name":"V\u00ddPRACHTICK\u00dd s.r.o.","article_modified_time":"2025-04-04T09:52:19+00:00","og_image":[{"width":315,"height":165,"url":"https:\/\/www.vyprachticky.cz\/wp-content\/uploads\/2022\/03\/P2lean.jpg","type":"image\/jpeg"}],"twitter_card":"summary_large_image","twitter_misc":{"Est. reading time":"3 minutes"},"schema":{"@context":"https:\/\/schema.org","@graph":[{"@type":"WebPage","@id":"https:\/\/www.vyprachticky.cz\/en\/bending\/","url":"https:\/\/www.vyprachticky.cz\/en\/bending\/","name":"Bending - V\u00ddPRACHTICK\u00dd s.r.o.","isPartOf":{"@id":"https:\/\/www.vyprachticky.cz\/#website"},"primaryImageOfPage":{"@id":"https:\/\/www.vyprachticky.cz\/en\/bending\/#primaryimage"},"image":{"@id":"https:\/\/www.vyprachticky.cz\/en\/bending\/#primaryimage"},"thumbnailUrl":"https:\/\/www.vyprachticky.cz\/wp-content\/uploads\/2022\/03\/P2lean.jpg","datePublished":"2017-08-11T10:10:57+00:00","dateModified":"2025-04-04T09:52:19+00:00","description":"We perform sheet metal bending on a compact P2lean bending center, a TruBend 5130 press brake, and a SAFAN E-Brake 80 servo-electric press. The P2lean","breadcrumb":{"@id":"https:\/\/www.vyprachticky.cz\/en\/bending\/#breadcrumb"},"inLanguage":"en-US","potentialAction":[{"@type":"ReadAction","target":["https:\/\/www.vyprachticky.cz\/en\/bending\/"]}]},{"@type":"ImageObject","inLanguage":"en-US","@id":"https:\/\/www.vyprachticky.cz\/en\/bending\/#primaryimage","url":"https:\/\/www.vyprachticky.cz\/wp-content\/uploads\/2022\/03\/P2lean.jpg","contentUrl":"https:\/\/www.vyprachticky.cz\/wp-content\/uploads\/2022\/03\/P2lean.jpg"},{"@type":"BreadcrumbList","@id":"https:\/\/www.vyprachticky.cz\/en\/bending\/#breadcrumb","itemListElement":[{"@type":"ListItem","position":1,"name":"","item":"https:\/\/www.vyprachticky.cz\/en\/"},{"@type":"ListItem","position":2,"name":"Engineering production","item":"https:\/\/www.vyprachticky.cz\/en\/engineering-production\/"},{"@type":"ListItem","position":3,"name":"Bending"}]},{"@type":"WebSite","@id":"https:\/\/www.vyprachticky.cz\/#website","url":"https:\/\/www.vyprachticky.cz\/","name":"V\u00ddPRACHTICK\u00dd s.r.o.","description":"Stroj\u00edrensk\u00e1 a z\u00e1me\u010dnick\u00e1 v\u00fdroba","publisher":{"@id":"https:\/\/www.vyprachticky.cz\/#organization"},"potentialAction":[{"@type":"SearchAction","target":{"@type":"EntryPoint","urlTemplate":"https:\/\/www.vyprachticky.cz\/?s={search_term_string}"},"query-input":{"@type":"PropertyValueSpecification","valueRequired":true,"valueName":"search_term_string"}}],"inLanguage":"en-US"},{"@type":"Organization","@id":"https:\/\/www.vyprachticky.cz\/#organization","name":"V\u00ddPRACHTICK\u00dd s.r.o.","url":"https:\/\/www.vyprachticky.cz\/","logo":{"@type":"ImageObject","inLanguage":"en-US","@id":"https:\/\/www.vyprachticky.cz\/#\/schema\/logo\/image\/","url":"https:\/\/www.vyprachticky.cz\/wp-content\/uploads\/2016\/12\/logo-fb.png","contentUrl":"https:\/\/www.vyprachticky.cz\/wp-content\/uploads\/2016\/12\/logo-fb.png","width":800,"height":420,"caption":"V\u00ddPRACHTICK\u00dd s.r.o."},"image":{"@id":"https:\/\/www.vyprachticky.cz\/#\/schema\/logo\/image\/"}}]}},"_links":{"self":[{"href":"https:\/\/www.vyprachticky.cz\/en\/wp-json\/wp\/v2\/pages\/381","targetHints":{"allow":["GET"]}}],"collection":[{"href":"https:\/\/www.vyprachticky.cz\/en\/wp-json\/wp\/v2\/pages"}],"about":[{"href":"https:\/\/www.vyprachticky.cz\/en\/wp-json\/wp\/v2\/types\/page"}],"author":[{"embeddable":true,"href":"https:\/\/www.vyprachticky.cz\/en\/wp-json\/wp\/v2\/users\/1"}],"replies":[{"embeddable":true,"href":"https:\/\/www.vyprachticky.cz\/en\/wp-json\/wp\/v2\/comments?post=381"}],"version-history":[{"count":5,"href":"https:\/\/www.vyprachticky.cz\/en\/wp-json\/wp\/v2\/pages\/381\/revisions"}],"predecessor-version":[{"id":1718,"href":"https:\/\/www.vyprachticky.cz\/en\/wp-json\/wp\/v2\/pages\/381\/revisions\/1718"}],"up":[{"embeddable":true,"href":"https:\/\/www.vyprachticky.cz\/en\/wp-json\/wp\/v2\/pages\/368"}],"wp:attachment":[{"href":"https:\/\/www.vyprachticky.cz\/en\/wp-json\/wp\/v2\/media?parent=381"}],"curies":[{"name":"wp","href":"https:\/\/api.w.org\/{rel}","templated":true}]}}