{"id":392,"date":"2017-08-11T12:20:29","date_gmt":"2017-08-11T10:20:29","guid":{"rendered":"https:\/\/www.vyprachticky.cz\/?page_id=392\/"},"modified":"2025-04-08T10:17:07","modified_gmt":"2025-04-08T08:17:07","slug":"welding","status":"publish","type":"page","link":"https:\/\/www.vyprachticky.cz\/en\/welding\/","title":{"rendered":"Welding"},"content":{"rendered":"<p class=\"odstavecUvodnik\"><strong>We weld steel, stainless steel and also aluminium.<\/strong> For this purpose, we use KEMPI welders in case of TIG &#8211; WIG and MIG &#8211; MAG welding methods.<\/p>\n<div class=\"row\">\n<div class=\"col-sm-6\"><a href=\"https:\/\/www.vyprachticky.cz\/wp-content\/uploads\/2025\/04\/svarovani-02.jpg\" class=\"thumbnail\" title=\"Welding\" rel=\"1\"><img loading=\"lazy\" decoding=\"async\" width=\"1024\" height=\"681\" src=\"https:\/\/www.vyprachticky.cz\/wp-content\/uploads\/2025\/04\/svarovani-02-1024x681.jpg\" alt=\"Welding\" class=\"size-full wp-image-1770\" srcset=\"https:\/\/www.vyprachticky.cz\/wp-content\/uploads\/2025\/04\/svarovani-02-1024x681.jpg 1024w, https:\/\/www.vyprachticky.cz\/wp-content\/uploads\/2025\/04\/svarovani-02-300x200.jpg 300w, https:\/\/www.vyprachticky.cz\/wp-content\/uploads\/2025\/04\/svarovani-02-768x511.jpg 768w, https:\/\/www.vyprachticky.cz\/wp-content\/uploads\/2025\/04\/svarovani-02.jpg 1200w\" sizes=\"auto, (max-width: 1024px) 100vw, 1024px\" \/><\/a><\/div>\n<div class=\"col-sm-6\"><a href=\"https:\/\/www.vyprachticky.cz\/wp-content\/uploads\/2025\/04\/svarovani-01.jpg\" class=\"thumbnail\" title=\"Welding\" rel=\"1\"><img loading=\"lazy\" decoding=\"async\" width=\"1024\" height=\"681\" src=\"https:\/\/www.vyprachticky.cz\/wp-content\/uploads\/2025\/04\/svarovani-01-1024x681.jpg\" alt=\"Welding\" class=\"size-full wp-image-1773\" srcset=\"https:\/\/www.vyprachticky.cz\/wp-content\/uploads\/2025\/04\/svarovani-01-1024x681.jpg 1024w, https:\/\/www.vyprachticky.cz\/wp-content\/uploads\/2025\/04\/svarovani-01-300x200.jpg 300w, https:\/\/www.vyprachticky.cz\/wp-content\/uploads\/2025\/04\/svarovani-01-768x511.jpg 768w, https:\/\/www.vyprachticky.cz\/wp-content\/uploads\/2025\/04\/svarovani-01.jpg 1200w\" sizes=\"auto, (max-width: 1024px) 100vw, 1024px\" \/><\/a><\/div>\n<\/div>\n<p>Strong and reliable joints are the foundation of every quality product. We offer professional <strong>welding of steel<\/strong>, <strong>stainless steel<\/strong>, and <strong>aluminum\u2014both manually and robotically\u2014based<\/strong> on the requirements and nature of your project.<\/p>\n<p>We provide:<\/p>\n<ul class=\"wp-block-list\">\n<li><strong>Manual MIG\/MAG and TIG welding<\/strong> \u2013 ideal for single-piece and small series production,<\/li>\n<li><strong>Robotic welding cell (MAG)<\/strong> \u2013 for repeatable and precise welding in larger series,<\/li>\n<li><strong>Spot welding<\/strong> \u2013 for fast, strong, and efficient joining of sheet metal parts.<\/li>\n<\/ul>\n<p>\nOur welders are certified according to <strong>ISO EN 9606<\/strong> and work in compliance with quality management systems <strong>ISO 3834 <\/strong>and <strong>EN 1090<\/strong>. Thanks to this, we guarantee high-quality welds even for demanding projects, including load-bearing structures.\n<\/p>\n<p class=\"odstavecDulezite\">\n\u2714\ufe0f Welding of steel, stainless steel, and aluminum<br \/>\n\u2714\ufe0f Certified welders and controlled processes<br \/>\n\u2714\ufe0f Combination of manual and robotic technologies\n<\/p>\n<p class=\"odstavecUvodnik\">\nWhether you need a&nbsp;single part or a&nbsp;complex assembly, we will design the optimal welding solution tailored to your project \u2013 <a href=\"https:\/\/www.vyprachticky.cz\/en\/contact\/\">get in touch with us<\/a>!\n<\/p>\n<div>&nbsp;<\/div>\n<p>In more demanding cases, we use EWM welders supporting impulsive MIG &#8211; MAG welding method. At the end, the welded place is grinded into the final shape.<\/p>\n<p>We also handle the welding method of welding pins onto the material with a&nbsp;spike ignition. For this method, we use <strong>PROWELD LBS 73<\/strong> welder.<\/p>\n<p>For resistance welding, italian TECNA welders are our tools.<\/p>\n<div class=\"row\">\n<div class=\"col-sm-4\">\n\t\t<img loading=\"lazy\" decoding=\"async\" src=\"https:\/\/www.vyprachticky.cz\/wp-content\/uploads\/2017\/07\/kempoweld.jpg\" alt=\"kempoweld\" width=\"185\" height=\"185\" class=\"img-thumbnail img-responsive alignnone size-full wp-image-222 center-block\" srcset=\"https:\/\/www.vyprachticky.cz\/wp-content\/uploads\/2017\/07\/kempoweld.jpg 185w, https:\/\/www.vyprachticky.cz\/wp-content\/uploads\/2017\/07\/kempoweld-150x150.jpg 150w\" sizes=\"auto, (max-width: 185px) 100vw, 185px\" \/>\n\t<\/div>\n<div class=\"clearfix visible-xs\">&nbsp;<\/div>\n<div class=\"col-sm-4\">\n<img loading=\"lazy\" decoding=\"async\" src=\"https:\/\/www.vyprachticky.cz\/wp-content\/uploads\/2017\/07\/lbs-75.jpg\" alt=\"lbs 75\" width=\"185\" height=\"185\" class=\"img-thumbnail img-responsive alignnone size-full wp-image-223 center-block\" srcset=\"https:\/\/www.vyprachticky.cz\/wp-content\/uploads\/2017\/07\/lbs-75.jpg 185w, https:\/\/www.vyprachticky.cz\/wp-content\/uploads\/2017\/07\/lbs-75-150x150.jpg 150w\" sizes=\"auto, (max-width: 185px) 100vw, 185px\" \/>\n\t<\/div>\n<div class=\"clearfix visible-xs\">&nbsp;<\/div>\n<div class=\"col-sm-4\">\n<img loading=\"lazy\" decoding=\"async\" src=\"https:\/\/www.vyprachticky.cz\/wp-content\/uploads\/2017\/07\/Phoenix-301.jpg\" alt=\"phoenix 301\" width=\"185\" height=\"185\" class=\"img-thumbnail img-responsive alignnone size-full wp-image-224 center-block\" srcset=\"https:\/\/www.vyprachticky.cz\/wp-content\/uploads\/2017\/07\/Phoenix-301.jpg 185w, https:\/\/www.vyprachticky.cz\/wp-content\/uploads\/2017\/07\/Phoenix-301-150x150.jpg 150w\" sizes=\"auto, (max-width: 185px) 100vw, 185px\" \/>\n\t<\/div>\n<\/div>\n<div class=\"clearfix\">&nbsp;<\/div>\n<div class=\"row\">\n<img loading=\"lazy\" decoding=\"async\" src=\"https:\/\/www.vyprachticky.cz\/wp-content\/uploads\/2017\/07\/Tecna-3322.jpg\" alt=\"Tecna-3322\" width=\"480\" height=\"160\" class=\"img-thumbnail img-responsive alignnone size-full wp-image-221 center-block\" srcset=\"https:\/\/www.vyprachticky.cz\/wp-content\/uploads\/2017\/07\/Tecna-3322.jpg 480w, https:\/\/www.vyprachticky.cz\/wp-content\/uploads\/2017\/07\/Tecna-3322-300x100.jpg 300w\" sizes=\"auto, (max-width: 480px) 100vw, 480px\" \/>\n<\/div>\n","protected":false},"excerpt":{"rendered":"<p>We weld steel, stainless steel and also aluminium. For this purpose, we use KEMPI welders in case of TIG &#8211; WIG and MIG &#8211; MAG welding methods. Strong and reliable joints are the foundation of every quality product. We offer professional welding of steel, stainless steel, and aluminum\u2014both manually and robotically\u2014based on the requirements and &hellip;<\/p>\n","protected":false},"author":1,"featured_media":0,"parent":368,"menu_order":0,"comment_status":"closed","ping_status":"closed","template":"page-templates\/pravy-sloupec.php","meta":{"footnotes":""},"class_list":["post-392","page","type-page","status-publish","hentry"],"yoast_head":"<!-- This site is optimized with the Yoast SEO plugin v26.9 - https:\/\/yoast.com\/product\/yoast-seo-wordpress\/ -->\n<title>Welding - V\u00ddPRACHTICK\u00dd s.r.o.<\/title>\n<meta name=\"description\" content=\"We weld steel, stainless steel and also aluminium. For this purpose, we use KEMPI welders in case of TIG - WIG and MIG - MAG welding methods. Strong and\" \/>\n<meta name=\"robots\" content=\"index, follow, max-snippet:-1, max-image-preview:large, max-video-preview:-1\" \/>\n<link rel=\"canonical\" href=\"https:\/\/www.vyprachticky.cz\/en\/welding\/\" \/>\n<meta property=\"og:locale\" content=\"en_US\" \/>\n<meta property=\"og:type\" content=\"article\" \/>\n<meta property=\"og:title\" content=\"Welding - V\u00ddPRACHTICK\u00dd s.r.o.\" \/>\n<meta property=\"og:description\" content=\"We weld steel, stainless steel and also aluminium. For this purpose, we use KEMPI welders in case of TIG - WIG and MIG - MAG welding methods. Strong and\" \/>\n<meta property=\"og:url\" content=\"https:\/\/www.vyprachticky.cz\/en\/welding\/\" \/>\n<meta property=\"og:site_name\" content=\"V\u00ddPRACHTICK\u00dd s.r.o.\" \/>\n<meta property=\"article:modified_time\" content=\"2025-04-08T08:17:07+00:00\" \/>\n<meta property=\"og:image\" content=\"https:\/\/www.vyprachticky.cz\/wp-content\/uploads\/2025\/04\/svarovani-02.jpg\" \/>\n\t<meta property=\"og:image:width\" content=\"1200\" \/>\n\t<meta property=\"og:image:height\" content=\"798\" \/>\n\t<meta property=\"og:image:type\" content=\"image\/jpeg\" \/>\n<meta name=\"twitter:card\" content=\"summary_large_image\" \/>\n<meta name=\"twitter:label1\" content=\"Est. reading time\" \/>\n\t<meta name=\"twitter:data1\" content=\"2 minutes\" \/>\n<script type=\"application\/ld+json\" class=\"yoast-schema-graph\">{\"@context\":\"https:\/\/schema.org\",\"@graph\":[{\"@type\":\"WebPage\",\"@id\":\"https:\/\/www.vyprachticky.cz\/en\/welding\/\",\"url\":\"https:\/\/www.vyprachticky.cz\/en\/welding\/\",\"name\":\"Welding - V\u00ddPRACHTICK\u00dd s.r.o.\",\"isPartOf\":{\"@id\":\"https:\/\/www.vyprachticky.cz\/#website\"},\"primaryImageOfPage\":{\"@id\":\"https:\/\/www.vyprachticky.cz\/en\/welding\/#primaryimage\"},\"image\":{\"@id\":\"https:\/\/www.vyprachticky.cz\/en\/welding\/#primaryimage\"},\"thumbnailUrl\":\"https:\/\/www.vyprachticky.cz\/wp-content\/uploads\/2025\/04\/svarovani-02-1024x681.jpg\",\"datePublished\":\"2017-08-11T10:20:29+00:00\",\"dateModified\":\"2025-04-08T08:17:07+00:00\",\"description\":\"We weld steel, stainless steel and also aluminium. For this purpose, we use KEMPI welders in case of TIG - WIG and MIG - MAG welding methods. Strong and\",\"breadcrumb\":{\"@id\":\"https:\/\/www.vyprachticky.cz\/en\/welding\/#breadcrumb\"},\"inLanguage\":\"en-US\",\"potentialAction\":[{\"@type\":\"ReadAction\",\"target\":[\"https:\/\/www.vyprachticky.cz\/en\/welding\/\"]}]},{\"@type\":\"ImageObject\",\"inLanguage\":\"en-US\",\"@id\":\"https:\/\/www.vyprachticky.cz\/en\/welding\/#primaryimage\",\"url\":\"https:\/\/www.vyprachticky.cz\/wp-content\/uploads\/2025\/04\/svarovani-02-1024x681.jpg\",\"contentUrl\":\"https:\/\/www.vyprachticky.cz\/wp-content\/uploads\/2025\/04\/svarovani-02-1024x681.jpg\"},{\"@type\":\"BreadcrumbList\",\"@id\":\"https:\/\/www.vyprachticky.cz\/en\/welding\/#breadcrumb\",\"itemListElement\":[{\"@type\":\"ListItem\",\"position\":1,\"name\":\"\",\"item\":\"https:\/\/www.vyprachticky.cz\/en\/\"},{\"@type\":\"ListItem\",\"position\":2,\"name\":\"Engineering production\",\"item\":\"https:\/\/www.vyprachticky.cz\/en\/engineering-production\/\"},{\"@type\":\"ListItem\",\"position\":3,\"name\":\"Welding\"}]},{\"@type\":\"WebSite\",\"@id\":\"https:\/\/www.vyprachticky.cz\/#website\",\"url\":\"https:\/\/www.vyprachticky.cz\/\",\"name\":\"V\u00ddPRACHTICK\u00dd s.r.o.\",\"description\":\"Stroj\u00edrensk\u00e1 a z\u00e1me\u010dnick\u00e1 v\u00fdroba\",\"publisher\":{\"@id\":\"https:\/\/www.vyprachticky.cz\/#organization\"},\"potentialAction\":[{\"@type\":\"SearchAction\",\"target\":{\"@type\":\"EntryPoint\",\"urlTemplate\":\"https:\/\/www.vyprachticky.cz\/?s={search_term_string}\"},\"query-input\":{\"@type\":\"PropertyValueSpecification\",\"valueRequired\":true,\"valueName\":\"search_term_string\"}}],\"inLanguage\":\"en-US\"},{\"@type\":\"Organization\",\"@id\":\"https:\/\/www.vyprachticky.cz\/#organization\",\"name\":\"V\u00ddPRACHTICK\u00dd s.r.o.\",\"url\":\"https:\/\/www.vyprachticky.cz\/\",\"logo\":{\"@type\":\"ImageObject\",\"inLanguage\":\"en-US\",\"@id\":\"https:\/\/www.vyprachticky.cz\/#\/schema\/logo\/image\/\",\"url\":\"https:\/\/www.vyprachticky.cz\/wp-content\/uploads\/2016\/12\/logo-fb.png\",\"contentUrl\":\"https:\/\/www.vyprachticky.cz\/wp-content\/uploads\/2016\/12\/logo-fb.png\",\"width\":800,\"height\":420,\"caption\":\"V\u00ddPRACHTICK\u00dd s.r.o.\"},\"image\":{\"@id\":\"https:\/\/www.vyprachticky.cz\/#\/schema\/logo\/image\/\"}}]}<\/script>\n<!-- \/ Yoast SEO plugin. -->","yoast_head_json":{"title":"Welding - V\u00ddPRACHTICK\u00dd s.r.o.","description":"We weld steel, stainless steel and also aluminium. For this purpose, we use KEMPI welders in case of TIG - WIG and MIG - MAG welding methods. Strong and","robots":{"index":"index","follow":"follow","max-snippet":"max-snippet:-1","max-image-preview":"max-image-preview:large","max-video-preview":"max-video-preview:-1"},"canonical":"https:\/\/www.vyprachticky.cz\/en\/welding\/","og_locale":"en_US","og_type":"article","og_title":"Welding - V\u00ddPRACHTICK\u00dd s.r.o.","og_description":"We weld steel, stainless steel and also aluminium. For this purpose, we use KEMPI welders in case of TIG - WIG and MIG - MAG welding methods. Strong and","og_url":"https:\/\/www.vyprachticky.cz\/en\/welding\/","og_site_name":"V\u00ddPRACHTICK\u00dd s.r.o.","article_modified_time":"2025-04-08T08:17:07+00:00","og_image":[{"width":1200,"height":798,"url":"https:\/\/www.vyprachticky.cz\/wp-content\/uploads\/2025\/04\/svarovani-02.jpg","type":"image\/jpeg"}],"twitter_card":"summary_large_image","twitter_misc":{"Est. reading time":"2 minutes"},"schema":{"@context":"https:\/\/schema.org","@graph":[{"@type":"WebPage","@id":"https:\/\/www.vyprachticky.cz\/en\/welding\/","url":"https:\/\/www.vyprachticky.cz\/en\/welding\/","name":"Welding - V\u00ddPRACHTICK\u00dd s.r.o.","isPartOf":{"@id":"https:\/\/www.vyprachticky.cz\/#website"},"primaryImageOfPage":{"@id":"https:\/\/www.vyprachticky.cz\/en\/welding\/#primaryimage"},"image":{"@id":"https:\/\/www.vyprachticky.cz\/en\/welding\/#primaryimage"},"thumbnailUrl":"https:\/\/www.vyprachticky.cz\/wp-content\/uploads\/2025\/04\/svarovani-02-1024x681.jpg","datePublished":"2017-08-11T10:20:29+00:00","dateModified":"2025-04-08T08:17:07+00:00","description":"We weld steel, stainless steel and also aluminium. For this purpose, we use KEMPI welders in case of TIG - WIG and MIG - MAG welding methods. Strong and","breadcrumb":{"@id":"https:\/\/www.vyprachticky.cz\/en\/welding\/#breadcrumb"},"inLanguage":"en-US","potentialAction":[{"@type":"ReadAction","target":["https:\/\/www.vyprachticky.cz\/en\/welding\/"]}]},{"@type":"ImageObject","inLanguage":"en-US","@id":"https:\/\/www.vyprachticky.cz\/en\/welding\/#primaryimage","url":"https:\/\/www.vyprachticky.cz\/wp-content\/uploads\/2025\/04\/svarovani-02-1024x681.jpg","contentUrl":"https:\/\/www.vyprachticky.cz\/wp-content\/uploads\/2025\/04\/svarovani-02-1024x681.jpg"},{"@type":"BreadcrumbList","@id":"https:\/\/www.vyprachticky.cz\/en\/welding\/#breadcrumb","itemListElement":[{"@type":"ListItem","position":1,"name":"","item":"https:\/\/www.vyprachticky.cz\/en\/"},{"@type":"ListItem","position":2,"name":"Engineering production","item":"https:\/\/www.vyprachticky.cz\/en\/engineering-production\/"},{"@type":"ListItem","position":3,"name":"Welding"}]},{"@type":"WebSite","@id":"https:\/\/www.vyprachticky.cz\/#website","url":"https:\/\/www.vyprachticky.cz\/","name":"V\u00ddPRACHTICK\u00dd s.r.o.","description":"Stroj\u00edrensk\u00e1 a z\u00e1me\u010dnick\u00e1 v\u00fdroba","publisher":{"@id":"https:\/\/www.vyprachticky.cz\/#organization"},"potentialAction":[{"@type":"SearchAction","target":{"@type":"EntryPoint","urlTemplate":"https:\/\/www.vyprachticky.cz\/?s={search_term_string}"},"query-input":{"@type":"PropertyValueSpecification","valueRequired":true,"valueName":"search_term_string"}}],"inLanguage":"en-US"},{"@type":"Organization","@id":"https:\/\/www.vyprachticky.cz\/#organization","name":"V\u00ddPRACHTICK\u00dd s.r.o.","url":"https:\/\/www.vyprachticky.cz\/","logo":{"@type":"ImageObject","inLanguage":"en-US","@id":"https:\/\/www.vyprachticky.cz\/#\/schema\/logo\/image\/","url":"https:\/\/www.vyprachticky.cz\/wp-content\/uploads\/2016\/12\/logo-fb.png","contentUrl":"https:\/\/www.vyprachticky.cz\/wp-content\/uploads\/2016\/12\/logo-fb.png","width":800,"height":420,"caption":"V\u00ddPRACHTICK\u00dd s.r.o."},"image":{"@id":"https:\/\/www.vyprachticky.cz\/#\/schema\/logo\/image\/"}}]}},"_links":{"self":[{"href":"https:\/\/www.vyprachticky.cz\/en\/wp-json\/wp\/v2\/pages\/392","targetHints":{"allow":["GET"]}}],"collection":[{"href":"https:\/\/www.vyprachticky.cz\/en\/wp-json\/wp\/v2\/pages"}],"about":[{"href":"https:\/\/www.vyprachticky.cz\/en\/wp-json\/wp\/v2\/types\/page"}],"author":[{"embeddable":true,"href":"https:\/\/www.vyprachticky.cz\/en\/wp-json\/wp\/v2\/users\/1"}],"replies":[{"embeddable":true,"href":"https:\/\/www.vyprachticky.cz\/en\/wp-json\/wp\/v2\/comments?post=392"}],"version-history":[{"count":5,"href":"https:\/\/www.vyprachticky.cz\/en\/wp-json\/wp\/v2\/pages\/392\/revisions"}],"predecessor-version":[{"id":1778,"href":"https:\/\/www.vyprachticky.cz\/en\/wp-json\/wp\/v2\/pages\/392\/revisions\/1778"}],"up":[{"embeddable":true,"href":"https:\/\/www.vyprachticky.cz\/en\/wp-json\/wp\/v2\/pages\/368"}],"wp:attachment":[{"href":"https:\/\/www.vyprachticky.cz\/en\/wp-json\/wp\/v2\/media?parent=392"}],"curies":[{"name":"wp","href":"https:\/\/api.w.org\/{rel}","templated":true}]}}