{"id":396,"date":"2017-08-11T12:21:33","date_gmt":"2017-08-11T10:21:33","guid":{"rendered":"https:\/\/www.vyprachticky.cz\/?page_id=396\/"},"modified":"2025-04-07T10:43:51","modified_gmt":"2025-04-07T08:43:51","slug":"coating","status":"publish","type":"page","link":"https:\/\/www.vyprachticky.cz\/en\/coating\/","title":{"rendered":"Coating"},"content":{"rendered":"<p class=\"odstavecUvodnik\">In cooperation with our partners, we can arrange <strong>galvanic and heat electroplating of any parts, powder paint coating<\/strong> (komaxit) and also standard painting.<\/p>\n<p><img loading=\"lazy\" decoding=\"async\" src=\"https:\/\/www.vyprachticky.cz\/wp-content\/uploads\/2017\/07\/povrchova-uprava.jpg\" alt=\"Coating\" width=\"613\" height=\"199\" class=\"img-thumbnail img-responsive alignnone size-full wp-image-229 center-block\" srcset=\"https:\/\/www.vyprachticky.cz\/wp-content\/uploads\/2017\/07\/povrchova-uprava.jpg 613w, https:\/\/www.vyprachticky.cz\/wp-content\/uploads\/2017\/07\/povrchova-uprava-300x97.jpg 300w\" sizes=\"auto, (max-width: 613px) 100vw, 613px\" \/><\/p>\n<div>&nbsp;<\/div>\n<p>A quality product deserves a&nbsp;quality finish. In cooperation with our trusted partners, we provide a&nbsp;wide range of <strong>surface treatments<\/strong> that protect your components and give them a&nbsp;professional appearance.<\/p>\n<p>We offer:<\/p>\n<ul class=\"wp-block-list\">\n<li><strong>Electro-galvanizing<\/strong> \u2013 for uniform and effective corrosion protection,<\/li>\n<li><strong>Hot-dip galvanizing<\/strong> \u2013 ideal for outdoor use and high resistance in demanding environments,<\/li>\n<li><strong>Powder coating (Komaxit)<\/strong> \u2013 durable and aesthetic coating available in a&nbsp;wide range of colors,<\/li>\n<li><strong>Wet painting<\/strong> \u2013 a&nbsp;flexible solution for specific requirements and fine details.<\/li>\n<\/ul>\n<p>\nThanks to close cooperation with our partners, we guarantee <strong>high quality<\/strong>, <strong>reliability<\/strong>, and <strong>on-time delivery<\/strong>. We handle the coordination of surface treatments for you \u2013 saving you the hassle of searching for additional suppliers.\n<\/p>\n<p class=\"odstavecDulezite\">\n\u2714\ufe0f Complete service from a&nbsp;single provider<br \/>\n\u2714\ufe0f High quality and precise workmanship<br \/>\n\u2714\ufe0f Flexible solutions tailored to your needs\n<\/p>\n<p class=\"odstavecUvodnik\">\nWe\u2019ll be happy to prepare a&nbsp;custom offer for you \u2013 <a href=\"https:\/\/www.vyprachticky.cz\/en\/contact\/\">feel free to contact us<\/a>!<\/p>\n","protected":false},"excerpt":{"rendered":"<p>In cooperation with our partners, we can arrange galvanic and heat electroplating of any parts, powder paint coating (komaxit) and also standard painting. &nbsp; A&nbsp;quality product deserves a&nbsp;quality finish. In cooperation with our trusted partners, we provide a&nbsp;wide range of surface treatments that protect your components and give them a&nbsp;professional appearance. We offer: Electro-galvanizing &hellip;<\/p>\n","protected":false},"author":1,"featured_media":0,"parent":368,"menu_order":0,"comment_status":"closed","ping_status":"closed","template":"page-templates\/pravy-sloupec.php","meta":{"footnotes":""},"class_list":["post-396","page","type-page","status-publish","hentry"],"yoast_head":"<!-- This site is optimized with the Yoast SEO plugin v26.9 - https:\/\/yoast.com\/product\/yoast-seo-wordpress\/ -->\n<title>Coating - V\u00ddPRACHTICK\u00dd s.r.o.<\/title>\n<meta name=\"description\" content=\"In cooperation with our partners, we can arrange galvanic and heat electroplating of any parts, powder paint coating (komaxit) and also standard\" \/>\n<meta name=\"robots\" content=\"index, follow, max-snippet:-1, max-image-preview:large, max-video-preview:-1\" \/>\n<link rel=\"canonical\" href=\"https:\/\/www.vyprachticky.cz\/en\/coating\/\" \/>\n<meta property=\"og:locale\" content=\"en_US\" \/>\n<meta property=\"og:type\" content=\"article\" \/>\n<meta property=\"og:title\" content=\"Coating - V\u00ddPRACHTICK\u00dd s.r.o.\" \/>\n<meta property=\"og:description\" content=\"In cooperation with our partners, we can arrange galvanic and heat electroplating of any parts, powder paint coating (komaxit) and also standard\" \/>\n<meta property=\"og:url\" content=\"https:\/\/www.vyprachticky.cz\/en\/coating\/\" \/>\n<meta property=\"og:site_name\" content=\"V\u00ddPRACHTICK\u00dd s.r.o.\" \/>\n<meta property=\"article:modified_time\" content=\"2025-04-07T08:43:51+00:00\" \/>\n<meta property=\"og:image\" content=\"https:\/\/www.vyprachticky.cz\/wp-content\/uploads\/2017\/07\/povrchova-uprava.jpg\" \/>\n\t<meta property=\"og:image:width\" content=\"613\" \/>\n\t<meta property=\"og:image:height\" content=\"199\" \/>\n\t<meta property=\"og:image:type\" content=\"image\/jpeg\" \/>\n<meta name=\"twitter:card\" content=\"summary_large_image\" \/>\n<meta name=\"twitter:label1\" content=\"Est. reading time\" \/>\n\t<meta name=\"twitter:data1\" content=\"2 minutes\" \/>\n<script type=\"application\/ld+json\" class=\"yoast-schema-graph\">{\"@context\":\"https:\/\/schema.org\",\"@graph\":[{\"@type\":\"WebPage\",\"@id\":\"https:\/\/www.vyprachticky.cz\/en\/coating\/\",\"url\":\"https:\/\/www.vyprachticky.cz\/en\/coating\/\",\"name\":\"Coating - V\u00ddPRACHTICK\u00dd s.r.o.\",\"isPartOf\":{\"@id\":\"https:\/\/www.vyprachticky.cz\/#website\"},\"primaryImageOfPage\":{\"@id\":\"https:\/\/www.vyprachticky.cz\/en\/coating\/#primaryimage\"},\"image\":{\"@id\":\"https:\/\/www.vyprachticky.cz\/en\/coating\/#primaryimage\"},\"thumbnailUrl\":\"https:\/\/www.vyprachticky.cz\/wp-content\/uploads\/2017\/07\/povrchova-uprava.jpg\",\"datePublished\":\"2017-08-11T10:21:33+00:00\",\"dateModified\":\"2025-04-07T08:43:51+00:00\",\"description\":\"In cooperation with our partners, we can arrange galvanic and heat electroplating of any parts, powder paint coating (komaxit) and also standard\",\"breadcrumb\":{\"@id\":\"https:\/\/www.vyprachticky.cz\/en\/coating\/#breadcrumb\"},\"inLanguage\":\"en-US\",\"potentialAction\":[{\"@type\":\"ReadAction\",\"target\":[\"https:\/\/www.vyprachticky.cz\/en\/coating\/\"]}]},{\"@type\":\"ImageObject\",\"inLanguage\":\"en-US\",\"@id\":\"https:\/\/www.vyprachticky.cz\/en\/coating\/#primaryimage\",\"url\":\"https:\/\/www.vyprachticky.cz\/wp-content\/uploads\/2017\/07\/povrchova-uprava.jpg\",\"contentUrl\":\"https:\/\/www.vyprachticky.cz\/wp-content\/uploads\/2017\/07\/povrchova-uprava.jpg\"},{\"@type\":\"BreadcrumbList\",\"@id\":\"https:\/\/www.vyprachticky.cz\/en\/coating\/#breadcrumb\",\"itemListElement\":[{\"@type\":\"ListItem\",\"position\":1,\"name\":\"\",\"item\":\"https:\/\/www.vyprachticky.cz\/en\/\"},{\"@type\":\"ListItem\",\"position\":2,\"name\":\"Engineering production\",\"item\":\"https:\/\/www.vyprachticky.cz\/en\/engineering-production\/\"},{\"@type\":\"ListItem\",\"position\":3,\"name\":\"Coating\"}]},{\"@type\":\"WebSite\",\"@id\":\"https:\/\/www.vyprachticky.cz\/#website\",\"url\":\"https:\/\/www.vyprachticky.cz\/\",\"name\":\"V\u00ddPRACHTICK\u00dd s.r.o.\",\"description\":\"Stroj\u00edrensk\u00e1 a z\u00e1me\u010dnick\u00e1 v\u00fdroba\",\"publisher\":{\"@id\":\"https:\/\/www.vyprachticky.cz\/#organization\"},\"potentialAction\":[{\"@type\":\"SearchAction\",\"target\":{\"@type\":\"EntryPoint\",\"urlTemplate\":\"https:\/\/www.vyprachticky.cz\/?s={search_term_string}\"},\"query-input\":{\"@type\":\"PropertyValueSpecification\",\"valueRequired\":true,\"valueName\":\"search_term_string\"}}],\"inLanguage\":\"en-US\"},{\"@type\":\"Organization\",\"@id\":\"https:\/\/www.vyprachticky.cz\/#organization\",\"name\":\"V\u00ddPRACHTICK\u00dd s.r.o.\",\"url\":\"https:\/\/www.vyprachticky.cz\/\",\"logo\":{\"@type\":\"ImageObject\",\"inLanguage\":\"en-US\",\"@id\":\"https:\/\/www.vyprachticky.cz\/#\/schema\/logo\/image\/\",\"url\":\"https:\/\/www.vyprachticky.cz\/wp-content\/uploads\/2016\/12\/logo-fb.png\",\"contentUrl\":\"https:\/\/www.vyprachticky.cz\/wp-content\/uploads\/2016\/12\/logo-fb.png\",\"width\":800,\"height\":420,\"caption\":\"V\u00ddPRACHTICK\u00dd s.r.o.\"},\"image\":{\"@id\":\"https:\/\/www.vyprachticky.cz\/#\/schema\/logo\/image\/\"}}]}<\/script>\n<!-- \/ Yoast SEO plugin. -->","yoast_head_json":{"title":"Coating - V\u00ddPRACHTICK\u00dd s.r.o.","description":"In cooperation with our partners, we can arrange galvanic and heat electroplating of any parts, powder paint coating (komaxit) and also standard","robots":{"index":"index","follow":"follow","max-snippet":"max-snippet:-1","max-image-preview":"max-image-preview:large","max-video-preview":"max-video-preview:-1"},"canonical":"https:\/\/www.vyprachticky.cz\/en\/coating\/","og_locale":"en_US","og_type":"article","og_title":"Coating - V\u00ddPRACHTICK\u00dd s.r.o.","og_description":"In cooperation with our partners, we can arrange galvanic and heat electroplating of any parts, powder paint coating (komaxit) and also standard","og_url":"https:\/\/www.vyprachticky.cz\/en\/coating\/","og_site_name":"V\u00ddPRACHTICK\u00dd s.r.o.","article_modified_time":"2025-04-07T08:43:51+00:00","og_image":[{"width":613,"height":199,"url":"https:\/\/www.vyprachticky.cz\/wp-content\/uploads\/2017\/07\/povrchova-uprava.jpg","type":"image\/jpeg"}],"twitter_card":"summary_large_image","twitter_misc":{"Est. reading time":"2 minutes"},"schema":{"@context":"https:\/\/schema.org","@graph":[{"@type":"WebPage","@id":"https:\/\/www.vyprachticky.cz\/en\/coating\/","url":"https:\/\/www.vyprachticky.cz\/en\/coating\/","name":"Coating - V\u00ddPRACHTICK\u00dd s.r.o.","isPartOf":{"@id":"https:\/\/www.vyprachticky.cz\/#website"},"primaryImageOfPage":{"@id":"https:\/\/www.vyprachticky.cz\/en\/coating\/#primaryimage"},"image":{"@id":"https:\/\/www.vyprachticky.cz\/en\/coating\/#primaryimage"},"thumbnailUrl":"https:\/\/www.vyprachticky.cz\/wp-content\/uploads\/2017\/07\/povrchova-uprava.jpg","datePublished":"2017-08-11T10:21:33+00:00","dateModified":"2025-04-07T08:43:51+00:00","description":"In cooperation with our partners, we can arrange galvanic and heat electroplating of any parts, powder paint coating (komaxit) and also standard","breadcrumb":{"@id":"https:\/\/www.vyprachticky.cz\/en\/coating\/#breadcrumb"},"inLanguage":"en-US","potentialAction":[{"@type":"ReadAction","target":["https:\/\/www.vyprachticky.cz\/en\/coating\/"]}]},{"@type":"ImageObject","inLanguage":"en-US","@id":"https:\/\/www.vyprachticky.cz\/en\/coating\/#primaryimage","url":"https:\/\/www.vyprachticky.cz\/wp-content\/uploads\/2017\/07\/povrchova-uprava.jpg","contentUrl":"https:\/\/www.vyprachticky.cz\/wp-content\/uploads\/2017\/07\/povrchova-uprava.jpg"},{"@type":"BreadcrumbList","@id":"https:\/\/www.vyprachticky.cz\/en\/coating\/#breadcrumb","itemListElement":[{"@type":"ListItem","position":1,"name":"","item":"https:\/\/www.vyprachticky.cz\/en\/"},{"@type":"ListItem","position":2,"name":"Engineering production","item":"https:\/\/www.vyprachticky.cz\/en\/engineering-production\/"},{"@type":"ListItem","position":3,"name":"Coating"}]},{"@type":"WebSite","@id":"https:\/\/www.vyprachticky.cz\/#website","url":"https:\/\/www.vyprachticky.cz\/","name":"V\u00ddPRACHTICK\u00dd s.r.o.","description":"Stroj\u00edrensk\u00e1 a z\u00e1me\u010dnick\u00e1 v\u00fdroba","publisher":{"@id":"https:\/\/www.vyprachticky.cz\/#organization"},"potentialAction":[{"@type":"SearchAction","target":{"@type":"EntryPoint","urlTemplate":"https:\/\/www.vyprachticky.cz\/?s={search_term_string}"},"query-input":{"@type":"PropertyValueSpecification","valueRequired":true,"valueName":"search_term_string"}}],"inLanguage":"en-US"},{"@type":"Organization","@id":"https:\/\/www.vyprachticky.cz\/#organization","name":"V\u00ddPRACHTICK\u00dd s.r.o.","url":"https:\/\/www.vyprachticky.cz\/","logo":{"@type":"ImageObject","inLanguage":"en-US","@id":"https:\/\/www.vyprachticky.cz\/#\/schema\/logo\/image\/","url":"https:\/\/www.vyprachticky.cz\/wp-content\/uploads\/2016\/12\/logo-fb.png","contentUrl":"https:\/\/www.vyprachticky.cz\/wp-content\/uploads\/2016\/12\/logo-fb.png","width":800,"height":420,"caption":"V\u00ddPRACHTICK\u00dd s.r.o."},"image":{"@id":"https:\/\/www.vyprachticky.cz\/#\/schema\/logo\/image\/"}}]}},"_links":{"self":[{"href":"https:\/\/www.vyprachticky.cz\/en\/wp-json\/wp\/v2\/pages\/396","targetHints":{"allow":["GET"]}}],"collection":[{"href":"https:\/\/www.vyprachticky.cz\/en\/wp-json\/wp\/v2\/pages"}],"about":[{"href":"https:\/\/www.vyprachticky.cz\/en\/wp-json\/wp\/v2\/types\/page"}],"author":[{"embeddable":true,"href":"https:\/\/www.vyprachticky.cz\/en\/wp-json\/wp\/v2\/users\/1"}],"replies":[{"embeddable":true,"href":"https:\/\/www.vyprachticky.cz\/en\/wp-json\/wp\/v2\/comments?post=396"}],"version-history":[{"count":5,"href":"https:\/\/www.vyprachticky.cz\/en\/wp-json\/wp\/v2\/pages\/396\/revisions"}],"predecessor-version":[{"id":1752,"href":"https:\/\/www.vyprachticky.cz\/en\/wp-json\/wp\/v2\/pages\/396\/revisions\/1752"}],"up":[{"embeddable":true,"href":"https:\/\/www.vyprachticky.cz\/en\/wp-json\/wp\/v2\/pages\/368"}],"wp:attachment":[{"href":"https:\/\/www.vyprachticky.cz\/en\/wp-json\/wp\/v2\/media?parent=396"}],"curies":[{"name":"wp","href":"https:\/\/api.w.org\/{rel}","templated":true}]}}