{"id":402,"date":"2017-08-11T12:23:04","date_gmt":"2017-08-11T10:23:04","guid":{"rendered":"https:\/\/www.vyprachticky.cz\/?page_id=402\/"},"modified":"2025-04-08T10:27:10","modified_gmt":"2025-04-08T08:27:10","slug":"assembly","status":"publish","type":"page","link":"https:\/\/www.vyprachticky.cz\/en\/assembly\/","title":{"rendered":"Assembly"},"content":{"rendered":"<p class=\"odstavecUvodnik\">Complete production of complete sets and systems according to the requirements of our customers in small, medium and high-volume series.<\/p>\n<div class=\"row\">\n<div class=\"col-sm-3\">\n\t<a href=\"https:\/\/www.vyprachticky.cz\/wp-content\/uploads\/2025\/04\/kompletace-01.jpg\" rel=\"1\" title=\"Assembly\" class=\"thumbnail\"><img loading=\"lazy\" decoding=\"async\" src=\"https:\/\/www.vyprachticky.cz\/wp-content\/uploads\/2025\/04\/kompletace-01-300x200.jpg\" alt=\"Assembly\" width=\"315\" height=\"193\" class=\"alignnone size-full wp-image-1762\" \/><\/a>\n\t<\/div>\n<div class=\"col-sm-3\">\n\t<a href=\"https:\/\/www.vyprachticky.cz\/wp-content\/uploads\/2025\/04\/kompletace-02.jpg\" rel=\"1\" title=\"Assembly\" class=\"thumbnail\"><img loading=\"lazy\" decoding=\"async\" src=\"https:\/\/www.vyprachticky.cz\/wp-content\/uploads\/2025\/04\/kompletace-02-300x200.jpg\" alt=\"Assembly\" width=\"315\" height=\"193\" class=\"alignnone size-full wp-image-1759\" \/><\/a>\n\t<\/div>\n<div class=\"col-sm-3\">\n\t<a href=\"https:\/\/www.vyprachticky.cz\/wp-content\/uploads\/2025\/04\/kompletace-03.jpg\" rel=\"1\" title=\"Assembly\" class=\"thumbnail\"><img loading=\"lazy\" decoding=\"async\" src=\"https:\/\/www.vyprachticky.cz\/wp-content\/uploads\/2025\/04\/kompletace-03-300x200.jpg\" alt=\"Assembly\" width=\"315\" height=\"193\" class=\"alignnone size-full wp-image-1756\" \/><\/a>\n\t<\/div>\n<div class=\"col-sm-3\">\n\t<a href=\"https:\/\/www.vyprachticky.cz\/wp-content\/uploads\/2025\/04\/kompletace-04.jpg\" rel=\"1\" title=\"Assembly\" class=\"thumbnail\"><img loading=\"lazy\" decoding=\"async\" src=\"https:\/\/www.vyprachticky.cz\/wp-content\/uploads\/2025\/04\/kompletace-04-300x200.jpg\" alt=\"Assembly\" width=\"315\" height=\"193\" class=\"alignnone size-full wp-image-1753\" \/><\/a>\n\t<\/div>\n<\/div>\n<h2>\nComplete Assemblies<br \/>\n<\/h2>\n<p>We\u2019re not just manufacturers \u2013 we\u2019re your partner for complete solutions. In addition to precise engineering production, we also offer <strong>full assembly of final products<\/strong>, delivering a&nbsp;finished, fully functional item ready for immediate use.<\/p>\n<p>We provide assembly of components into complete units, including:<\/p>\n<ul class=\"wp-block-list\">\n<li><strong>mechanical assemblies,<\/strong><\/li>\n<li><strong>electrical installations,<\/strong><\/li>\n<li><strong>functional testing according to specifications,<\/strong><\/li>\n<li><strong>packaging and preparation for shipping.<\/strong><\/li>\n<\/ul>\n<p>\nBy working with us, you gain not only high-quality components but also <strong>save time and logistics costs<\/strong>, as the final assembly takes place directly at our facility. This eliminates the need to coordinate multiple suppliers.\n<\/p>\n<p class=\"odstavecDulezite\">\n\u2714\ufe0f One supplier<br \/>\n\u2714\ufe0f One responsible partner<br \/>\n\u2714\ufe0f One complete product\n<\/p>\n<p class=\"odstavecUvodnik\">\n<a href=\"https:\/\/www.vyprachticky.cz\/en\/contact\/\">Contact us<\/a> and find out how we can support the complete realization of your project.<\/p>\n","protected":false},"excerpt":{"rendered":"<p>Complete production of complete sets and systems according to the requirements of our customers in small, medium and high-volume series. Complete Assemblies We\u2019re not just manufacturers \u2013 we\u2019re your partner for complete solutions. In addition to precise engineering production, we also offer full assembly of final products, delivering a&nbsp;finished, fully functional item ready for immediate &hellip;<\/p>\n","protected":false},"author":1,"featured_media":0,"parent":368,"menu_order":0,"comment_status":"closed","ping_status":"closed","template":"page-templates\/pravy-sloupec.php","meta":{"footnotes":""},"class_list":["post-402","page","type-page","status-publish","hentry"],"yoast_head":"<!-- This site is optimized with the Yoast SEO plugin v26.9 - https:\/\/yoast.com\/product\/yoast-seo-wordpress\/ -->\n<title>Assembly - V\u00ddPRACHTICK\u00dd s.r.o.<\/title>\n<meta name=\"description\" content=\"Complete production of complete sets and systems according to the requirements of our customers in small, medium and high-volume series. Complete\" \/>\n<meta name=\"robots\" content=\"index, follow, max-snippet:-1, max-image-preview:large, max-video-preview:-1\" \/>\n<link rel=\"canonical\" href=\"https:\/\/www.vyprachticky.cz\/en\/assembly\/\" \/>\n<meta property=\"og:locale\" content=\"en_US\" \/>\n<meta property=\"og:type\" content=\"article\" \/>\n<meta property=\"og:title\" content=\"Assembly - V\u00ddPRACHTICK\u00dd s.r.o.\" \/>\n<meta property=\"og:description\" content=\"Complete production of complete sets and systems according to the requirements of our customers in small, medium and high-volume series. Complete\" \/>\n<meta property=\"og:url\" content=\"https:\/\/www.vyprachticky.cz\/en\/assembly\/\" \/>\n<meta property=\"og:site_name\" content=\"V\u00ddPRACHTICK\u00dd s.r.o.\" \/>\n<meta property=\"article:modified_time\" content=\"2025-04-08T08:27:10+00:00\" \/>\n<meta property=\"og:image\" content=\"https:\/\/www.vyprachticky.cz\/wp-content\/uploads\/2025\/04\/kompletace-01.jpg\" \/>\n\t<meta property=\"og:image:width\" content=\"1200\" \/>\n\t<meta property=\"og:image:height\" content=\"798\" \/>\n\t<meta property=\"og:image:type\" content=\"image\/jpeg\" \/>\n<meta name=\"twitter:card\" content=\"summary_large_image\" \/>\n<meta name=\"twitter:label1\" content=\"Est. reading time\" \/>\n\t<meta name=\"twitter:data1\" content=\"1 minute\" \/>\n<script type=\"application\/ld+json\" class=\"yoast-schema-graph\">{\"@context\":\"https:\/\/schema.org\",\"@graph\":[{\"@type\":\"WebPage\",\"@id\":\"https:\/\/www.vyprachticky.cz\/en\/assembly\/\",\"url\":\"https:\/\/www.vyprachticky.cz\/en\/assembly\/\",\"name\":\"Assembly - V\u00ddPRACHTICK\u00dd s.r.o.\",\"isPartOf\":{\"@id\":\"https:\/\/www.vyprachticky.cz\/#website\"},\"primaryImageOfPage\":{\"@id\":\"https:\/\/www.vyprachticky.cz\/en\/assembly\/#primaryimage\"},\"image\":{\"@id\":\"https:\/\/www.vyprachticky.cz\/en\/assembly\/#primaryimage\"},\"thumbnailUrl\":\"https:\/\/www.vyprachticky.cz\/wp-content\/uploads\/2025\/04\/kompletace-01-300x200.jpg\",\"datePublished\":\"2017-08-11T10:23:04+00:00\",\"dateModified\":\"2025-04-08T08:27:10+00:00\",\"description\":\"Complete production of complete sets and systems according to the requirements of our customers in small, medium and high-volume series. Complete\",\"breadcrumb\":{\"@id\":\"https:\/\/www.vyprachticky.cz\/en\/assembly\/#breadcrumb\"},\"inLanguage\":\"en-US\",\"potentialAction\":[{\"@type\":\"ReadAction\",\"target\":[\"https:\/\/www.vyprachticky.cz\/en\/assembly\/\"]}]},{\"@type\":\"ImageObject\",\"inLanguage\":\"en-US\",\"@id\":\"https:\/\/www.vyprachticky.cz\/en\/assembly\/#primaryimage\",\"url\":\"https:\/\/www.vyprachticky.cz\/wp-content\/uploads\/2025\/04\/kompletace-01-300x200.jpg\",\"contentUrl\":\"https:\/\/www.vyprachticky.cz\/wp-content\/uploads\/2025\/04\/kompletace-01-300x200.jpg\"},{\"@type\":\"BreadcrumbList\",\"@id\":\"https:\/\/www.vyprachticky.cz\/en\/assembly\/#breadcrumb\",\"itemListElement\":[{\"@type\":\"ListItem\",\"position\":1,\"name\":\"\",\"item\":\"https:\/\/www.vyprachticky.cz\/en\/\"},{\"@type\":\"ListItem\",\"position\":2,\"name\":\"Engineering production\",\"item\":\"https:\/\/www.vyprachticky.cz\/en\/engineering-production\/\"},{\"@type\":\"ListItem\",\"position\":3,\"name\":\"Assembly\"}]},{\"@type\":\"WebSite\",\"@id\":\"https:\/\/www.vyprachticky.cz\/#website\",\"url\":\"https:\/\/www.vyprachticky.cz\/\",\"name\":\"V\u00ddPRACHTICK\u00dd s.r.o.\",\"description\":\"Stroj\u00edrensk\u00e1 a z\u00e1me\u010dnick\u00e1 v\u00fdroba\",\"publisher\":{\"@id\":\"https:\/\/www.vyprachticky.cz\/#organization\"},\"potentialAction\":[{\"@type\":\"SearchAction\",\"target\":{\"@type\":\"EntryPoint\",\"urlTemplate\":\"https:\/\/www.vyprachticky.cz\/?s={search_term_string}\"},\"query-input\":{\"@type\":\"PropertyValueSpecification\",\"valueRequired\":true,\"valueName\":\"search_term_string\"}}],\"inLanguage\":\"en-US\"},{\"@type\":\"Organization\",\"@id\":\"https:\/\/www.vyprachticky.cz\/#organization\",\"name\":\"V\u00ddPRACHTICK\u00dd s.r.o.\",\"url\":\"https:\/\/www.vyprachticky.cz\/\",\"logo\":{\"@type\":\"ImageObject\",\"inLanguage\":\"en-US\",\"@id\":\"https:\/\/www.vyprachticky.cz\/#\/schema\/logo\/image\/\",\"url\":\"https:\/\/www.vyprachticky.cz\/wp-content\/uploads\/2016\/12\/logo-fb.png\",\"contentUrl\":\"https:\/\/www.vyprachticky.cz\/wp-content\/uploads\/2016\/12\/logo-fb.png\",\"width\":800,\"height\":420,\"caption\":\"V\u00ddPRACHTICK\u00dd s.r.o.\"},\"image\":{\"@id\":\"https:\/\/www.vyprachticky.cz\/#\/schema\/logo\/image\/\"}}]}<\/script>\n<!-- \/ Yoast SEO plugin. -->","yoast_head_json":{"title":"Assembly - V\u00ddPRACHTICK\u00dd s.r.o.","description":"Complete production of complete sets and systems according to the requirements of our customers in small, medium and high-volume series. Complete","robots":{"index":"index","follow":"follow","max-snippet":"max-snippet:-1","max-image-preview":"max-image-preview:large","max-video-preview":"max-video-preview:-1"},"canonical":"https:\/\/www.vyprachticky.cz\/en\/assembly\/","og_locale":"en_US","og_type":"article","og_title":"Assembly - V\u00ddPRACHTICK\u00dd s.r.o.","og_description":"Complete production of complete sets and systems according to the requirements of our customers in small, medium and high-volume series. Complete","og_url":"https:\/\/www.vyprachticky.cz\/en\/assembly\/","og_site_name":"V\u00ddPRACHTICK\u00dd s.r.o.","article_modified_time":"2025-04-08T08:27:10+00:00","og_image":[{"width":1200,"height":798,"url":"https:\/\/www.vyprachticky.cz\/wp-content\/uploads\/2025\/04\/kompletace-01.jpg","type":"image\/jpeg"}],"twitter_card":"summary_large_image","twitter_misc":{"Est. reading time":"1 minute"},"schema":{"@context":"https:\/\/schema.org","@graph":[{"@type":"WebPage","@id":"https:\/\/www.vyprachticky.cz\/en\/assembly\/","url":"https:\/\/www.vyprachticky.cz\/en\/assembly\/","name":"Assembly - V\u00ddPRACHTICK\u00dd s.r.o.","isPartOf":{"@id":"https:\/\/www.vyprachticky.cz\/#website"},"primaryImageOfPage":{"@id":"https:\/\/www.vyprachticky.cz\/en\/assembly\/#primaryimage"},"image":{"@id":"https:\/\/www.vyprachticky.cz\/en\/assembly\/#primaryimage"},"thumbnailUrl":"https:\/\/www.vyprachticky.cz\/wp-content\/uploads\/2025\/04\/kompletace-01-300x200.jpg","datePublished":"2017-08-11T10:23:04+00:00","dateModified":"2025-04-08T08:27:10+00:00","description":"Complete production of complete sets and systems according to the requirements of our customers in small, medium and high-volume series. Complete","breadcrumb":{"@id":"https:\/\/www.vyprachticky.cz\/en\/assembly\/#breadcrumb"},"inLanguage":"en-US","potentialAction":[{"@type":"ReadAction","target":["https:\/\/www.vyprachticky.cz\/en\/assembly\/"]}]},{"@type":"ImageObject","inLanguage":"en-US","@id":"https:\/\/www.vyprachticky.cz\/en\/assembly\/#primaryimage","url":"https:\/\/www.vyprachticky.cz\/wp-content\/uploads\/2025\/04\/kompletace-01-300x200.jpg","contentUrl":"https:\/\/www.vyprachticky.cz\/wp-content\/uploads\/2025\/04\/kompletace-01-300x200.jpg"},{"@type":"BreadcrumbList","@id":"https:\/\/www.vyprachticky.cz\/en\/assembly\/#breadcrumb","itemListElement":[{"@type":"ListItem","position":1,"name":"","item":"https:\/\/www.vyprachticky.cz\/en\/"},{"@type":"ListItem","position":2,"name":"Engineering production","item":"https:\/\/www.vyprachticky.cz\/en\/engineering-production\/"},{"@type":"ListItem","position":3,"name":"Assembly"}]},{"@type":"WebSite","@id":"https:\/\/www.vyprachticky.cz\/#website","url":"https:\/\/www.vyprachticky.cz\/","name":"V\u00ddPRACHTICK\u00dd s.r.o.","description":"Stroj\u00edrensk\u00e1 a z\u00e1me\u010dnick\u00e1 v\u00fdroba","publisher":{"@id":"https:\/\/www.vyprachticky.cz\/#organization"},"potentialAction":[{"@type":"SearchAction","target":{"@type":"EntryPoint","urlTemplate":"https:\/\/www.vyprachticky.cz\/?s={search_term_string}"},"query-input":{"@type":"PropertyValueSpecification","valueRequired":true,"valueName":"search_term_string"}}],"inLanguage":"en-US"},{"@type":"Organization","@id":"https:\/\/www.vyprachticky.cz\/#organization","name":"V\u00ddPRACHTICK\u00dd s.r.o.","url":"https:\/\/www.vyprachticky.cz\/","logo":{"@type":"ImageObject","inLanguage":"en-US","@id":"https:\/\/www.vyprachticky.cz\/#\/schema\/logo\/image\/","url":"https:\/\/www.vyprachticky.cz\/wp-content\/uploads\/2016\/12\/logo-fb.png","contentUrl":"https:\/\/www.vyprachticky.cz\/wp-content\/uploads\/2016\/12\/logo-fb.png","width":800,"height":420,"caption":"V\u00ddPRACHTICK\u00dd s.r.o."},"image":{"@id":"https:\/\/www.vyprachticky.cz\/#\/schema\/logo\/image\/"}}]}},"_links":{"self":[{"href":"https:\/\/www.vyprachticky.cz\/en\/wp-json\/wp\/v2\/pages\/402","targetHints":{"allow":["GET"]}}],"collection":[{"href":"https:\/\/www.vyprachticky.cz\/en\/wp-json\/wp\/v2\/pages"}],"about":[{"href":"https:\/\/www.vyprachticky.cz\/en\/wp-json\/wp\/v2\/types\/page"}],"author":[{"embeddable":true,"href":"https:\/\/www.vyprachticky.cz\/en\/wp-json\/wp\/v2\/users\/1"}],"replies":[{"embeddable":true,"href":"https:\/\/www.vyprachticky.cz\/en\/wp-json\/wp\/v2\/comments?post=402"}],"version-history":[{"count":5,"href":"https:\/\/www.vyprachticky.cz\/en\/wp-json\/wp\/v2\/pages\/402\/revisions"}],"predecessor-version":[{"id":1781,"href":"https:\/\/www.vyprachticky.cz\/en\/wp-json\/wp\/v2\/pages\/402\/revisions\/1781"}],"up":[{"embeddable":true,"href":"https:\/\/www.vyprachticky.cz\/en\/wp-json\/wp\/v2\/pages\/368"}],"wp:attachment":[{"href":"https:\/\/www.vyprachticky.cz\/en\/wp-json\/wp\/v2\/media?parent=402"}],"curies":[{"name":"wp","href":"https:\/\/api.w.org\/{rel}","templated":true}]}}