{"id":410,"date":"2017-08-11T12:27:52","date_gmt":"2017-08-11T10:27:52","guid":{"rendered":"https:\/\/www.vyprachticky.cz\/?page_id=410\/"},"modified":"2017-08-14T16:36:43","modified_gmt":"2017-08-14T14:36:43","slug":"locksmith-assembly","status":"publish","type":"page","link":"https:\/\/www.vyprachticky.cz\/en\/locksmith-assembly\/","title":{"rendered":"Assembly"},"content":{"rendered":"<p>Assembly is carried out by our experienced and trained workers. We&#8217;re supplying particularly in Prague and central and east Bohemia.<\/p>\n<div class=\"row\">\n<img loading=\"lazy\" decoding=\"async\" src=\"https:\/\/www.vyprachticky.cz\/wp-content\/uploads\/2017\/07\/montaz.jpg\" alt=\"Assembly\" width=\"613\" height=\"260\" class=\"img-thumbnail img-responsive alignnone size-full wp-image-242 center-block\" srcset=\"https:\/\/www.vyprachticky.cz\/wp-content\/uploads\/2017\/07\/montaz.jpg 613w, https:\/\/www.vyprachticky.cz\/wp-content\/uploads\/2017\/07\/montaz-300x127.jpg 300w\" sizes=\"auto, (max-width: 613px) 100vw, 613px\" \/>\n<\/div>\n","protected":false},"excerpt":{"rendered":"<p>Assembly is carried out by our experienced and trained workers. We&#8217;re supplying particularly in Prague and central and east Bohemia.<\/p>\n","protected":false},"author":1,"featured_media":0,"parent":412,"menu_order":0,"comment_status":"closed","ping_status":"closed","template":"","meta":{"footnotes":""},"class_list":["post-410","page","type-page","status-publish","hentry"],"yoast_head":"<!-- This site is optimized with the Yoast SEO plugin v26.9 - https:\/\/yoast.com\/product\/yoast-seo-wordpress\/ -->\n<title>Assembly - V\u00ddPRACHTICK\u00dd s.r.o.<\/title>\n<meta name=\"description\" content=\"Assembly is carried out by our experienced and trained workers. We&#039;re supplying particularly in Prague and central and east Bohemia.\" \/>\n<meta name=\"robots\" content=\"index, follow, max-snippet:-1, max-image-preview:large, max-video-preview:-1\" \/>\n<link rel=\"canonical\" href=\"https:\/\/www.vyprachticky.cz\/en\/locksmith-assembly\/\" \/>\n<meta property=\"og:locale\" content=\"en_US\" \/>\n<meta property=\"og:type\" content=\"article\" \/>\n<meta property=\"og:title\" content=\"Assembly - V\u00ddPRACHTICK\u00dd s.r.o.\" \/>\n<meta property=\"og:description\" content=\"Assembly is carried out by our experienced and trained workers. We&#039;re supplying particularly in Prague and central and east Bohemia.\" \/>\n<meta property=\"og:url\" content=\"https:\/\/www.vyprachticky.cz\/en\/locksmith-assembly\/\" \/>\n<meta property=\"og:site_name\" content=\"V\u00ddPRACHTICK\u00dd s.r.o.\" \/>\n<meta property=\"article:modified_time\" content=\"2017-08-14T14:36:43+00:00\" \/>\n<meta property=\"og:image\" content=\"https:\/\/www.vyprachticky.cz\/wp-content\/uploads\/2017\/07\/montaz.jpg\" \/>\n<meta name=\"twitter:card\" content=\"summary_large_image\" \/>\n<script type=\"application\/ld+json\" class=\"yoast-schema-graph\">{\"@context\":\"https:\/\/schema.org\",\"@graph\":[{\"@type\":\"WebPage\",\"@id\":\"https:\/\/www.vyprachticky.cz\/en\/locksmith-assembly\/\",\"url\":\"https:\/\/www.vyprachticky.cz\/en\/locksmith-assembly\/\",\"name\":\"Assembly - V\u00ddPRACHTICK\u00dd s.r.o.\",\"isPartOf\":{\"@id\":\"https:\/\/www.vyprachticky.cz\/#website\"},\"primaryImageOfPage\":{\"@id\":\"https:\/\/www.vyprachticky.cz\/en\/locksmith-assembly\/#primaryimage\"},\"image\":{\"@id\":\"https:\/\/www.vyprachticky.cz\/en\/locksmith-assembly\/#primaryimage\"},\"thumbnailUrl\":\"https:\/\/www.vyprachticky.cz\/wp-content\/uploads\/2017\/07\/montaz.jpg\",\"datePublished\":\"2017-08-11T10:27:52+00:00\",\"dateModified\":\"2017-08-14T14:36:43+00:00\",\"description\":\"Assembly is carried out by our experienced and trained workers. We're supplying particularly in Prague and central and east Bohemia.\",\"breadcrumb\":{\"@id\":\"https:\/\/www.vyprachticky.cz\/en\/locksmith-assembly\/#breadcrumb\"},\"inLanguage\":\"en-US\",\"potentialAction\":[{\"@type\":\"ReadAction\",\"target\":[\"https:\/\/www.vyprachticky.cz\/en\/locksmith-assembly\/\"]}]},{\"@type\":\"ImageObject\",\"inLanguage\":\"en-US\",\"@id\":\"https:\/\/www.vyprachticky.cz\/en\/locksmith-assembly\/#primaryimage\",\"url\":\"https:\/\/www.vyprachticky.cz\/wp-content\/uploads\/2017\/07\/montaz.jpg\",\"contentUrl\":\"https:\/\/www.vyprachticky.cz\/wp-content\/uploads\/2017\/07\/montaz.jpg\"},{\"@type\":\"BreadcrumbList\",\"@id\":\"https:\/\/www.vyprachticky.cz\/en\/locksmith-assembly\/#breadcrumb\",\"itemListElement\":[{\"@type\":\"ListItem\",\"position\":1,\"name\":\"\",\"item\":\"https:\/\/www.vyprachticky.cz\/en\/\"},{\"@type\":\"ListItem\",\"position\":2,\"name\":\"Locksmith Trade\",\"item\":\"https:\/\/www.vyprachticky.cz\/en\/locksmith-trade\/\"},{\"@type\":\"ListItem\",\"position\":3,\"name\":\"Assembly\"}]},{\"@type\":\"WebSite\",\"@id\":\"https:\/\/www.vyprachticky.cz\/#website\",\"url\":\"https:\/\/www.vyprachticky.cz\/\",\"name\":\"V\u00ddPRACHTICK\u00dd s.r.o.\",\"description\":\"Stroj\u00edrensk\u00e1 a z\u00e1me\u010dnick\u00e1 v\u00fdroba\",\"publisher\":{\"@id\":\"https:\/\/www.vyprachticky.cz\/#organization\"},\"potentialAction\":[{\"@type\":\"SearchAction\",\"target\":{\"@type\":\"EntryPoint\",\"urlTemplate\":\"https:\/\/www.vyprachticky.cz\/?s={search_term_string}\"},\"query-input\":{\"@type\":\"PropertyValueSpecification\",\"valueRequired\":true,\"valueName\":\"search_term_string\"}}],\"inLanguage\":\"en-US\"},{\"@type\":\"Organization\",\"@id\":\"https:\/\/www.vyprachticky.cz\/#organization\",\"name\":\"V\u00ddPRACHTICK\u00dd s.r.o.\",\"url\":\"https:\/\/www.vyprachticky.cz\/\",\"logo\":{\"@type\":\"ImageObject\",\"inLanguage\":\"en-US\",\"@id\":\"https:\/\/www.vyprachticky.cz\/#\/schema\/logo\/image\/\",\"url\":\"https:\/\/www.vyprachticky.cz\/wp-content\/uploads\/2016\/12\/logo-fb.png\",\"contentUrl\":\"https:\/\/www.vyprachticky.cz\/wp-content\/uploads\/2016\/12\/logo-fb.png\",\"width\":800,\"height\":420,\"caption\":\"V\u00ddPRACHTICK\u00dd s.r.o.\"},\"image\":{\"@id\":\"https:\/\/www.vyprachticky.cz\/#\/schema\/logo\/image\/\"}}]}<\/script>\n<!-- \/ Yoast SEO plugin. -->","yoast_head_json":{"title":"Assembly - V\u00ddPRACHTICK\u00dd s.r.o.","description":"Assembly is carried out by our experienced and trained workers. We're supplying particularly in Prague and central and east Bohemia.","robots":{"index":"index","follow":"follow","max-snippet":"max-snippet:-1","max-image-preview":"max-image-preview:large","max-video-preview":"max-video-preview:-1"},"canonical":"https:\/\/www.vyprachticky.cz\/en\/locksmith-assembly\/","og_locale":"en_US","og_type":"article","og_title":"Assembly - V\u00ddPRACHTICK\u00dd s.r.o.","og_description":"Assembly is carried out by our experienced and trained workers. We're supplying particularly in Prague and central and east Bohemia.","og_url":"https:\/\/www.vyprachticky.cz\/en\/locksmith-assembly\/","og_site_name":"V\u00ddPRACHTICK\u00dd s.r.o.","article_modified_time":"2017-08-14T14:36:43+00:00","og_image":[{"url":"https:\/\/www.vyprachticky.cz\/wp-content\/uploads\/2017\/07\/montaz.jpg","type":"","width":"","height":""}],"twitter_card":"summary_large_image","schema":{"@context":"https:\/\/schema.org","@graph":[{"@type":"WebPage","@id":"https:\/\/www.vyprachticky.cz\/en\/locksmith-assembly\/","url":"https:\/\/www.vyprachticky.cz\/en\/locksmith-assembly\/","name":"Assembly - V\u00ddPRACHTICK\u00dd s.r.o.","isPartOf":{"@id":"https:\/\/www.vyprachticky.cz\/#website"},"primaryImageOfPage":{"@id":"https:\/\/www.vyprachticky.cz\/en\/locksmith-assembly\/#primaryimage"},"image":{"@id":"https:\/\/www.vyprachticky.cz\/en\/locksmith-assembly\/#primaryimage"},"thumbnailUrl":"https:\/\/www.vyprachticky.cz\/wp-content\/uploads\/2017\/07\/montaz.jpg","datePublished":"2017-08-11T10:27:52+00:00","dateModified":"2017-08-14T14:36:43+00:00","description":"Assembly is carried out by our experienced and trained workers. We're supplying particularly in Prague and central and east Bohemia.","breadcrumb":{"@id":"https:\/\/www.vyprachticky.cz\/en\/locksmith-assembly\/#breadcrumb"},"inLanguage":"en-US","potentialAction":[{"@type":"ReadAction","target":["https:\/\/www.vyprachticky.cz\/en\/locksmith-assembly\/"]}]},{"@type":"ImageObject","inLanguage":"en-US","@id":"https:\/\/www.vyprachticky.cz\/en\/locksmith-assembly\/#primaryimage","url":"https:\/\/www.vyprachticky.cz\/wp-content\/uploads\/2017\/07\/montaz.jpg","contentUrl":"https:\/\/www.vyprachticky.cz\/wp-content\/uploads\/2017\/07\/montaz.jpg"},{"@type":"BreadcrumbList","@id":"https:\/\/www.vyprachticky.cz\/en\/locksmith-assembly\/#breadcrumb","itemListElement":[{"@type":"ListItem","position":1,"name":"","item":"https:\/\/www.vyprachticky.cz\/en\/"},{"@type":"ListItem","position":2,"name":"Locksmith Trade","item":"https:\/\/www.vyprachticky.cz\/en\/locksmith-trade\/"},{"@type":"ListItem","position":3,"name":"Assembly"}]},{"@type":"WebSite","@id":"https:\/\/www.vyprachticky.cz\/#website","url":"https:\/\/www.vyprachticky.cz\/","name":"V\u00ddPRACHTICK\u00dd s.r.o.","description":"Stroj\u00edrensk\u00e1 a z\u00e1me\u010dnick\u00e1 v\u00fdroba","publisher":{"@id":"https:\/\/www.vyprachticky.cz\/#organization"},"potentialAction":[{"@type":"SearchAction","target":{"@type":"EntryPoint","urlTemplate":"https:\/\/www.vyprachticky.cz\/?s={search_term_string}"},"query-input":{"@type":"PropertyValueSpecification","valueRequired":true,"valueName":"search_term_string"}}],"inLanguage":"en-US"},{"@type":"Organization","@id":"https:\/\/www.vyprachticky.cz\/#organization","name":"V\u00ddPRACHTICK\u00dd s.r.o.","url":"https:\/\/www.vyprachticky.cz\/","logo":{"@type":"ImageObject","inLanguage":"en-US","@id":"https:\/\/www.vyprachticky.cz\/#\/schema\/logo\/image\/","url":"https:\/\/www.vyprachticky.cz\/wp-content\/uploads\/2016\/12\/logo-fb.png","contentUrl":"https:\/\/www.vyprachticky.cz\/wp-content\/uploads\/2016\/12\/logo-fb.png","width":800,"height":420,"caption":"V\u00ddPRACHTICK\u00dd s.r.o."},"image":{"@id":"https:\/\/www.vyprachticky.cz\/#\/schema\/logo\/image\/"}}]}},"_links":{"self":[{"href":"https:\/\/www.vyprachticky.cz\/en\/wp-json\/wp\/v2\/pages\/410","targetHints":{"allow":["GET"]}}],"collection":[{"href":"https:\/\/www.vyprachticky.cz\/en\/wp-json\/wp\/v2\/pages"}],"about":[{"href":"https:\/\/www.vyprachticky.cz\/en\/wp-json\/wp\/v2\/types\/page"}],"author":[{"embeddable":true,"href":"https:\/\/www.vyprachticky.cz\/en\/wp-json\/wp\/v2\/users\/1"}],"replies":[{"embeddable":true,"href":"https:\/\/www.vyprachticky.cz\/en\/wp-json\/wp\/v2\/comments?post=410"}],"version-history":[{"count":5,"href":"https:\/\/www.vyprachticky.cz\/en\/wp-json\/wp\/v2\/pages\/410\/revisions"}],"predecessor-version":[{"id":774,"href":"https:\/\/www.vyprachticky.cz\/en\/wp-json\/wp\/v2\/pages\/410\/revisions\/774"}],"up":[{"embeddable":true,"href":"https:\/\/www.vyprachticky.cz\/en\/wp-json\/wp\/v2\/pages\/412"}],"wp:attachment":[{"href":"https:\/\/www.vyprachticky.cz\/en\/wp-json\/wp\/v2\/media?parent=410"}],"curies":[{"name":"wp","href":"https:\/\/api.w.org\/{rel}","templated":true}]}}