{"id":412,"date":"2017-08-11T12:27:13","date_gmt":"2017-08-11T10:27:13","guid":{"rendered":"https:\/\/www.vyprachticky.cz\/?page_id=412\/"},"modified":"2017-08-11T21:53:01","modified_gmt":"2017-08-11T19:53:01","slug":"locksmith-trade","status":"publish","type":"page","link":"https:\/\/www.vyprachticky.cz\/en\/locksmith-trade\/","title":{"rendered":"Locksmith Trade"},"content":{"rendered":"<ul class=\"rozcestnik-zamecnictvi\">\n<li><a id=\"projekt\" class=\"hvr-hang\" title=\"Project\" href=\"https:\/\/www.vyprachticky.cz\/en\/project\/\">Project<\/a><\/li>\n<li><a id=\"vyroba\" class=\"hvr-hang\" title=\"Production\" href=\"https:\/\/www.vyprachticky.cz\/en\/production\/\">Production<\/a><\/li>\n<li><a id=\"montaz\" class=\"hvr-hang\" title=\"Assembly\" href=\"https:\/\/www.vyprachticky.cz\/en\/locksmith-assembly\/\">Assembly<\/a><\/li>\n<\/ul>\n<p>We are a&nbsp;significant subcontractor of locksmith trade for construction companies. We specialize at light metalworking including staircases, handrails and fire escape ladders. We also carry out various installations of industrial and logistic halls and atypical constructions.<\/p>\n<p>Our most significant partners are BAK a.s., Pr\u016fmstav-FCC a.s. and Metrostav a.s.<\/p>\n","protected":false},"excerpt":{"rendered":"<p>Project Production Assembly We are a&nbsp;significant subcontractor of locksmith trade for construction companies. We specialize at light metalworking including staircases, handrails and fire escape ladders. We also carry out various installations of industrial and logistic halls and atypical constructions. Our most significant partners are BAK a.s., Pr\u016fmstav-FCC a.s. and Metrostav a.s.<\/p>\n","protected":false},"author":1,"featured_media":0,"parent":0,"menu_order":0,"comment_status":"closed","ping_status":"closed","template":"page-templates\/template-full-width.php","meta":{"footnotes":""},"class_list":["post-412","page","type-page","status-publish","hentry"],"yoast_head":"<!-- This site is optimized with the Yoast SEO plugin v27.6 - https:\/\/yoast.com\/product\/yoast-seo-wordpress\/ -->\n<title>Locksmith Trade - V\u00ddPRACHTICK\u00dd s.r.o.<\/title>\n<meta name=\"description\" content=\"Project Production Assembly We are a significant subcontractor of locksmith trade for construction companies. We specialize at light metalworking\" \/>\n<meta name=\"robots\" content=\"index, follow, max-snippet:-1, max-image-preview:large, max-video-preview:-1\" \/>\n<link rel=\"canonical\" href=\"https:\/\/www.vyprachticky.cz\/en\/locksmith-trade\/\" \/>\n<meta property=\"og:locale\" content=\"en_US\" \/>\n<meta property=\"og:type\" content=\"article\" \/>\n<meta property=\"og:title\" content=\"Locksmith Trade - V\u00ddPRACHTICK\u00dd s.r.o.\" \/>\n<meta property=\"og:description\" content=\"Project Production Assembly We are a significant subcontractor of locksmith trade for construction companies. We specialize at light metalworking\" \/>\n<meta property=\"og:url\" content=\"https:\/\/www.vyprachticky.cz\/en\/locksmith-trade\/\" \/>\n<meta property=\"og:site_name\" content=\"V\u00ddPRACHTICK\u00dd s.r.o.\" \/>\n<meta property=\"article:modified_time\" content=\"2017-08-11T19:53:01+00:00\" \/>\n<meta name=\"twitter:card\" content=\"summary_large_image\" \/>\n<script type=\"application\/ld+json\" class=\"yoast-schema-graph\">{\"@context\":\"https:\\\/\\\/schema.org\",\"@graph\":[{\"@type\":\"WebPage\",\"@id\":\"https:\\\/\\\/www.vyprachticky.cz\\\/en\\\/locksmith-trade\\\/\",\"url\":\"https:\\\/\\\/www.vyprachticky.cz\\\/en\\\/locksmith-trade\\\/\",\"name\":\"Locksmith Trade - V\u00ddPRACHTICK\u00dd s.r.o.\",\"isPartOf\":{\"@id\":\"https:\\\/\\\/www.vyprachticky.cz\\\/#website\"},\"datePublished\":\"2017-08-11T10:27:13+00:00\",\"dateModified\":\"2017-08-11T19:53:01+00:00\",\"description\":\"Project Production Assembly We are a significant subcontractor of locksmith trade for construction companies. We specialize at light metalworking\",\"breadcrumb\":{\"@id\":\"https:\\\/\\\/www.vyprachticky.cz\\\/en\\\/locksmith-trade\\\/#breadcrumb\"},\"inLanguage\":\"en-US\",\"potentialAction\":[{\"@type\":\"ReadAction\",\"target\":[\"https:\\\/\\\/www.vyprachticky.cz\\\/en\\\/locksmith-trade\\\/\"]}]},{\"@type\":\"BreadcrumbList\",\"@id\":\"https:\\\/\\\/www.vyprachticky.cz\\\/en\\\/locksmith-trade\\\/#breadcrumb\",\"itemListElement\":[{\"@type\":\"ListItem\",\"position\":1,\"name\":\"\",\"item\":\"https:\\\/\\\/www.vyprachticky.cz\\\/en\\\/\"},{\"@type\":\"ListItem\",\"position\":2,\"name\":\"Locksmith Trade\"}]},{\"@type\":\"WebSite\",\"@id\":\"https:\\\/\\\/www.vyprachticky.cz\\\/#website\",\"url\":\"https:\\\/\\\/www.vyprachticky.cz\\\/\",\"name\":\"V\u00ddPRACHTICK\u00dd s.r.o.\",\"description\":\"Stroj\u00edrensk\u00e1 a z\u00e1me\u010dnick\u00e1 v\u00fdroba\",\"publisher\":{\"@id\":\"https:\\\/\\\/www.vyprachticky.cz\\\/#organization\"},\"potentialAction\":[{\"@type\":\"SearchAction\",\"target\":{\"@type\":\"EntryPoint\",\"urlTemplate\":\"https:\\\/\\\/www.vyprachticky.cz\\\/?s={search_term_string}\"},\"query-input\":{\"@type\":\"PropertyValueSpecification\",\"valueRequired\":true,\"valueName\":\"search_term_string\"}}],\"inLanguage\":\"en-US\"},{\"@type\":\"Organization\",\"@id\":\"https:\\\/\\\/www.vyprachticky.cz\\\/#organization\",\"name\":\"V\u00ddPRACHTICK\u00dd s.r.o.\",\"url\":\"https:\\\/\\\/www.vyprachticky.cz\\\/\",\"logo\":{\"@type\":\"ImageObject\",\"inLanguage\":\"en-US\",\"@id\":\"https:\\\/\\\/www.vyprachticky.cz\\\/#\\\/schema\\\/logo\\\/image\\\/\",\"url\":\"https:\\\/\\\/www.vyprachticky.cz\\\/wp-content\\\/uploads\\\/2016\\\/12\\\/logo-fb.png\",\"contentUrl\":\"https:\\\/\\\/www.vyprachticky.cz\\\/wp-content\\\/uploads\\\/2016\\\/12\\\/logo-fb.png\",\"width\":800,\"height\":420,\"caption\":\"V\u00ddPRACHTICK\u00dd s.r.o.\"},\"image\":{\"@id\":\"https:\\\/\\\/www.vyprachticky.cz\\\/#\\\/schema\\\/logo\\\/image\\\/\"}}]}<\/script>\n<!-- \/ Yoast SEO plugin. -->","yoast_head_json":{"title":"Locksmith Trade - V\u00ddPRACHTICK\u00dd s.r.o.","description":"Project Production Assembly We are a significant subcontractor of locksmith trade for construction companies. We specialize at light metalworking","robots":{"index":"index","follow":"follow","max-snippet":"max-snippet:-1","max-image-preview":"max-image-preview:large","max-video-preview":"max-video-preview:-1"},"canonical":"https:\/\/www.vyprachticky.cz\/en\/locksmith-trade\/","og_locale":"en_US","og_type":"article","og_title":"Locksmith Trade - V\u00ddPRACHTICK\u00dd s.r.o.","og_description":"Project Production Assembly We are a significant subcontractor of locksmith trade for construction companies. We specialize at light metalworking","og_url":"https:\/\/www.vyprachticky.cz\/en\/locksmith-trade\/","og_site_name":"V\u00ddPRACHTICK\u00dd s.r.o.","article_modified_time":"2017-08-11T19:53:01+00:00","twitter_card":"summary_large_image","schema":{"@context":"https:\/\/schema.org","@graph":[{"@type":"WebPage","@id":"https:\/\/www.vyprachticky.cz\/en\/locksmith-trade\/","url":"https:\/\/www.vyprachticky.cz\/en\/locksmith-trade\/","name":"Locksmith Trade - V\u00ddPRACHTICK\u00dd s.r.o.","isPartOf":{"@id":"https:\/\/www.vyprachticky.cz\/#website"},"datePublished":"2017-08-11T10:27:13+00:00","dateModified":"2017-08-11T19:53:01+00:00","description":"Project Production Assembly We are a significant subcontractor of locksmith trade for construction companies. We specialize at light metalworking","breadcrumb":{"@id":"https:\/\/www.vyprachticky.cz\/en\/locksmith-trade\/#breadcrumb"},"inLanguage":"en-US","potentialAction":[{"@type":"ReadAction","target":["https:\/\/www.vyprachticky.cz\/en\/locksmith-trade\/"]}]},{"@type":"BreadcrumbList","@id":"https:\/\/www.vyprachticky.cz\/en\/locksmith-trade\/#breadcrumb","itemListElement":[{"@type":"ListItem","position":1,"name":"","item":"https:\/\/www.vyprachticky.cz\/en\/"},{"@type":"ListItem","position":2,"name":"Locksmith Trade"}]},{"@type":"WebSite","@id":"https:\/\/www.vyprachticky.cz\/#website","url":"https:\/\/www.vyprachticky.cz\/","name":"V\u00ddPRACHTICK\u00dd s.r.o.","description":"Stroj\u00edrensk\u00e1 a z\u00e1me\u010dnick\u00e1 v\u00fdroba","publisher":{"@id":"https:\/\/www.vyprachticky.cz\/#organization"},"potentialAction":[{"@type":"SearchAction","target":{"@type":"EntryPoint","urlTemplate":"https:\/\/www.vyprachticky.cz\/?s={search_term_string}"},"query-input":{"@type":"PropertyValueSpecification","valueRequired":true,"valueName":"search_term_string"}}],"inLanguage":"en-US"},{"@type":"Organization","@id":"https:\/\/www.vyprachticky.cz\/#organization","name":"V\u00ddPRACHTICK\u00dd s.r.o.","url":"https:\/\/www.vyprachticky.cz\/","logo":{"@type":"ImageObject","inLanguage":"en-US","@id":"https:\/\/www.vyprachticky.cz\/#\/schema\/logo\/image\/","url":"https:\/\/www.vyprachticky.cz\/wp-content\/uploads\/2016\/12\/logo-fb.png","contentUrl":"https:\/\/www.vyprachticky.cz\/wp-content\/uploads\/2016\/12\/logo-fb.png","width":800,"height":420,"caption":"V\u00ddPRACHTICK\u00dd s.r.o."},"image":{"@id":"https:\/\/www.vyprachticky.cz\/#\/schema\/logo\/image\/"}}]}},"_links":{"self":[{"href":"https:\/\/www.vyprachticky.cz\/en\/wp-json\/wp\/v2\/pages\/412","targetHints":{"allow":["GET"]}}],"collection":[{"href":"https:\/\/www.vyprachticky.cz\/en\/wp-json\/wp\/v2\/pages"}],"about":[{"href":"https:\/\/www.vyprachticky.cz\/en\/wp-json\/wp\/v2\/types\/page"}],"author":[{"embeddable":true,"href":"https:\/\/www.vyprachticky.cz\/en\/wp-json\/wp\/v2\/users\/1"}],"replies":[{"embeddable":true,"href":"https:\/\/www.vyprachticky.cz\/en\/wp-json\/wp\/v2\/comments?post=412"}],"version-history":[{"count":4,"href":"https:\/\/www.vyprachticky.cz\/en\/wp-json\/wp\/v2\/pages\/412\/revisions"}],"predecessor-version":[{"id":661,"href":"https:\/\/www.vyprachticky.cz\/en\/wp-json\/wp\/v2\/pages\/412\/revisions\/661"}],"wp:attachment":[{"href":"https:\/\/www.vyprachticky.cz\/en\/wp-json\/wp\/v2\/media?parent=412"}],"curies":[{"name":"wp","href":"https:\/\/api.w.org\/{rel}","templated":true}]}}